{"id":13709,"date":"2025-02-26T18:31:15","date_gmt":"2025-02-26T18:31:15","guid":{"rendered":"https:\/\/crawl.es\/producto\/kickboard-speedo-ref-8-0166017218-crawl\/"},"modified":"2025-02-27T10:10:21","modified_gmt":"2025-02-27T10:10:21","slug":"kickboard-speedo-ref-8-0166017218-crawl","status":"publish","type":"product","link":"https:\/\/crawl.es\/ca\/producto\/kickboard-speedo-ref-8-0166017218-crawl\/","title":{"rendered":"Kickboard SPEEDO REF.8-0166017218 | CRAWL"},"content":{"rendered":"<p data-start=\"46\" data-end=\"346\">La <strong data-start=\"49\" data-end=\"75\">Taula Speedo KickBoard<\/strong> est\u00e0 dissenyada per a\u00efllar la part inferior del cos, permetent-te centrar-te en la t\u00e8cnica de cames i millorar la for\u00e7a a les cames. Ideal per a nedadors que volen perfeccionar la seva t\u00e8cnica de batuda i enfortir la part inferior del cos durant els seus entrenaments.<\/p>\n<h3 data-start=\"348\" data-end=\"386\"><strong data-start=\"352\" data-end=\"384\">Caracter\u00edstiques destacades:<\/strong><\/h3>\n<p data-start=\"387\" data-end=\"567\">\u2013 <strong data-start=\"389\" data-end=\"415\">Orificis de subjecci\u00f3:<\/strong> Augmenten l\u2019adher\u00e8ncia i permeten un control m\u00e9s segur.<br data-start=\"471\" data-end=\"474\" \/>\u2013 <strong data-start=\"476\" data-end=\"500\">Disseny contornejat:<\/strong> Pensat per oferir m\u00e9s comoditat durant l\u2019\u00fas.<br data-start=\"545\" data-end=\"548\" \/>\u2013 <strong data-start=\"550\" data-end=\"560\">Color:<\/strong> Groc<\/p>\n<h3 data-start=\"569\" data-end=\"592\"><strong data-start=\"573\" data-end=\"590\">\u00das recomanat:<\/strong><\/h3>\n<p data-start=\"593\" data-end=\"786\">Perfecta per a nedadors de tots els nivells que volen millorar la seva t\u00e8cnica de batuda i enfortir les cames. Ideal per a entrenaments espec\u00edfics de nataci\u00f3 i sessions de pr\u00e0ctica intensiva.<\/p>\n<p data-start=\"788\" data-end=\"951\">No perdis l\u2019oportunitat d\u2019adquirir la <strong data-start=\"826\" data-end=\"852\">Taula Speedo KickBoard<\/strong> a CRAWL. <strong data-start=\"862\" data-end=\"949\">Compra ara i optimitza els teus entrenaments de nataci\u00f3 amb aquesta eina essencial!<\/strong><\/p>\n","protected":false},"excerpt":{"rendered":"<p>La Taula Speedo KickBoard est\u00e0 dissenyada per a\u00efllar la part inferior del cos, permetent centrar-te en la t\u00e8cnica de puntada de peu i millorar la for\u00e7a a les cames. Ideal per nedadors que busquen perfeccionar la seva t\u00e8cnica de puntada de peu i enfortir la part inferior del cos durant els seus entrenaments.<\/p>\n","protected":false},"featured_media":13668,"comment_status":"open","ping_status":"closed","template":"","meta":[],"product_cat":[134,139],"product_tag":[],"brands":[{"id":307,"name":"Speedo","slug":"speedo"}],"_links":{"self":[{"href":"https:\/\/crawl.es\/ca\/wp-json\/wp\/v2\/product\/13709"}],"collection":[{"href":"https:\/\/crawl.es\/ca\/wp-json\/wp\/v2\/product"}],"about":[{"href":"https:\/\/crawl.es\/ca\/wp-json\/wp\/v2\/types\/product"}],"replies":[{"embeddable":true,"href":"https:\/\/crawl.es\/ca\/wp-json\/wp\/v2\/comments?post=13709"}],"wp:featuredmedia":[{"embeddable":true,"href":"https:\/\/crawl.es\/ca\/wp-json\/wp\/v2\/media\/13668"}],"wp:attachment":[{"href":"https:\/\/crawl.es\/ca\/wp-json\/wp\/v2\/media?parent=13709"}],"wp:term":[{"taxonomy":"product_cat","embeddable":true,"href":"https:\/\/crawl.es\/ca\/wp-json\/wp\/v2\/product_cat?post=13709"},{"taxonomy":"product_tag","embeddable":true,"href":"https:\/\/crawl.es\/ca\/wp-json\/wp\/v2\/product_tag?post=13709"}],"curies":[{"name":"wp","href":"https:\/\/api.w.org\/{rel}","templated":true}]}}