{"id":13710,"date":"2025-02-26T18:34:37","date_gmt":"2025-02-26T18:34:37","guid":{"rendered":"https:\/\/crawl.es\/producto\/taula-speedo-kickboard-crawl\/"},"modified":"2025-02-27T10:12:11","modified_gmt":"2025-02-27T10:12:11","slug":"taula-speedo-kickboard-crawl","status":"publish","type":"product","link":"https:\/\/crawl.es\/ca\/producto\/taula-speedo-kickboard-crawl\/","title":{"rendered":"Taula Speedo KickBoard | CRAWL"},"content":{"rendered":"<p>La Taula Speedo KickBoard est\u00e0 dissenyada per a\u00efllar la part inferior del cos, permetent centrar-te en la t\u00e8cnica de puntada de peu i millorar la for\u00e7a a les cames. Ideal per nedadors que busquen perfeccionar la seva t\u00e8cnica de puntada de peu i enfortir la part inferior del cos durant els seus entrenaments.<\/p>\n<p>\u00a0<\/p>\n<p>Caracter\u00edstiques destacables:<\/p>\n<p>\u2013 Orificis de subjecci\u00f3: Augmenten la subjecci\u00f3 i permeten un control m\u00e9s segur.<\/p>\n<p>\u2013 Contornejat: Dissenyat per a m\u00e9s comoditat durant l&#8217;\u00fas.<\/p>\n<p>\u2013 Colors: Negre i blanc.<\/p>\n<p>\u00a0<\/p>\n<p>\u00das recomanat:<\/p>\n<p>Perfecta per nedadors de tots els nivells que volen millorar la seva t\u00e8cnica de puntada de peu i enfortir les cames. Ideal per a entrenaments espec\u00edfics de nataci\u00f3 i sessions de pr\u00e0ctica intensiva. No perdis l&#8217;oportunitat d&#8217;adquirir la Taula Speedo KickBoard a CRAWL. Compra ara i optimitza els teus entrenaments de nataci\u00f3 amb aquesta eina essencial<\/p>\n","protected":false},"excerpt":{"rendered":"<p>La Taula Speedo KickBoard est\u00e0 dissenyada per a\u00efllar la part inferior del cos, permetent centrar-te en la t\u00e8cnica de puntada de peu i millorar la for\u00e7a a les cames. Ideal per nedadors que busquen perfeccionar la seva t\u00e8cnica de puntada de peu i enfortir la part inferior del cos durant els seus entrenaments.<\/p>\n","protected":false},"featured_media":13672,"comment_status":"open","ping_status":"closed","template":"","meta":[],"product_cat":[134,139],"product_tag":[],"brands":[{"id":307,"name":"Speedo","slug":"speedo"}],"_links":{"self":[{"href":"https:\/\/crawl.es\/ca\/wp-json\/wp\/v2\/product\/13710"}],"collection":[{"href":"https:\/\/crawl.es\/ca\/wp-json\/wp\/v2\/product"}],"about":[{"href":"https:\/\/crawl.es\/ca\/wp-json\/wp\/v2\/types\/product"}],"replies":[{"embeddable":true,"href":"https:\/\/crawl.es\/ca\/wp-json\/wp\/v2\/comments?post=13710"}],"wp:featuredmedia":[{"embeddable":true,"href":"https:\/\/crawl.es\/ca\/wp-json\/wp\/v2\/media\/13672"}],"wp:attachment":[{"href":"https:\/\/crawl.es\/ca\/wp-json\/wp\/v2\/media?parent=13710"}],"wp:term":[{"taxonomy":"product_cat","embeddable":true,"href":"https:\/\/crawl.es\/ca\/wp-json\/wp\/v2\/product_cat?post=13710"},{"taxonomy":"product_tag","embeddable":true,"href":"https:\/\/crawl.es\/ca\/wp-json\/wp\/v2\/product_tag?post=13710"}],"curies":[{"name":"wp","href":"https:\/\/api.w.org\/{rel}","templated":true}]}}