{"id":13712,"date":"2025-02-26T18:38:15","date_gmt":"2025-02-26T18:38:15","guid":{"rendered":"https:\/\/crawl.es\/producto\/speedo-finger-paddle-crawl\/"},"modified":"2025-02-27T10:18:57","modified_gmt":"2025-02-27T10:18:57","slug":"speedo-finger-paddle-crawl","status":"publish","type":"product","link":"https:\/\/crawl.es\/ca\/producto\/speedo-finger-paddle-crawl\/","title":{"rendered":"SPEEDO Finger Paddle | CRAWL"},"content":{"rendered":"<p>Treu m\u00e9s partit al teu entrenament amb les pales per a dits Biofuse. Dissenyades per permetre una millor sensaci\u00f3 de l&#8217;aigua i exercir menys pressi\u00f3 sobre les espatlles, les pales per a dits augmenten la resist\u00e8ncia a l&#8217;aigua, cosa que augmenta la intensitat de l&#8217;entrenament de la part superior del cos. S\u00f3n ideals per a les sessions t\u00e8cniques i t&#8217;ajuden a concentrar-te en la posici\u00f3 de les mans a l&#8217;aigua, cosa que millora la posici\u00f3 de subjecci\u00f3 i l&#8217;estirada.<\/p>\n<p>\u00a0<\/p>\n<p>Tecnologia de pales Speedo per a m\u00e0xima comoditat i ajustament.<\/p>\n<p>\u00a0<\/p>\n<p>T\u00e8cnica de bra\u00e7ada: les paletes de dits li permeten concentrar-se en la posici\u00f3 de les mans a l&#8217;aigua, millorant la posici\u00f3 de subjecci\u00f3 i la tracci\u00f3 del bra\u00e7.<\/p>\n<p>\u00a0<\/p>\n<p>For\u00e7a de la part superior del cos: les paletes de dits augmenten la resist\u00e8ncia a l&#8217;aigua, cosa que augmenta la intensitat del seu entrenament i millora la for\u00e7a i la pot\u00e8ncia de la part superior del cos.<\/p>\n","protected":false},"excerpt":{"rendered":"<p>Dissenyades per permetre una millor sensaci\u00f3 de l&#8217;aigua i exercir menys pressi\u00f3 sobre les espatlles, les pales per a dits augmenten la resist\u00e8ncia a l&#8217;aigua, cosa que augmenta la intensitat de l&#8217;entrenament de la part superior del cos. S\u00f3n ideals per a les sessions t\u00e8cniques i t&#8217;ajuden a concentrar-te en la posici\u00f3 de les mans a l&#8217;aigua, cosa que millora la posici\u00f3 de subjecci\u00f3 i l&#8217;estirada.<\/p>\n","protected":false},"featured_media":13675,"comment_status":"open","ping_status":"closed","template":"","meta":[],"product_cat":[134,139],"product_tag":[],"brands":[{"id":307,"name":"Speedo","slug":"speedo"}],"_links":{"self":[{"href":"https:\/\/crawl.es\/ca\/wp-json\/wp\/v2\/product\/13712"}],"collection":[{"href":"https:\/\/crawl.es\/ca\/wp-json\/wp\/v2\/product"}],"about":[{"href":"https:\/\/crawl.es\/ca\/wp-json\/wp\/v2\/types\/product"}],"replies":[{"embeddable":true,"href":"https:\/\/crawl.es\/ca\/wp-json\/wp\/v2\/comments?post=13712"}],"wp:featuredmedia":[{"embeddable":true,"href":"https:\/\/crawl.es\/ca\/wp-json\/wp\/v2\/media\/13675"}],"wp:attachment":[{"href":"https:\/\/crawl.es\/ca\/wp-json\/wp\/v2\/media?parent=13712"}],"wp:term":[{"taxonomy":"product_cat","embeddable":true,"href":"https:\/\/crawl.es\/ca\/wp-json\/wp\/v2\/product_cat?post=13712"},{"taxonomy":"product_tag","embeddable":true,"href":"https:\/\/crawl.es\/ca\/wp-json\/wp\/v2\/product_tag?post=13712"}],"curies":[{"name":"wp","href":"https:\/\/api.w.org\/{rel}","templated":true}]}}