{"id":13713,"date":"2023-01-30T18:03:45","date_gmt":"2023-01-30T18:03:45","guid":{"rendered":"https:\/\/crawl.es\/producto\/banyador-natacio-home-comic-boom-crawl\/"},"modified":"2023-01-30T18:03:45","modified_gmt":"2023-01-30T18:03:45","slug":"banyador-natacio-home-comic-boom-crawl","status":"publish","type":"product","link":"https:\/\/crawl.es\/ca\/producto\/banyador-natacio-home-comic-boom-crawl\/","title":{"rendered":"Banyador Nataci\u00f3 Home Comic Boom | Crawl"},"content":{"rendered":"<p>Aquest banyador Turbo est\u00e0 especialment dissenyat per a la pr\u00e0ctica de la Nataci\u00f3. El patr\u00f3 ajustable fa que s&#8217;adapti perfectament a les corbes del cos. Est\u00e0 confeccionat amb el millor teixit del mercat amb una doble capa de folre davanter parcial. \u00c9s resistent al clor de la piscina i als raigs UV. I per aix\u00f2, la intensitat dels colors es mant\u00e9 amb l&#8217;\u00fas repetit en el temps.<\/p>\n<p>\u00a0<\/p>\n<p>\u00c9s considerat un dels banyadors de piscina m\u00e9s resistents del m\u00f3n.<\/p>\n<p>\u00a0<\/p>\n<p>Caracter\u00edstiques destacables:<\/p>\n<p>&#8211; Costures refor\u00e7ades<\/p>\n<p>&#8211; Cord\u00f3 regulable<\/p>\n<p>&#8211; Folre davanter parcial<\/p>\n<p>&#8211; Llarg lateral: 7 cm (prenent la Talla \u2018M\u2019 com a refer\u00e8ncia)<\/p>\n<p>&#8211; Resistent al clor<\/p>\n<p>&#8211; Colors duradors<\/p>\n<p>&#8211; Composici\u00f3: 55% poli\u00e8ster PBT, 45% poli\u00e8ster<\/p>\n<p>\u00a0<\/p>\n<p>\u00das recomanat:<\/p>\n<p>&#8211; Banyador perfecte per a la pr\u00e0ctica de la Nataci\u00f3 com a banyador d&#8217;entrenament. Gr\u00e0cies a la seva gran adaptabilitat al cos, no arrossega aigua en nedar i ho fa una opci\u00f3 comod\u00edssima per a \u00fas diari.<\/p>\n<p>\u00a0<\/p>\n<p>En tenir un \u00fanic folre davanter, el banyador de piscina per a home no exerceix una pressi\u00f3 excessiva sobre el cos i es pot fer servir durant moltes hores amb una comoditat absoluta.<\/p>\n<p>\u00a0<\/p>\n<p>*Aquest article t\u00e9 un tallatge similar al d&#8217;altres marques i recomanem triar la mateixa talla que se sol fer servir. Tot i aix\u00f2, el tallatge \u00e9s lleugerament superior si es compara amb els banyadors Turbo de la secci\u00f3 de Water Polo, que solen ser m\u00e9s petits del que \u00e9s habitual.<\/p>\n","protected":false},"excerpt":{"rendered":"<p>Banyador de nataci\u00f3 per a home Comic Boom. Estil vibrant i teixit resistent al clor, ideal per a entrenaments intensos i sessions prolongades.<\/p>\n<p>Ref: 7304151<\/p>\n","protected":false},"featured_media":5990,"comment_status":"open","ping_status":"closed","template":"","meta":[],"product_cat":[148,147,151,152,154],"product_tag":[],"brands":[{"id":22,"name":"Turbo","slug":"turbo"}],"_links":{"self":[{"href":"https:\/\/crawl.es\/ca\/wp-json\/wp\/v2\/product\/13713"}],"collection":[{"href":"https:\/\/crawl.es\/ca\/wp-json\/wp\/v2\/product"}],"about":[{"href":"https:\/\/crawl.es\/ca\/wp-json\/wp\/v2\/types\/product"}],"replies":[{"embeddable":true,"href":"https:\/\/crawl.es\/ca\/wp-json\/wp\/v2\/comments?post=13713"}],"wp:featuredmedia":[{"embeddable":true,"href":"https:\/\/crawl.es\/ca\/wp-json\/wp\/v2\/media\/5990"}],"wp:attachment":[{"href":"https:\/\/crawl.es\/ca\/wp-json\/wp\/v2\/media?parent=13713"}],"wp:term":[{"taxonomy":"product_cat","embeddable":true,"href":"https:\/\/crawl.es\/ca\/wp-json\/wp\/v2\/product_cat?post=13713"},{"taxonomy":"product_tag","embeddable":true,"href":"https:\/\/crawl.es\/ca\/wp-json\/wp\/v2\/product_tag?post=13713"}],"curies":[{"name":"wp","href":"https:\/\/api.w.org\/{rel}","templated":true}]}}