{"id":13717,"date":"2025-05-17T17:56:51","date_gmt":"2023-01-30T17:56:51","guid":{"rendered":"https:\/\/crawl.es\/producto\/tovallola-microfibra-turbo-trencadis-145-x-100-crawl\/"},"modified":"2023-01-30T17:56:51","modified_gmt":"2023-01-30T17:56:51","slug":"tovallola-microfibra-turbo-trencadis-145-x-100-crawl","status":"publish","type":"product","link":"https:\/\/crawl.es\/ca\/producto\/tovallola-microfibra-turbo-trencadis-145-x-100-crawl\/","title":{"rendered":"Tovallola Microfibra Turbo Trencadis (145 x 100) | CRAWL"},"content":{"rendered":"<p>La tovallola Microfibra Turbo (145 x 100) Trencadis est\u00e0 dissenyada per oferir la millor qualitat al mercat. El teixit de microfibra i el cot\u00f3 utilitzat s\u00f3n de primera qualitat, permetent un assecat r\u00e0pid i una perfecta resist\u00e8ncia al clor. A m\u00e9s, s\u00f3n molt lleugeres i ocupen poc espai, facilitant-ne l&#8217;emmagatzematge en qualsevol bossa o motxilla.<\/p>\n<p>\u00a0<\/p>\n<p>Caracter\u00edstiques destacables:<\/p>\n<p>&#8211; Material: Microfibra i cot\u00f3 d\u00b4alta qualitat.<\/p>\n<p>&#8211; Assecat r\u00e0pid: Ideal per a \u00fas freq\u00fcent.<\/p>\n<p>&#8211; Resist\u00e8ncia al clor: Perfecta per a piscines i ambients aqu\u00e0tics.<\/p>\n<p>&#8211; Lleugeresa: F\u00e0cil de transportar i emmagatzemar.<\/p>\n<p>&#8211; \u00das per esportistes d&#8217;elit: utilitzades per nedadors de la selecci\u00f3 espanyola, els Estats Units, Austr\u00e0lia, entre d&#8217;altres.<\/p>\n<p>\u00a0<\/p>\n<p>\u00das recomanat:<\/p>\n<p>Perfecta per a nedadors i esportistes que busquen una tovallola d&#8217;alta qualitat amb assecat r\u00e0pid i resist\u00e8ncia al clor. Ideal per a la piscina, la platja o el gimn\u00e0s.<\/p>\n<p>\u00a0<\/p>\n<p>No perdeu l&#8217;oportunitat d&#8217;adquirir la Tovallola Microfibra Turbo (145 x 100) Trencadis de CRAWL. Compra ara i gaudeix de la millor qualitat a les teves activitats aqu\u00e0tiques!<\/p>\n","protected":false},"excerpt":{"rendered":"<p>Compra la Tovallola Microfibra Turbo (145 x 100) Trencadis a CRAWL. Alta qualitat, assecat r\u00e0pid i resistent al clor. Ideal per a nedadors i esportistes d&#8217;elit.<\/p>\n","protected":false},"featured_media":14892,"comment_status":"open","ping_status":"closed","template":"","meta":[],"product_cat":[134,145],"product_tag":[],"brands":[{"id":22,"name":"Turbo","slug":"turbo"}],"_links":{"self":[{"href":"https:\/\/crawl.es\/ca\/wp-json\/wp\/v2\/product\/13717"}],"collection":[{"href":"https:\/\/crawl.es\/ca\/wp-json\/wp\/v2\/product"}],"about":[{"href":"https:\/\/crawl.es\/ca\/wp-json\/wp\/v2\/types\/product"}],"replies":[{"embeddable":true,"href":"https:\/\/crawl.es\/ca\/wp-json\/wp\/v2\/comments?post=13717"}],"wp:featuredmedia":[{"embeddable":true,"href":"https:\/\/crawl.es\/ca\/wp-json\/wp\/v2\/media\/14892"}],"wp:attachment":[{"href":"https:\/\/crawl.es\/ca\/wp-json\/wp\/v2\/media?parent=13717"}],"wp:term":[{"taxonomy":"product_cat","embeddable":true,"href":"https:\/\/crawl.es\/ca\/wp-json\/wp\/v2\/product_cat?post=13717"},{"taxonomy":"product_tag","embeddable":true,"href":"https:\/\/crawl.es\/ca\/wp-json\/wp\/v2\/product_tag?post=13717"}],"curies":[{"name":"wp","href":"https:\/\/api.w.org\/{rel}","templated":true}]}}