{"id":13730,"date":"2023-01-04T18:30:44","date_gmt":"2023-01-04T18:30:44","guid":{"rendered":"https:\/\/crawl.es\/producto\/banyador-natacio-dona-revolution-technic-fluor-crawl\/"},"modified":"2023-01-04T18:30:44","modified_gmt":"2023-01-04T18:30:44","slug":"banyador-natacio-dona-revolution-technic-fluor-crawl","status":"publish","type":"product","link":"https:\/\/crawl.es\/ca\/producto\/banyador-natacio-dona-revolution-technic-fluor-crawl\/","title":{"rendered":"Banyador Nataci\u00f3 Dona Revolution Technic Fluor | Crawl"},"content":{"rendered":"<p>Aquest banyador Turbo est\u00e0 especialment dissenyat per a la pr\u00e0ctica de la Nataci\u00f3. Els tirants estrets aporten una total llibertat de moviment i flexibilitat, adaptant-se perfectament al cos de la dona. En cobrir menys l&#8217;espatlla que l&#8217;amplada tirant, evita marques per contrast de tonalitats de pell a causa de l&#8217;exposici\u00f3 solar. Est\u00e0 confeccionat amb el millor teixit del mercat amb un doble folre davanter. \u00c9s resistent al clor de la piscina i als raigs UV. I per aix\u00f2, la intensitat dels colors es mant\u00e9 amb l&#8217;\u00fas repetit en el temps.<\/p>\n","protected":false},"excerpt":{"rendered":"<p>El banyador Nataci\u00f3 Dona Revolution Technic Fluor (ref. 83148030) de Crawl ofereix un disseny fluorescent cridaner i alta resist\u00e8ncia al clor. Ideal per a entrenaments intensius, garanteix llibertat de moviment i durabilitat per a nedadores exigents.<\/p>\n","protected":false},"featured_media":5917,"comment_status":"open","ping_status":"closed","template":"","meta":[],"product_cat":[228,227,231,232,234],"product_tag":[],"brands":[{"id":22,"name":"Turbo","slug":"turbo"}],"_links":{"self":[{"href":"https:\/\/crawl.es\/ca\/wp-json\/wp\/v2\/product\/13730"}],"collection":[{"href":"https:\/\/crawl.es\/ca\/wp-json\/wp\/v2\/product"}],"about":[{"href":"https:\/\/crawl.es\/ca\/wp-json\/wp\/v2\/types\/product"}],"replies":[{"embeddable":true,"href":"https:\/\/crawl.es\/ca\/wp-json\/wp\/v2\/comments?post=13730"}],"wp:featuredmedia":[{"embeddable":true,"href":"https:\/\/crawl.es\/ca\/wp-json\/wp\/v2\/media\/5917"}],"wp:attachment":[{"href":"https:\/\/crawl.es\/ca\/wp-json\/wp\/v2\/media?parent=13730"}],"wp:term":[{"taxonomy":"product_cat","embeddable":true,"href":"https:\/\/crawl.es\/ca\/wp-json\/wp\/v2\/product_cat?post=13730"},{"taxonomy":"product_tag","embeddable":true,"href":"https:\/\/crawl.es\/ca\/wp-json\/wp\/v2\/product_tag?post=13730"}],"curies":[{"name":"wp","href":"https:\/\/api.w.org\/{rel}","templated":true}]}}