{"id":13733,"date":"2022-12-22T18:27:49","date_gmt":"2022-12-22T18:27:49","guid":{"rendered":"https:\/\/crawl.es\/producto\/speedo-taula-de-natacio-pullbuoy-foam-crawl\/"},"modified":"2022-12-22T18:27:49","modified_gmt":"2022-12-22T18:27:49","slug":"speedo-taula-de-natacio-pullbuoy-foam-crawl","status":"publish","type":"product","link":"https:\/\/crawl.es\/ca\/producto\/speedo-taula-de-natacio-pullbuoy-foam-crawl\/","title":{"rendered":"Speedo Taula de Nataci\u00f3 Pullbuoy Foam | CRAWL"},"content":{"rendered":"<p>La Speedo Taula de Nataci\u00f3 Pullbuoy Foam est\u00e0 dissenyada per desenvolupar la for\u00e7a de la part superior del cos i millorar la t\u00e8cnica del bra\u00e7. Aquest accessori essencial per a nedadors permet a\u00efllar els m\u00fasculs de la part superior del cos, proporcionant-los un enfocament espec\u00edfic i efectiu.<\/p>\n<p>\u00a0<\/p>\n<p>Caracter\u00edstiques destacables:<\/p>\n<p>&#8211; Desenvolupa la for\u00e7a de la part superior del cos: permet concentrar-se en la t\u00e8cnica del bra\u00e7.<\/p>\n<p>&#8211; Versatilitat: Es pot fer servir amb qualsevol estil de nataci\u00f3.<\/p>\n<p>&#8211; A\u00efllament muscular: Ideal per treballar els m\u00fasculs de la part superior del cos.<\/p>\n<p>&#8211; Material: Foam durador i c\u00f2mode.<\/p>\n<p>\u00a0<\/p>\n<p>\u00das recomanat:<\/p>\n<p>Perfecta per a nedadors que volen millorar la seva t\u00e8cnica i enfortir la part superior del cos. Ideal per a entrenaments espec\u00edfics i desenvolupament d&#8217;habilitats en diferents estils de nataci\u00f3.<\/p>\n<p>\u00a0<\/p>\n<p>No perdis loportunitat d adquirir la Speedo Taula de Nataci\u00f3 Pullbuoy Foam de CRAWL. Compra ara i millora el teu rendiment a l&#8217;aigua!<\/p>\n","protected":false},"excerpt":{"rendered":"<p>Compra la Speedo Taula de Nataci\u00f3 Pullbuoy Foam a CRAWL. Desenvolupa la for\u00e7a de la part superior del cos i millora la t\u00e8cnica del bra\u00e7. \u00das vers\u00e0til per a tots els estils.<\/p>\n","protected":false},"featured_media":5879,"comment_status":"open","ping_status":"closed","template":"","meta":[],"product_cat":[134,139],"product_tag":[],"brands":[{"id":307,"name":"Speedo","slug":"speedo"}],"_links":{"self":[{"href":"https:\/\/crawl.es\/ca\/wp-json\/wp\/v2\/product\/13733"}],"collection":[{"href":"https:\/\/crawl.es\/ca\/wp-json\/wp\/v2\/product"}],"about":[{"href":"https:\/\/crawl.es\/ca\/wp-json\/wp\/v2\/types\/product"}],"replies":[{"embeddable":true,"href":"https:\/\/crawl.es\/ca\/wp-json\/wp\/v2\/comments?post=13733"}],"wp:featuredmedia":[{"embeddable":true,"href":"https:\/\/crawl.es\/ca\/wp-json\/wp\/v2\/media\/5879"}],"wp:attachment":[{"href":"https:\/\/crawl.es\/ca\/wp-json\/wp\/v2\/media?parent=13733"}],"wp:term":[{"taxonomy":"product_cat","embeddable":true,"href":"https:\/\/crawl.es\/ca\/wp-json\/wp\/v2\/product_cat?post=13733"},{"taxonomy":"product_tag","embeddable":true,"href":"https:\/\/crawl.es\/ca\/wp-json\/wp\/v2\/product_tag?post=13733"}],"curies":[{"name":"wp","href":"https:\/\/api.w.org\/{rel}","templated":true}]}}