{"id":13734,"date":"2022-12-22T18:25:09","date_gmt":"2022-12-22T18:25:09","guid":{"rendered":"https:\/\/crawl.es\/producto\/speedo-pull-kick-crawl\/"},"modified":"2022-12-22T18:25:09","modified_gmt":"2022-12-22T18:25:09","slug":"speedo-pull-kick-crawl","status":"publish","type":"product","link":"https:\/\/crawl.es\/ca\/producto\/speedo-pull-kick-crawl\/","title":{"rendered":"Speedo Pull Kick | CRAWL"},"content":{"rendered":"<p>El Speedo Pull Kick \u00e9s un h\u00edbrid de kickboard i pullbuoy que estalvia espai. Amb aquest 2 a 1 Pullkick, pots portar una ajuda d&#8217;entrenament a la piscina en lloc de dos, maximitzant el teu temps d&#8217;entrenament. Dissenyat per a una flotabilitat \u00f2ptima, el pullkick es pot fer servir per a\u00efllar la part superior o inferior del cos, permetent enfortir els bra\u00e7os o les cames i millorar la teva t\u00e8cnica, segons l&#8217;enfocament del teu entrenament. C\u00f2mode dutilitzar, es pot utilitzar per ajudar a millorar i mantenir una millor posici\u00f3 del cos durant lentrenament.<\/p>\n<p>\u00a0<\/p>\n<p>Caracter\u00edstiques destacables:<\/p>\n<p>&#8211; Dissenyat per a una flotabilitat \u00f2ptima.<\/p>\n<p>&#8211; Disseny que estalvia espai: Funciona com a pullbuoy i kickboard.<\/p>\n<p>&#8211; Dissenyat per a la comoditat.<\/p>\n<p>\u00a0<\/p>\n<p>Material:<\/p>\n<p>&#8211; Tauler d&#8217;Eva.<\/p>\n<p>\u00a0<\/p>\n<p>\u00das recomanat:<\/p>\n<p>Perfecte per a nedadors que volen millorar la seva t\u00e8cnica i enfortir tant la part superior com a inferior del cos. Ideal per a entrenaments espec\u00edfics i desenvolupament d&#8217;habilitats en diferents estils de nataci\u00f3.<\/p>\n<p>\u00a0<\/p>\n<p>No perdis l&#8217;oportunitat d&#8217;adquirir l&#8217;Speedo Pull Kick de CRAWL. Compra ara i porta el teu entrenament al seg\u00fcent nivell amb aquesta eina vers\u00e0til!<\/p>\n","protected":false},"excerpt":{"rendered":"<p>Compra el Speedo Pull Kick a CRAWL. H\u00edbrid de kickboard i pullbuoy que estalvia espai. Enforteix bra\u00e7os i cames, millora la teva t\u00e8cnica i la posici\u00f3 del cos.<\/p>\n","protected":false},"featured_media":8074,"comment_status":"open","ping_status":"closed","template":"","meta":[],"product_cat":[134,139],"product_tag":[],"brands":[{"id":307,"name":"Speedo","slug":"speedo"}],"_links":{"self":[{"href":"https:\/\/crawl.es\/ca\/wp-json\/wp\/v2\/product\/13734"}],"collection":[{"href":"https:\/\/crawl.es\/ca\/wp-json\/wp\/v2\/product"}],"about":[{"href":"https:\/\/crawl.es\/ca\/wp-json\/wp\/v2\/types\/product"}],"replies":[{"embeddable":true,"href":"https:\/\/crawl.es\/ca\/wp-json\/wp\/v2\/comments?post=13734"}],"wp:featuredmedia":[{"embeddable":true,"href":"https:\/\/crawl.es\/ca\/wp-json\/wp\/v2\/media\/8074"}],"wp:attachment":[{"href":"https:\/\/crawl.es\/ca\/wp-json\/wp\/v2\/media?parent=13734"}],"wp:term":[{"taxonomy":"product_cat","embeddable":true,"href":"https:\/\/crawl.es\/ca\/wp-json\/wp\/v2\/product_cat?post=13734"},{"taxonomy":"product_tag","embeddable":true,"href":"https:\/\/crawl.es\/ca\/wp-json\/wp\/v2\/product_tag?post=13734"}],"curies":[{"name":"wp","href":"https:\/\/api.w.org\/{rel}","templated":true}]}}