{"id":13752,"date":"2025-12-22T18:14:44","date_gmt":"2022-12-22T18:14:44","guid":{"rendered":"https:\/\/crawl.es\/producto\/advanced-snorkel-turbo-crawl\/"},"modified":"2025-02-27T10:16:11","modified_gmt":"2025-02-27T10:16:11","slug":"advanced-snorkel-turbo-crawl","status":"publish","type":"product","link":"https:\/\/crawl.es\/ca\/producto\/advanced-snorkel-turbo-crawl\/","title":{"rendered":"Advanced Snorkel Turbo | CRAWL"},"content":{"rendered":"<p>L&#8217;Advanced Snorkel Turbo Ref: 60017 \u00e9s un material d&#8217;entrenament essencial per a la nataci\u00f3, dissenyat tant per a nedadors ocasionals com per a competidors a nivell professional. Amb aquest snorkel, podr\u00e0s millorar els teus resultats, t\u00e8cnica, resist\u00e8ncia i pot\u00e8ncia a l&#8217;aigua, afegint dinamisme i qualitat als teus exercicis a la piscina.<\/p>\n<p>\u00a0<\/p>\n<p>Caracter\u00edstiques destacables:<\/p>\n<p>&#8211; Resist\u00e8ncia total al clor.<\/p>\n<p>&#8211; Material resistent i el\u00e0stic.<\/p>\n<p>&#8211; Resist\u00e8ncia a laigua salada.<\/p>\n<p>&#8211; Colors duradors.<\/p>\n<p>&#8211; Testat per professionals.<\/p>\n<p>\u00a0<\/p>\n<p>L&#8217;objectiu d&#8217;usar aquest snorkel \u00e9s millorar el to muscular amb exercicis espec\u00edfics i optimitzar la t\u00e8cnica de nataci\u00f3, aconseguint una posici\u00f3 corporal id\u00f2nia.<\/p>\n<p>\u00a0<\/p>\n<p>\u00das recomanat:<\/p>\n<p>Perfecte per entrenar a la piscina i en aig\u00fces obertes, augmentant la intensitat dels entrenaments i treballant zones musculars que no se solen exercitar de forma habitual. Ideal per millorar la t\u00e8cnica i la resist\u00e8ncia en nataci\u00f3.<\/p>\n<p>\u00a0<\/p>\n<p>No perdis l&#8217;oportunitat d&#8217;adquirir l&#8217;Advanced Snorkel Turbo Ref: 60017 de CRAWL. Compra ara i porta els teus entrenaments al nivell seg\u00fcent!<\/p>\n","protected":false},"excerpt":{"rendered":"<p>Compra l&#8217;Advanced Snorkel Turbo a CRAWL. Millora els resultats i la t\u00e8cnica en nataci\u00f3 amb aquest material resistent al clor ia l&#8217;aigua salada.<\/p>\n<p>Ref: 60017.<\/p>\n","protected":false},"featured_media":5867,"comment_status":"open","ping_status":"closed","template":"","meta":[],"product_cat":[134,139],"product_tag":[],"brands":[{"id":22,"name":"Turbo","slug":"turbo"}],"_links":{"self":[{"href":"https:\/\/crawl.es\/ca\/wp-json\/wp\/v2\/product\/13752"}],"collection":[{"href":"https:\/\/crawl.es\/ca\/wp-json\/wp\/v2\/product"}],"about":[{"href":"https:\/\/crawl.es\/ca\/wp-json\/wp\/v2\/types\/product"}],"replies":[{"embeddable":true,"href":"https:\/\/crawl.es\/ca\/wp-json\/wp\/v2\/comments?post=13752"}],"wp:featuredmedia":[{"embeddable":true,"href":"https:\/\/crawl.es\/ca\/wp-json\/wp\/v2\/media\/5867"}],"wp:attachment":[{"href":"https:\/\/crawl.es\/ca\/wp-json\/wp\/v2\/media?parent=13752"}],"wp:term":[{"taxonomy":"product_cat","embeddable":true,"href":"https:\/\/crawl.es\/ca\/wp-json\/wp\/v2\/product_cat?post=13752"},{"taxonomy":"product_tag","embeddable":true,"href":"https:\/\/crawl.es\/ca\/wp-json\/wp\/v2\/product_tag?post=13752"}],"curies":[{"name":"wp","href":"https:\/\/api.w.org\/{rel}","templated":true}]}}