{"id":13754,"date":"2022-12-22T18:09:56","date_gmt":"2022-12-22T18:09:56","guid":{"rendered":"https:\/\/crawl.es\/producto\/manopla-profesional-turbo-crawl\/"},"modified":"2022-12-22T18:09:56","modified_gmt":"2022-12-22T18:09:56","slug":"manopla-profesional-turbo-crawl","status":"publish","type":"product","link":"https:\/\/crawl.es\/ca\/producto\/manopla-profesional-turbo-crawl\/","title":{"rendered":"Manopla Profesional Turbo | CRAWL"},"content":{"rendered":"<p>La Manopla Professional Turbo Ref: 97310 \u00e9s un material d&#8217;entrenament essencial per a nedadors, disponible en tres talles (S, M, L). Dissenyada tant per a aquells que entrenen ocasionalment com per a competidors professionals, aquesta manyopla et permetr\u00e0 millorar els teus resultats, t\u00e8cnica, resist\u00e8ncia i pot\u00e8ncia a l&#8217;aigua. Afegeix dinamisme i qualitat als teus exercicis a la piscina amb aquest accessori d\u00b4entrenament.<\/p>\n<p>\u00a0<\/p>\n<p>Caracter\u00edstiques destacables:<\/p>\n<p>&#8211; Resist\u00e8ncia total al clor.<\/p>\n<p>&#8211; Material resistent i el\u00e0stic.<\/p>\n<p>&#8211; Resist\u00e8ncia a laigua salada.<\/p>\n<p>&#8211; Colors duradors.<\/p>\n<p>&#8211; Testat per professionals.<\/p>\n<p>\u00a0<\/p>\n<p>L&#8217;\u00fas d&#8217;aquestes manyoplas permet augmentar la intensitat dels entrenaments i treballar zones musculars que no se solen exercitar de manera habitual. L&#8217;objectiu \u00e9s millorar el to muscular amb exercicis espec\u00edfics i optimitzar la t\u00e8cnica de nataci\u00f3, aconseguint una posici\u00f3 corporal id\u00f2nia.<\/p>\n<p>\u00a0<\/p>\n<p>\u00das recomanat:<\/p>\n<p>Perfecte per entrenar a la piscina i en aig\u00fces obertes, incrementant l&#8217;efic\u00e0cia i el rendiment dels teus entrenaments. Ideal per a nedadors que busquen millorar la seva t\u00e8cnica de bra\u00e7ada i enfortir els m\u00fasculs dels bra\u00e7os.<\/p>\n<p>\u00a0<\/p>\n<p>No perdis l&#8217;oportunitat d&#8217;adquirir la Manopla Professional Turbo Ref: 97310 de CRAWL. Compra ara i porta els teus entrenaments al nivell seg\u00fcent!<\/p>\n","protected":false},"excerpt":{"rendered":"<p>Compra la Manopla Professional Turbo a CRAWL. Millora els resultats i la t\u00e8cnica en nataci\u00f3 amb aquest material resistent al clor ia l&#8217;aigua salada.<\/p>\n<p>Tres talles: S, M, L<\/p>\n<p>Ref: 97310.<\/p>\n","protected":false},"featured_media":5858,"comment_status":"open","ping_status":"closed","template":"","meta":[],"product_cat":[134,139],"product_tag":[],"brands":[{"id":22,"name":"Turbo","slug":"turbo"}],"_links":{"self":[{"href":"https:\/\/crawl.es\/ca\/wp-json\/wp\/v2\/product\/13754"}],"collection":[{"href":"https:\/\/crawl.es\/ca\/wp-json\/wp\/v2\/product"}],"about":[{"href":"https:\/\/crawl.es\/ca\/wp-json\/wp\/v2\/types\/product"}],"replies":[{"embeddable":true,"href":"https:\/\/crawl.es\/ca\/wp-json\/wp\/v2\/comments?post=13754"}],"wp:featuredmedia":[{"embeddable":true,"href":"https:\/\/crawl.es\/ca\/wp-json\/wp\/v2\/media\/5858"}],"wp:attachment":[{"href":"https:\/\/crawl.es\/ca\/wp-json\/wp\/v2\/media?parent=13754"}],"wp:term":[{"taxonomy":"product_cat","embeddable":true,"href":"https:\/\/crawl.es\/ca\/wp-json\/wp\/v2\/product_cat?post=13754"},{"taxonomy":"product_tag","embeddable":true,"href":"https:\/\/crawl.es\/ca\/wp-json\/wp\/v2\/product_tag?post=13754"}],"curies":[{"name":"wp","href":"https:\/\/api.w.org\/{rel}","templated":true}]}}