{"id":13769,"date":"2022-12-22T17:32:36","date_gmt":"2022-12-22T17:32:36","guid":{"rendered":"https:\/\/crawl.es\/producto\/banador-turbo-waterpolo-color-africa-gatear\/"},"modified":"2022-12-22T17:32:36","modified_gmt":"2022-12-22T17:32:36","slug":"banador-turbo-waterpolo-color-africa-gatear","status":"publish","type":"product","link":"https:\/\/crawl.es\/ca\/producto\/banador-turbo-waterpolo-color-africa-gatear\/","title":{"rendered":"Ba\u00f1ador Turbo Waterpolo Color \u00c1frica | Gatear"},"content":{"rendered":"<p>Ba\u00f1ador de Waterpolo Turbo para Hombre<\/p>\n<p>El ba\u00f1ador de waterpolo Turbo para hombre est\u00e1 especialmente dise\u00f1ado para la pr\u00e1ctica profesional o amateur del waterpolo.<\/p>\n<p>Se trata de ba\u00f1adores pensados \u200b\u200bpara ser utilizados durante los entrenamientos o partidos de waterpolo. Tras m\u00e1s de 50 a\u00f1os de experiencia, se ha dise\u00f1ado un patronaje extremadamente c\u00f3modo, que se adapta perfectamente al cuerpo, aportando as\u00ed comodidad y sensaci\u00f3n de ligereza.<\/p>\n<p>De esta forma, los ba\u00f1adores de waterpolo facilitan la movilidad en el agua, evitando el arrastre del agua y permitiendo un movimiento m\u00e1s r\u00e1pido a la hora de nadar.<\/p>\n<p>Pero sin duda, los ba\u00f1adores Turbo son de la mejor calidad, utilizando siempre los materiales de mayor calidad del mercado.<\/p>\n<p>Esto es lo que los hace considerados los mejores ba\u00f1adores del mundo.<\/p>\n<p>\u00a0<\/p>\n<p>\u00a0<\/p>\n<p>Caracter\u00edsticas de un ba\u00f1ador de waterpolo Turbo para hombre<\/p>\n<p>Un ba\u00f1ador de hombre apto para la pr\u00e1ctica profesional del waterpolo necesita ser de primera calidad y siempre con tejido anticloro. La calidad de los materiales, la adherencia del ba\u00f1ador al cuerpo y su ergonom\u00eda son aspectos fundamentales.<\/p>\n<p>Por eso los ba\u00f1adores de waterpolo para hombre de Turbo no solo est\u00e1n confeccionados con los mejores materiales, sino que tambi\u00e9n cuentan con costuras reforzadas y doble capa de tejido para favorecer la durabilidad en el tiempo. Adem\u00e1s, por supuesto, son ba\u00f1adores dise\u00f1ados para ser resistentes al cloro y a los rayos UV.<\/p>\n<p>De esta forma, los colores mantienen su vitalidad durante mucho tiempo sin sufrir desgaste.<\/p>\n<p>\u00a0<\/p>\n<p>Uso recomendado de un ba\u00f1ador para waterpolo.<\/p>\n<p>Desde Turbo, recomendamos utilizar el slip para la pr\u00e1ctica de waterpolo o para entrenar la nataci\u00f3n. Al estar perfectamente ajustado al cuerpo, dificulta que el jugador de waterpolo pueda ser agarrado por sus rivales, algo de vital importancia. Adem\u00e1s de esto, nuestros ba\u00f1adores no arrastran agua durante el movimiento, mejorando la movilidad del hombre que los utilizan. Es por esto que se pueden utilizar sin ning\u00fan problema para la nataci\u00f3n o deportes acu\u00e1ticos similares.<\/p>\n<p>Adem\u00e1s, todos los ba\u00f1adores de waterpolo cuentan con forro completo delantero y trasero y cord\u00f3n ajustable para una mejor adaptabilidad.<\/p>\n","protected":false},"excerpt":{"rendered":"<p>El ba\u00f1ador Turbo Waterpolo Color \u00c1frica (REF. 731195) ofrece un ajuste perfecto y gran durabilidad. Dise\u00f1ado para nadadores de waterpolo, garantiza y comodidad en cada movimiento. Ideal para entrenamientos y competiciones. \u00a1Siente la diferencia con este ba\u00f1ador de alto rendimiento!<\/p>\n","protected":false},"featured_media":5818,"comment_status":"open","ping_status":"closed","template":"","meta":[],"product_cat":[147,155],"product_tag":[],"brands":[{"id":22,"name":"Turbo","slug":"turbo"}],"_links":{"self":[{"href":"https:\/\/crawl.es\/ca\/wp-json\/wp\/v2\/product\/13769"}],"collection":[{"href":"https:\/\/crawl.es\/ca\/wp-json\/wp\/v2\/product"}],"about":[{"href":"https:\/\/crawl.es\/ca\/wp-json\/wp\/v2\/types\/product"}],"replies":[{"embeddable":true,"href":"https:\/\/crawl.es\/ca\/wp-json\/wp\/v2\/comments?post=13769"}],"wp:featuredmedia":[{"embeddable":true,"href":"https:\/\/crawl.es\/ca\/wp-json\/wp\/v2\/media\/5818"}],"wp:attachment":[{"href":"https:\/\/crawl.es\/ca\/wp-json\/wp\/v2\/media?parent=13769"}],"wp:term":[{"taxonomy":"product_cat","embeddable":true,"href":"https:\/\/crawl.es\/ca\/wp-json\/wp\/v2\/product_cat?post=13769"},{"taxonomy":"product_tag","embeddable":true,"href":"https:\/\/crawl.es\/ca\/wp-json\/wp\/v2\/product_tag?post=13769"}],"curies":[{"name":"wp","href":"https:\/\/api.w.org\/{rel}","templated":true}]}}