{"id":13774,"date":"2022-12-22T17:28:34","date_gmt":"2022-12-22T17:28:34","guid":{"rendered":"https:\/\/crawl.es\/producto\/banyador-waterpolo-turbo-boreal-crawl\/"},"modified":"2022-12-22T17:28:34","modified_gmt":"2022-12-22T17:28:34","slug":"banyador-waterpolo-turbo-boreal-crawl","status":"publish","type":"product","link":"https:\/\/crawl.es\/ca\/producto\/banyador-waterpolo-turbo-boreal-crawl\/","title":{"rendered":"Banyador Waterpolo Turbo Boreal | Crawl"},"content":{"rendered":"<p>Banyador de Waterpolo Turbo Home<\/p>\n<p>El banyador de waterpolo Turbo per a home est\u00e0 especialment dissenyat per a la pr\u00e0ctica professional o amateur del waterpolo.<\/p>\n<p>Es tracta de banyadors pensats per ser utilitzats durant els entrenaments o partits de waterpolo. Despr\u00e9s de m\u00e9s de 50 anys d&#8217;experi\u00e8ncia, s&#8217;ha dissenyat un patronatge molt c\u00f2mode, que s&#8217;adapta perfectament al cos, aportant aix\u00ed comoditat i sensaci\u00f3 de lleugeresa.<\/p>\n<p>D&#8217;aquesta manera, els vestits de bany de waterpolo faciliten la mobilitat a l&#8217;aigua, evitant l&#8217;arrossegament de l&#8217;aigua i permetent un moviment m\u00e9s r\u00e0pid a l&#8217;hora de nedar.<\/p>\n<p>Per\u00f2 sens dubte, els banyadors Turbo s\u00f3n de la millor qualitat, utilitzant sempre els materials de m\u00e9s qualitat del mercat.<\/p>\n<p>Aix\u00f2 \u00e9s el que els fa considerats els millors vestits de bany del m\u00f3n.<\/p>\n<p>\u00a0<\/p>\n<p>\u00a0<\/p>\n<p>Caracter\u00edstiques d&#8217;un banyador de waterpolo Turbo per a home<\/p>\n<p>Un banyador d&#8217;home apte per a la pr\u00e0ctica professional del waterpolo necessita ser de primera qualitat i sempre amb teixit anticlor. La qualitat dels materials, l&#8217;adher\u00e8ncia del vestit de bany al cos i la seva ergonomia s\u00f3n aspectes fonamentals.<\/p>\n<p>Per aix\u00f2 els banyadors de waterpolo per a home de Turbo no nom\u00e9s estan confeccionats amb els millors materials, sin\u00f3 que tamb\u00e9 tenen costures refor\u00e7ades i doble capa de teixit per afavorir la durabilitat en el temps. A m\u00e9s, per descomptat, s\u00f3n banyadors dissenyats per ser resistents al clor i als raigs UV.<\/p>\n<p>D&#8217;aquesta manera, els colors mantenen la vitalitat durant molt de temps sense patir desgast.<\/p>\n<p>\u00a0<\/p>\n<p>\u00das recomanat d&#8217;un banyador per a waterpolo<\/p>\n<p>Des de Turbo, recomanem utilitzar el slip per a la pr\u00e0ctica de waterpolo o entrenaments de nataci\u00f3. Com que est\u00e0 perfectament ajustat al cos, dificulta que el jugador de waterpolo pugui ser agafat pels seus rivals, una mica de vital import\u00e0ncia. A m\u00e9s d&#8217;aix\u00f2, els nostres vestits de bany no arrosseguen aigua durant el moviment, millorant la mobilitat de l&#8217;home que els utilitza. \u00c9s per aix\u00f2 que es poden utilitzar sense cap problema per a nataci\u00f3 o esports aqu\u00e0tics similars.<\/p>\n<p>A m\u00e9s, tots els banyadors de waterpolo compten amb folre complet davanter i del darrere i cord\u00f3 ajustable per a una millor adaptabilitat.<\/p>\n","protected":false},"excerpt":{"rendered":"<p>El banyador Turbo Waterpolo Boreal (REF. 731234) est\u00e0 dissenyat per oferir un ajustament perfecte i una resist\u00e8ncia excepcional. Ideal per a entrenaments intensius i competicions de waterpolo, proporciona comoditat i durabilitat. Gaudiu d&#8217;un rendiment superior a l&#8217;aigua amb aquest banyador especialitzat.<\/p>\n","protected":false},"featured_media":5814,"comment_status":"open","ping_status":"closed","template":"","meta":[],"product_cat":[147,155],"product_tag":[],"brands":[{"id":22,"name":"Turbo","slug":"turbo"}],"_links":{"self":[{"href":"https:\/\/crawl.es\/ca\/wp-json\/wp\/v2\/product\/13774"}],"collection":[{"href":"https:\/\/crawl.es\/ca\/wp-json\/wp\/v2\/product"}],"about":[{"href":"https:\/\/crawl.es\/ca\/wp-json\/wp\/v2\/types\/product"}],"replies":[{"embeddable":true,"href":"https:\/\/crawl.es\/ca\/wp-json\/wp\/v2\/comments?post=13774"}],"wp:featuredmedia":[{"embeddable":true,"href":"https:\/\/crawl.es\/ca\/wp-json\/wp\/v2\/media\/5814"}],"wp:attachment":[{"href":"https:\/\/crawl.es\/ca\/wp-json\/wp\/v2\/media?parent=13774"}],"wp:term":[{"taxonomy":"product_cat","embeddable":true,"href":"https:\/\/crawl.es\/ca\/wp-json\/wp\/v2\/product_cat?post=13774"},{"taxonomy":"product_tag","embeddable":true,"href":"https:\/\/crawl.es\/ca\/wp-json\/wp\/v2\/product_tag?post=13774"}],"curies":[{"name":"wp","href":"https:\/\/api.w.org\/{rel}","templated":true}]}}