{"id":13780,"date":"2022-12-22T16:56:44","date_gmt":"2022-12-22T16:56:44","guid":{"rendered":"https:\/\/crawl.es\/producto\/banyador-turbo-waterpolo-home-maori-2018-crawl\/"},"modified":"2022-12-22T16:56:44","modified_gmt":"2022-12-22T16:56:44","slug":"banyador-turbo-waterpolo-home-maori-2018-crawl","status":"publish","type":"product","link":"https:\/\/crawl.es\/ca\/producto\/banyador-turbo-waterpolo-home-maori-2018-crawl\/","title":{"rendered":"Banyador Turbo Waterpolo Home Maori 2018 | CRAWL"},"content":{"rendered":"<p>Els Banyadors Waterpolo Home Maori 2018 de Turbo estan especialment dissenyats per a la pr\u00e0ctica del waterpolo, tant a nivell professional com amateur. Aquests vestits de bany s\u00f3n ideals per ser utilitzats durant sessions d&#8217;entrenament o partits de waterpolo. Amb m\u00e9s de 50 anys d&#8217;experi\u00e8ncia, Turbo ha desenvolupat un patr\u00f3 extremadament c\u00f2mode que s&#8217;adapta perfectament al cos, proporcionant comoditat i sensaci\u00f3 de lleugeresa.<\/p>\n<p>\u00a0<\/p>\n<p>Caracter\u00edstiques destacables:<\/p>\n<p>&#8211; Resist\u00e8ncia total al clor.<\/p>\n<p>&#8211; Material resistent i el\u00e0stic.<\/p>\n<p>&#8211; Resist\u00e8ncia a laigua salada.<\/p>\n<p>&#8211; Colors duradors.<\/p>\n<p>&#8211; Testat per professionals.<\/p>\n<p>&#8211; Costures refor\u00e7ades i doble capa de tela per a m\u00e9s durabilitat.<\/p>\n<p>&#8211; Resistent als raigs UV.<\/p>\n<p>\u00a0<\/p>\n<p>Aquests vestits de bany faciliten la mobilitat a l&#8217;aigua, evitant l&#8217;arrossegament d&#8217;aigua i permetent moviments m\u00e9s r\u00e0pids en nedar. Sens dubte, els banyadors Turbo estan fabricats amb els millors materials del mercat, cosa que els converteix en els millors banyadors del m\u00f3n.<\/p>\n<p>\u00a0<\/p>\n<p>\u00das recomanat:<\/p>\n<p>Recomanem fer servir aquests banyadors per a la pr\u00e0ctica o entrenament de waterpolo. En ajustar-se perfectament al cos, \u00e9s m\u00e9s dif\u00edcil que el jugador sigui agafat pels seus rivals, cosa que \u00e9s vital al waterpolo. A m\u00e9s, els nostres vestits de bany no arrosseguen aigua durant el moviment, millorant la mobilitat de l&#8217;usuari. Poden ser utilitzats sense problema per nedar o fer esports aqu\u00e0tics similars.<\/p>\n<p>\u00a0<\/p>\n<p>Tots els banyadors de waterpolo tenen un folre complet a la part davantera i posterior i un cord\u00f3 ajustable per a una millor adaptabilitat.<\/p>\n<p>\u00a0<\/p>\n<p>No perdis l&#8217;oportunitat d&#8217;adquirir el Banyador Waterpolo Home Maori 2018 Ref: 730449 de CRAWL. Compra ara i gaudeix de la millor qualitat i funcionalitat als teus entrenaments i competicions!<\/p>\n","protected":false},"excerpt":{"rendered":"<p>Compra el Banyador Waterpolo Home Maori 2018 a CRAWL. Dissenyat per a la pr\u00e0ctica professional o amateur del waterpolo, resistent al clor i raigs UV.<\/p>\n<p>\u00a0<\/p>\n<p>Ref: 730449.<\/p>\n","protected":false},"featured_media":16589,"comment_status":"open","ping_status":"closed","template":"","meta":[],"product_cat":[147,155],"product_tag":[],"brands":[{"id":22,"name":"Turbo","slug":"turbo"}],"_links":{"self":[{"href":"https:\/\/crawl.es\/ca\/wp-json\/wp\/v2\/product\/13780"}],"collection":[{"href":"https:\/\/crawl.es\/ca\/wp-json\/wp\/v2\/product"}],"about":[{"href":"https:\/\/crawl.es\/ca\/wp-json\/wp\/v2\/types\/product"}],"replies":[{"embeddable":true,"href":"https:\/\/crawl.es\/ca\/wp-json\/wp\/v2\/comments?post=13780"}],"wp:featuredmedia":[{"embeddable":true,"href":"https:\/\/crawl.es\/ca\/wp-json\/wp\/v2\/media\/16589"}],"wp:attachment":[{"href":"https:\/\/crawl.es\/ca\/wp-json\/wp\/v2\/media?parent=13780"}],"wp:term":[{"taxonomy":"product_cat","embeddable":true,"href":"https:\/\/crawl.es\/ca\/wp-json\/wp\/v2\/product_cat?post=13780"},{"taxonomy":"product_tag","embeddable":true,"href":"https:\/\/crawl.es\/ca\/wp-json\/wp\/v2\/product_tag?post=13780"}],"curies":[{"name":"wp","href":"https:\/\/api.w.org\/{rel}","templated":true}]}}