{"id":13851,"date":"2022-12-20T17:18:04","date_gmt":"2022-12-20T17:18:04","guid":{"rendered":"https:\/\/crawl.es\/producto\/banyador-natacio-revolution-flowers-and-tigers-crawl\/"},"modified":"2022-12-20T17:18:04","modified_gmt":"2022-12-20T17:18:04","slug":"banyador-natacio-revolution-flowers-and-tigers-crawl","status":"publish","type":"product","link":"https:\/\/crawl.es\/ca\/producto\/banyador-natacio-revolution-flowers-and-tigers-crawl\/","title":{"rendered":"Banyador Nataci\u00f3 &#8216;Revolution&#8217; Flowers and Tigers | Crawl"},"content":{"rendered":"<p>Este ba\u00f1ador Turbo est\u00e1 especialmente dise\u00f1ado para la pr\u00e1ctica de la Nataci\u00f3n. Los tirantes estrechos aportan una total libertad de movimiento y flexibilidad, adapt\u00e1ndose perfectamente al cuerpo de la mujer. Al cubrir menos el hombro que el tirante ancho, evita marcas por contraste de tonalidades de piel debido a la exposici\u00f3n solar. Est\u00e1 confeccionado con el mejor tejido del mercado con un doble forro delantero. Es resistente al cloro de la piscina y a los rayos UV. Y por ello, la intensidad de sus colores se mantiene con el uso repetido en el tiempo.<\/p>\n<p>Es considerado uno de los ba\u00f1adores m\u00e1s resistentes del mundo.\u00a0<\/p>\n<p>\u00a0 \u00a0 \u00a0 \u00a0 \u00a0 \u00a0 \u00a0 \u00a0 \u00a0 \u00a0 \u00a0 \u00a0 \u00a0 \u00a0 \u00a0 \u00a0 \u00a0 \u00a0<\/p>\n<p>Caracter\u00edsticas destacables:<\/p>\n<p>&#8211; Costuras reforzadas<\/p>\n<p>-Tirantes finos<\/p>\n<p>&#8211; Forro delantero completo<\/p>\n<p>&#8211; Resistente al cloro<\/p>\n<p>&#8211; Colores duraderos<\/p>\n<p>&#8211; Composici\u00f3n: 55% poli\u00e9ster PBT, 45% poli\u00e9ster<\/p>\n<p>\u00a0 \u00a0 \u00a0 \u00a0 \u00a0 \u00a0 \u00a0 \u00a0 \u00a0 \u00a0 \u00a0 \u00a0 \u00a0 \u00a0 \u00a0 \u00a0\u00a0<\/p>\n<p>Uso recomendado:<\/p>\n<p>&#8211; Ba\u00f1ador perfecto para la pr\u00e1ctica de la Nataci\u00f3n como ba\u00f1ador de entrenamiento. Gracias a su gran adaptabilidad al cuerpo, no arrastra agua al nadar y lo hace una opci\u00f3n comod\u00edsima para el uso diario.\u00a0<\/p>\n<p>Muchas nadadoras prefieren el tirante estrecho durante los entrenos al aire libre cuando est\u00e1n expuestas a los rayos solares. De este modo, evitan tener una evidente marca por el moreno en la piel.<\/p>\n<p>\u00a0 \u00a0 \u00a0 \u00a0 \u00a0 \u00a0 \u00a0 \u00a0 \u00a0 \u00a0 \u00a0 \u00a0 \u00a0 \u00a0 \u00a0 \u00a0 \u00a0<\/p>\n<p>*Este art\u00edculo tiene un tallaje m\u00e1s peque\u00f1o de lo habitual, y por ello, recomendamos optar por una talla superior a lo habitual. En caso de compararlo con el ba\u00f1ador Turbo de tira ancha, sugerimos optar por una talla inferior dado que tallan un poco m\u00e1s grandes.\u00a0\u00a0<\/p>\n","protected":false},"excerpt":{"rendered":"<p>El banyador Nataci\u00f3 &#8216;Revolution&#8217; Flowers and Tigers (ref. 83138630) de Crawl combina estil i rendiment. Amb un disseny vibrant i teixit resistent al clor i UV, \u00e9s perfecte per a nedadores que busquen comoditat i durabilitat durant els seus entrenaments intensius a la piscina.<\/p>\n","protected":false},"featured_media":5685,"comment_status":"open","ping_status":"closed","template":"","meta":[],"product_cat":[228,227,231,232,234],"product_tag":[],"brands":[{"id":22,"name":"Turbo","slug":"turbo"}],"_links":{"self":[{"href":"https:\/\/crawl.es\/ca\/wp-json\/wp\/v2\/product\/13851"}],"collection":[{"href":"https:\/\/crawl.es\/ca\/wp-json\/wp\/v2\/product"}],"about":[{"href":"https:\/\/crawl.es\/ca\/wp-json\/wp\/v2\/types\/product"}],"replies":[{"embeddable":true,"href":"https:\/\/crawl.es\/ca\/wp-json\/wp\/v2\/comments?post=13851"}],"wp:featuredmedia":[{"embeddable":true,"href":"https:\/\/crawl.es\/ca\/wp-json\/wp\/v2\/media\/5685"}],"wp:attachment":[{"href":"https:\/\/crawl.es\/ca\/wp-json\/wp\/v2\/media?parent=13851"}],"wp:term":[{"taxonomy":"product_cat","embeddable":true,"href":"https:\/\/crawl.es\/ca\/wp-json\/wp\/v2\/product_cat?post=13851"},{"taxonomy":"product_tag","embeddable":true,"href":"https:\/\/crawl.es\/ca\/wp-json\/wp\/v2\/product_tag?post=13851"}],"curies":[{"name":"wp","href":"https:\/\/api.w.org\/{rel}","templated":true}]}}