{"id":13854,"date":"2022-10-27T15:30:09","date_gmt":"2022-10-27T15:30:09","guid":{"rendered":"https:\/\/crawl.es\/producto\/banyador-natacio-revolution-new-zealand-2023-crawl\/"},"modified":"2022-10-27T15:30:09","modified_gmt":"2022-10-27T15:30:09","slug":"banyador-natacio-revolution-new-zealand-2023-crawl","status":"publish","type":"product","link":"https:\/\/crawl.es\/ca\/producto\/banyador-natacio-revolution-new-zealand-2023-crawl\/","title":{"rendered":"Banyador Nataci\u00f3 &#8216;Revolution&#8217; New Zealand 2023 | Crawl"},"content":{"rendered":"<p>Aquest banyador Turbo est\u00e0 especialment dissenyat per a la pr\u00e0ctica de la Nataci\u00f3. Els tirants estrets aporten una total llibertat de moviment i flexibilitat, adaptant-se perfectament al cos de la dona. En cobrir menys l&#8217;espatlla que l&#8217;amplada tirant, evita marques per contrast de tonalitats de pell a causa de l&#8217;exposici\u00f3 solar. Est\u00e0 confeccionat amb el millor teixit del mercat amb un doble folre davanter. \u00c9s resistent al clor de la piscina i als raigs UV. I per aix\u00f2, la intensitat dels colors es mant\u00e9 amb l&#8217;\u00fas repetit en el temps<\/p>\n","protected":false},"excerpt":{"rendered":"<p>El banyador Nataci\u00f3 &#8216;Revolution&#8217; New Zealand 2023 (ref. 83138330) de Crawl \u00e9s ideal per a entrenaments intensius. Amb un disseny \u00fanic i teixit resistent al clor i UV, ofereix comoditat i rendiment excepcionals per a nedadores a la piscina.<\/p>\n","protected":false},"featured_media":5645,"comment_status":"open","ping_status":"closed","template":"","meta":[],"product_cat":[228,227,231,232,234,235],"product_tag":[],"brands":[{"id":22,"name":"Turbo","slug":"turbo"}],"_links":{"self":[{"href":"https:\/\/crawl.es\/ca\/wp-json\/wp\/v2\/product\/13854"}],"collection":[{"href":"https:\/\/crawl.es\/ca\/wp-json\/wp\/v2\/product"}],"about":[{"href":"https:\/\/crawl.es\/ca\/wp-json\/wp\/v2\/types\/product"}],"replies":[{"embeddable":true,"href":"https:\/\/crawl.es\/ca\/wp-json\/wp\/v2\/comments?post=13854"}],"wp:featuredmedia":[{"embeddable":true,"href":"https:\/\/crawl.es\/ca\/wp-json\/wp\/v2\/media\/5645"}],"wp:attachment":[{"href":"https:\/\/crawl.es\/ca\/wp-json\/wp\/v2\/media?parent=13854"}],"wp:term":[{"taxonomy":"product_cat","embeddable":true,"href":"https:\/\/crawl.es\/ca\/wp-json\/wp\/v2\/product_cat?post=13854"},{"taxonomy":"product_tag","embeddable":true,"href":"https:\/\/crawl.es\/ca\/wp-json\/wp\/v2\/product_tag?post=13854"}],"curies":[{"name":"wp","href":"https:\/\/api.w.org\/{rel}","templated":true}]}}