{"id":13875,"date":"2025-12-28T10:23:31","date_gmt":"2025-02-28T10:23:31","guid":{"rendered":"https:\/\/crawl.es\/producto\/13875\/"},"modified":"2025-03-06T09:19:48","modified_gmt":"2025-03-06T09:19:48","slug":"13875","status":"publish","type":"product","link":"https:\/\/crawl.es\/ca\/producto\/13875\/","title":{"rendered":"Ulleres Cobra Ultra Swipe Mirror \/ Maragda \/ Pruna \/ CRAWL"},"content":{"rendered":"<p>La nueva tecnolog\u00eda swipe anti-fog de arena es un planteamiento revolucionario que soluciona el problema de las gafas que se empa\u00f1an. El tratamiento anti vaho de la familia Cobra ya era uno de los mejores del mercado. Ahora, arena lo ha mejorado con la tecnolog\u00eda Swipe. Swipe Anti-Fog se reactiva con solo pasar el dedo, para que la protecci\u00f3n dure como m\u00ednimo 10 veces m\u00e1s. Cuando las gafas se empa\u00f1an, solo hay que pasar la punta del dedo por el interior de las lentes mientras las gafas se encuentran sumergidas, para disfrutar durante m\u00e1s tiempo de una visi\u00f3n transparente. Montura con un exclusivo dise\u00f1o dorado. Gafas disponibles con lentes claras y oscuras.<\/p>\n","protected":false},"excerpt":{"rendered":"<p>La nueva tecnolog\u00eda swipe anti-fog de arena es un planteamiento revolucionario que soluciona el problema de las gafas que se empa\u00f1an. El tratamiento anti vaho de la familia Cobra ya era uno de los mejores del mercado. Ahora, arena lo ha mejorado con la tecnolog\u00eda Swipe. Swipe Anti-Fog se reactiva con solo pasar el dedo.<\/p>\n","protected":false},"featured_media":13874,"comment_status":"open","ping_status":"closed","template":"","meta":[],"product_cat":[134,135],"product_tag":[],"brands":[{"id":312,"name":"ARENA","slug":"arena"}],"_links":{"self":[{"href":"https:\/\/crawl.es\/ca\/wp-json\/wp\/v2\/product\/13875"}],"collection":[{"href":"https:\/\/crawl.es\/ca\/wp-json\/wp\/v2\/product"}],"about":[{"href":"https:\/\/crawl.es\/ca\/wp-json\/wp\/v2\/types\/product"}],"replies":[{"embeddable":true,"href":"https:\/\/crawl.es\/ca\/wp-json\/wp\/v2\/comments?post=13875"}],"wp:featuredmedia":[{"embeddable":true,"href":"https:\/\/crawl.es\/ca\/wp-json\/wp\/v2\/media\/13874"}],"wp:attachment":[{"href":"https:\/\/crawl.es\/ca\/wp-json\/wp\/v2\/media?parent=13875"}],"wp:term":[{"taxonomy":"product_cat","embeddable":true,"href":"https:\/\/crawl.es\/ca\/wp-json\/wp\/v2\/product_cat?post=13875"},{"taxonomy":"product_tag","embeddable":true,"href":"https:\/\/crawl.es\/ca\/wp-json\/wp\/v2\/product_tag?post=13875"}],"curies":[{"name":"wp","href":"https:\/\/api.w.org\/{rel}","templated":true}]}}