{"id":13882,"date":"2022-09-10T09:11:33","date_gmt":"2022-09-10T09:11:33","guid":{"rendered":"https:\/\/crawl.es\/producto\/tovallola-micro-coto-145-x-100-cireres-crawl\/"},"modified":"2022-09-10T09:11:33","modified_gmt":"2022-09-10T09:11:33","slug":"tovallola-micro-coto-145-x-100-cireres-crawl","status":"publish","type":"product","link":"https:\/\/crawl.es\/ca\/producto\/tovallola-micro-coto-145-x-100-cireres-crawl\/","title":{"rendered":"Tovallola Micro-Cot\u00f3 (145 x 100) Cireres | CRAWL"},"content":{"rendered":"<p>La Tovallola Micro-Cot\u00f3 (145 x 100) Cerisse de Turbo \u00e9s perfecta per als aficionats a la nataci\u00f3 i esports aqu\u00e0tics. Confeccionada amb microcot\u00f3 d&#8217;alta qualitat, aquesta tovallola ofereix una suavitat i absorb\u00e8ncia excepcionals, assegurant un assecat r\u00e0pid despr\u00e9s de les sessions d&#8217;entrenament o partits.<\/p>\n<p>\u00a0<\/p>\n<p>Caracter\u00edstiques destacables:<\/p>\n<p>&#8211; 100% microcot\u00f3 d&#8217;alta qualitat.<\/p>\n<p>&#8211; Suau i esponjosa al tacte.<\/p>\n<p>&#8211; Alta capacitat dabsorci\u00f3.<\/p>\n<p>&#8211; Resistent al clor i raigs UV.<\/p>\n<p>&#8211; Colors duradors.<\/p>\n<p>&#8211; Ideal per a \u00fas en piscines i esports aqu\u00e0tics.<\/p>\n<p>\u00a0<\/p>\n<p>Aquesta tovallola \u00e9s perfecta per mantenir la comoditat i la higiene durant les activitats aqu\u00e0tiques. A m\u00e9s, la seva resist\u00e8ncia al clor i raigs UV garanteix una durabilitat perllongada, mantenint el seu aspecte i funcionalitat fins i tot amb un \u00fas freq\u00fcent.<\/p>\n<p>\u00a0<\/p>\n<p>\u00das recomanat:<\/p>\n<p>Recomanem fer servir aquesta tovallola per assecar despr\u00e9s de nedar o participar en esports aqu\u00e0tics. L&#8217;alta capacitat d&#8217;absorci\u00f3 i la suavitat la fan perfecta per mantenir la comoditat i la higiene.<\/p>\n<p>\u00a0<\/p>\n<p>No perdis l&#8217;oportunitat d&#8217;adquirir la Tovallola Microcot\u00f3 (145 x 100) Cerisse Ref: 9841470 de CRAWL. Compra ara i gaudeix de la millor qualitat i funcionalitat per a les activitats aqu\u00e0tiques!<\/p>\n","protected":false},"excerpt":{"rendered":"<p>Compra la Tovallola Micro-Cot\u00f3 (145 x 100) Cireres a CRAWL. Dissenyada per assecar r\u00e0pidament despr\u00e9s de nedar, resistent al clor i raigs UV.<\/p>\n<p>Ref: 9841470.<\/p>\n","protected":false},"featured_media":5581,"comment_status":"open","ping_status":"closed","template":"","meta":[],"product_cat":[134,145],"product_tag":[],"brands":[{"id":22,"name":"Turbo","slug":"turbo"}],"_links":{"self":[{"href":"https:\/\/crawl.es\/ca\/wp-json\/wp\/v2\/product\/13882"}],"collection":[{"href":"https:\/\/crawl.es\/ca\/wp-json\/wp\/v2\/product"}],"about":[{"href":"https:\/\/crawl.es\/ca\/wp-json\/wp\/v2\/types\/product"}],"replies":[{"embeddable":true,"href":"https:\/\/crawl.es\/ca\/wp-json\/wp\/v2\/comments?post=13882"}],"wp:featuredmedia":[{"embeddable":true,"href":"https:\/\/crawl.es\/ca\/wp-json\/wp\/v2\/media\/5581"}],"wp:attachment":[{"href":"https:\/\/crawl.es\/ca\/wp-json\/wp\/v2\/media?parent=13882"}],"wp:term":[{"taxonomy":"product_cat","embeddable":true,"href":"https:\/\/crawl.es\/ca\/wp-json\/wp\/v2\/product_cat?post=13882"},{"taxonomy":"product_tag","embeddable":true,"href":"https:\/\/crawl.es\/ca\/wp-json\/wp\/v2\/product_tag?post=13882"}],"curies":[{"name":"wp","href":"https:\/\/api.w.org\/{rel}","templated":true}]}}