{"id":13888,"date":"2022-07-05T16:13:08","date_gmt":"2022-07-05T16:13:08","guid":{"rendered":"https:\/\/crawl.es\/producto\/aletes-speedo-fury-training-final-vermell-crawl\/"},"modified":"2022-07-05T16:13:08","modified_gmt":"2022-07-05T16:13:08","slug":"aletes-speedo-fury-training-final-vermell-crawl","status":"publish","type":"product","link":"https:\/\/crawl.es\/ca\/producto\/aletes-speedo-fury-training-final-vermell-crawl\/","title":{"rendered":"Aletes Speedo Fury Training Final Vermell | CRAWL"},"content":{"rendered":"<p>Les Aletes Speedo Fury Training Fin Rojo estan dissenyades per crear una major resist\u00e8ncia al moviment a l&#8217;aigua, millorant aix\u00ed la teva for\u00e7a i resist\u00e8ncia. Els seus suports dobles laterals proporcionen una excel\u00b7lent propulsi\u00f3 a la puntada de peu i ajuden a treballar la t\u00e8cnica correcta.<\/p>\n<p>\u00a0<\/p>\n<p>Caracter\u00edstiques destacables:<\/p>\n<p>&#8211; Fetes amb un panell texturitzat 100% silicona brillant a la part superior i antilliscant a la inferior.<\/p>\n<p>&#8211; Espai per als peus desenvolupat a partir d&#8217;escaneigs 3D.<\/p>\n<p>&#8211; Suports dobles als laterals que augmenten la propulsi\u00f3.<\/p>\n<p>&#8211; Material que permet una major propulsi\u00f3, per\u00f2 requereix una poderosa puntada de peu per treure tot el seu potencial.<\/p>\n<p>\u00a0<\/p>\n<p>\u00das recomanat:<\/p>\n<p>Perfectes per a nedadors que busquen millorar la seva t\u00e8cnica i enfortir la part inferior del cos. Ideals per a entrenaments espec\u00edfics i desenvolupament d&#8217;habilitats en diferents estils de nataci\u00f3.<\/p>\n<p>\u00a0<\/p>\n<p>No perdis l&#8217;oportunitat d&#8217;adquirir les Aletes Speedo Fury Training Fi Roig de CRAWL. Compra ara i porta el teu entrenament al seg\u00fcent nivell amb aquesta eina essencial!<\/p>\n","protected":false},"excerpt":{"rendered":"<p>Compra les Aletes Speedo Fury Training Fi Roig a CRAWL. Millora la teva for\u00e7a i resist\u00e8ncia a l&#8217;aigua amb aquestes aletes de silicona amb suports dobles laterals.<\/p>\n","protected":false},"featured_media":5503,"comment_status":"open","ping_status":"closed","template":"","meta":[],"product_cat":[134,139],"product_tag":[],"brands":[{"id":307,"name":"Speedo","slug":"speedo"}],"_links":{"self":[{"href":"https:\/\/crawl.es\/ca\/wp-json\/wp\/v2\/product\/13888"}],"collection":[{"href":"https:\/\/crawl.es\/ca\/wp-json\/wp\/v2\/product"}],"about":[{"href":"https:\/\/crawl.es\/ca\/wp-json\/wp\/v2\/types\/product"}],"replies":[{"embeddable":true,"href":"https:\/\/crawl.es\/ca\/wp-json\/wp\/v2\/comments?post=13888"}],"wp:featuredmedia":[{"embeddable":true,"href":"https:\/\/crawl.es\/ca\/wp-json\/wp\/v2\/media\/5503"}],"wp:attachment":[{"href":"https:\/\/crawl.es\/ca\/wp-json\/wp\/v2\/media?parent=13888"}],"wp:term":[{"taxonomy":"product_cat","embeddable":true,"href":"https:\/\/crawl.es\/ca\/wp-json\/wp\/v2\/product_cat?post=13888"},{"taxonomy":"product_tag","embeddable":true,"href":"https:\/\/crawl.es\/ca\/wp-json\/wp\/v2\/product_tag?post=13888"}],"curies":[{"name":"wp","href":"https:\/\/api.w.org\/{rel}","templated":true}]}}