{"id":13892,"date":"2022-05-04T15:39:11","date_gmt":"2022-05-04T15:39:11","guid":{"rendered":"https:\/\/crawl.es\/producto\/maillot-basic-tirants-de-licra-dansa-i-ballet-intermezzo-ref3020-crawl\/"},"modified":"2022-05-04T15:39:11","modified_gmt":"2022-05-04T15:39:11","slug":"maillot-basic-tirants-de-licra-dansa-i-ballet-intermezzo-ref3020-crawl","status":"publish","type":"product","link":"https:\/\/crawl.es\/ca\/producto\/maillot-basic-tirants-de-licra-dansa-i-ballet-intermezzo-ref3020-crawl\/","title":{"rendered":"Maillot B\u00e0sic Tirants de Licra Dansa i Ballet Intermezzo &#8211; REF:3020 | CRAWL"},"content":{"rendered":"<p>El Maillot B\u00e0sic Tirants de Licra Dansa i Ballet Intermezzo &#8211; 3020 \u00e9s ideal per a ballarines, gimnastes i patinadores. Confeccionat amb un teixit de licra brillant, aquest mallot ofereix m\u00e0xima comoditat i ajustament al cos, permetent un ampli rang de moviment durant les activitats f\u00edsiques.<\/p>\n<p>\u00a0<\/p>\n<p>Caracter\u00edstiques destacables:<\/p>\n<p>&#8211; Teixit de licra brillant.<\/p>\n<p>&#8211; Tirants amples amb escot rod\u00f3 davant i esquena.<\/p>\n<p>&#8211; Molt el\u00e0stic i c\u00f2mode.<\/p>\n<p>&#8211; Ideal per a tot tipus de dansa, ballet, gimn\u00e0stica i patinatge.<\/p>\n<p>&#8211; Disponible en diferents talles i colors.<\/p>\n<p>\u00a0<\/p>\n<p>Aquest mallot \u00e9s perfecte per portar com a uniforme a les teves classes de dansa, contemporani, jazz i cl\u00e0ssic. El seu disseny ajustat i el\u00e0stic garanteix que et puguis moure lliurement sense restriccions.<\/p>\n<p>\u00a0<\/p>\n<p>\u00das recomanat:<\/p>\n<p>Recomanem fer servir aquest mallot per a totes les teves activitats de dansa i gimn\u00e0stica. El seu ajustament c\u00f2mode i el material el\u00e0stic el fan perfecte per a qualsevol tipus de moviment.<\/p>\n<p>\u00a0<\/p>\n<p>No perdis l&#8217;oportunitat d&#8217;adquirir el Maillot B\u00e0sic Tirants de Licra Dansa i Ballet Intermezzo &#8211; 3020 de CRAWL. Compra ara i porta el teu rendiment al seg\u00fcent nivell amb aquest mallot essencial!<\/p>\n","protected":false},"excerpt":{"rendered":"<p>Compra el Maillot B\u00e0sic Tirants de Licra Dansa i Ballet Intermezzo &#8211; 3020 a CRAWL. Dissenyat per a ballarines, gimnastes i patinadores, amb teixit de licra brillant i ajustament c\u00f2mode.<\/p>\n","protected":false},"featured_media":5413,"comment_status":"open","ping_status":"closed","template":"","meta":[],"product_cat":[157,156],"product_tag":[],"brands":[{"id":26,"name":"Inter Mezzo","slug":"inter-mezzo"}],"_links":{"self":[{"href":"https:\/\/crawl.es\/ca\/wp-json\/wp\/v2\/product\/13892"}],"collection":[{"href":"https:\/\/crawl.es\/ca\/wp-json\/wp\/v2\/product"}],"about":[{"href":"https:\/\/crawl.es\/ca\/wp-json\/wp\/v2\/types\/product"}],"replies":[{"embeddable":true,"href":"https:\/\/crawl.es\/ca\/wp-json\/wp\/v2\/comments?post=13892"}],"wp:featuredmedia":[{"embeddable":true,"href":"https:\/\/crawl.es\/ca\/wp-json\/wp\/v2\/media\/5413"}],"wp:attachment":[{"href":"https:\/\/crawl.es\/ca\/wp-json\/wp\/v2\/media?parent=13892"}],"wp:term":[{"taxonomy":"product_cat","embeddable":true,"href":"https:\/\/crawl.es\/ca\/wp-json\/wp\/v2\/product_cat?post=13892"},{"taxonomy":"product_tag","embeddable":true,"href":"https:\/\/crawl.es\/ca\/wp-json\/wp\/v2\/product_tag?post=13892"}],"curies":[{"name":"wp","href":"https:\/\/api.w.org\/{rel}","templated":true}]}}