{"id":13894,"date":"2022-05-04T15:05:32","date_gmt":"2022-05-04T15:05:32","guid":{"rendered":"https:\/\/crawl.es\/producto\/mallot-ballet-rosa-maniga-talla-malla-intermezzo-ref31547-crawl\/"},"modified":"2022-05-04T15:05:32","modified_gmt":"2022-05-04T15:05:32","slug":"mallot-ballet-rosa-maniga-talla-malla-intermezzo-ref31547-crawl","status":"publish","type":"product","link":"https:\/\/crawl.es\/ca\/producto\/mallot-ballet-rosa-maniga-talla-malla-intermezzo-ref31547-crawl\/","title":{"rendered":"Mallot Ballet Rosa M\u00e0niga Talla Malla Intermezzo &#8211; REF:31547 | CRAWL"},"content":{"rendered":"<p>El Maillot Ballet Rosa Manga Corta Malla Intermezzo &#8211; 31547 \u00e9s perfecte per a ballarines que busquen comoditat i estil a les seves classes de dansa i ballet. Confeccionat amb un teixit de Meryl\u00ae d&#8217;alta qualitat, aquest mallot ofereix un ajustament c\u00f2mode i el\u00e0stic, permetent un ampli rang de moviment.<\/p>\n<p>\u00a0<\/p>\n<p>Caracter\u00edstiques destacables:<\/p>\n<p>&#8211; Teixit de Meryl\u00ae (92% poli\u00e8ster, 8% elast\u00e0).<\/p>\n<p>&#8211; M\u00e0niga curta amb detall de malla a escot i esquena.<\/p>\n<p>&#8211; Folre davanter per a m\u00e9s comoditat.<\/p>\n<p>&#8211; Ajustament el\u00e0stic i c\u00f2mode.<\/p>\n<p>&#8211; Ideal per a dansa, ballet i entrenaments.<\/p>\n<p>\u00a0<\/p>\n<p>Aquest mallot \u00e9s perfecte per portar com a uniforme a les teves classes de dansa contemporani, jazz i cl\u00e0ssic. El seu disseny ajustat i el\u00e0stic garanteix que et puguis moure lliurement sense restriccions.<\/p>\n<p>\u00a0<\/p>\n<p>\u00das recomanat:<\/p>\n<p>Recomanem fer servir aquest mallot per a totes les teves activitats de dansa i ballet. El seu ajustament c\u00f2mode i el material el\u00e0stic el fan perfecte per a qualsevol tipus de moviment.<\/p>\n<p>\u00a0<\/p>\n<p>No perdis l&#8217;oportunitat d&#8217;adquirir el mallot Ballet Rosa Manga Talla Malla Intermezzo &#8211; 31547 de CRAWL. Compra ara i porta el teu rendiment al seg\u00fcent nivell amb aquest mallot essencial!<\/p>\n","protected":false},"excerpt":{"rendered":"<p>Compra el Mallot Ballet Rosa Manga Talla Malla Intermezzo &#8211; 31547 a CRAWL. Dissenyat per a ballarines, amb m\u00e0niga curta i malla en escot i esquena, ajustament c\u00f2mode i d&#8217;alta qualitat.<\/p>\n","protected":false},"featured_media":5409,"comment_status":"open","ping_status":"closed","template":"","meta":[],"product_cat":[157,156],"product_tag":[],"brands":[{"id":26,"name":"Inter Mezzo","slug":"inter-mezzo"}],"_links":{"self":[{"href":"https:\/\/crawl.es\/ca\/wp-json\/wp\/v2\/product\/13894"}],"collection":[{"href":"https:\/\/crawl.es\/ca\/wp-json\/wp\/v2\/product"}],"about":[{"href":"https:\/\/crawl.es\/ca\/wp-json\/wp\/v2\/types\/product"}],"replies":[{"embeddable":true,"href":"https:\/\/crawl.es\/ca\/wp-json\/wp\/v2\/comments?post=13894"}],"wp:featuredmedia":[{"embeddable":true,"href":"https:\/\/crawl.es\/ca\/wp-json\/wp\/v2\/media\/5409"}],"wp:attachment":[{"href":"https:\/\/crawl.es\/ca\/wp-json\/wp\/v2\/media?parent=13894"}],"wp:term":[{"taxonomy":"product_cat","embeddable":true,"href":"https:\/\/crawl.es\/ca\/wp-json\/wp\/v2\/product_cat?post=13894"},{"taxonomy":"product_tag","embeddable":true,"href":"https:\/\/crawl.es\/ca\/wp-json\/wp\/v2\/product_tag?post=13894"}],"curies":[{"name":"wp","href":"https:\/\/api.w.org\/{rel}","templated":true}]}}