{"id":13896,"date":"2022-05-04T14:52:12","date_gmt":"2022-05-04T14:52:12","guid":{"rendered":"https:\/\/crawl.es\/producto\/body-reto-strap-cotton-intermezzo-ref3266-crawl\/"},"modified":"2022-05-04T14:52:12","modified_gmt":"2022-05-04T14:52:12","slug":"body-reto-strap-cotton-intermezzo-ref3266-crawl","status":"publish","type":"product","link":"https:\/\/crawl.es\/ca\/producto\/body-reto-strap-cotton-intermezzo-ref3266-crawl\/","title":{"rendered":"Body Reto Strap Cotton Intermezzo &#8211; REF3266 | CRAWL"},"content":{"rendered":"<p>El Body Reto Strap Cotton Intermezzo &#8211; 3266 est\u00e0 confeccionat amb una barreja de 90% cot\u00f3 i 10% elast\u00e0, oferint comoditat i flexibilitat per a les sessions de dansa i ballet. Aquest body \u00e9s ideal per a ballarines, gimnastes i patinadores que busquen un ajustament perfecte i suport durant els seus entrenaments i actuacions.<\/p>\n<p>\u00a0<\/p>\n<p>Caracter\u00edstiques destacables:<\/p>\n<p>&#8211; 90% cot\u00f3 per a una suavitat i transpirabilitat \u00f2ptimes.<\/p>\n<p>&#8211; 10% elast\u00e0 per a una flexibilitat i ajustament superior.<\/p>\n<p>&#8211; Tirants c\u00f2modes i segurs.<\/p>\n<p>&#8211; Ideal per a tot tipus de dansa, ballet, gimn\u00e0stica i patinatge.<\/p>\n<p>&#8211; Disponible en diferents talles i colors.<\/p>\n<p>\u00a0<\/p>\n<p>Aquest body \u00e9s perfecte per portar com a uniforme a les teves classes de dansa contemporani, jazz i cl\u00e0ssic. El seu disseny ajustat i el\u00e0stic garanteix que et puguis moure lliurement sense restriccions.<\/p>\n<p>\u00a0<\/p>\n<p>\u00das recomanat:<\/p>\n<p>Recomanem fer servir aquest body per a totes les teves activitats de dansa i gimn\u00e0stica. El seu ajustament c\u00f2mode i el material el\u00e0stic el fan perfecte per a qualsevol tipus de moviment.<\/p>\n<p>\u00a0<\/p>\n<p>No perdis l&#8217;oportunitat d&#8217;adquirir el Body Reto Strap Cotton Intermezzo &#8211; 3266 de CRAWL. Compra ara i porta el teu rendiment al seg\u00fcent nivell amb aquest body essencial!<\/p>\n","protected":false},"excerpt":{"rendered":"<p>Compra el Body Reto Strap Cotton Intermezzo &#8211; 3266 a CRAWL. Dissenyat per a ballarines, gimnastes i patinadores, amb una barreja de cot\u00f3 i elast\u00e0 per a comoditat i flexibilitat.<\/p>\n","protected":false},"featured_media":5405,"comment_status":"open","ping_status":"closed","template":"","meta":[],"product_cat":[157,156],"product_tag":[],"brands":[{"id":26,"name":"Inter Mezzo","slug":"inter-mezzo"}],"_links":{"self":[{"href":"https:\/\/crawl.es\/ca\/wp-json\/wp\/v2\/product\/13896"}],"collection":[{"href":"https:\/\/crawl.es\/ca\/wp-json\/wp\/v2\/product"}],"about":[{"href":"https:\/\/crawl.es\/ca\/wp-json\/wp\/v2\/types\/product"}],"replies":[{"embeddable":true,"href":"https:\/\/crawl.es\/ca\/wp-json\/wp\/v2\/comments?post=13896"}],"wp:featuredmedia":[{"embeddable":true,"href":"https:\/\/crawl.es\/ca\/wp-json\/wp\/v2\/media\/5405"}],"wp:attachment":[{"href":"https:\/\/crawl.es\/ca\/wp-json\/wp\/v2\/media?parent=13896"}],"wp:term":[{"taxonomy":"product_cat","embeddable":true,"href":"https:\/\/crawl.es\/ca\/wp-json\/wp\/v2\/product_cat?post=13896"},{"taxonomy":"product_tag","embeddable":true,"href":"https:\/\/crawl.es\/ca\/wp-json\/wp\/v2\/product_tag?post=13896"}],"curies":[{"name":"wp","href":"https:\/\/api.w.org\/{rel}","templated":true}]}}