{"id":13901,"date":"2022-05-03T17:45:02","date_gmt":"2022-05-03T17:45:02","guid":{"rendered":"https:\/\/crawl.es\/producto\/jaqueta-ballet-jecru-intermezzo-6544-crawl\/"},"modified":"2022-05-03T17:45:02","modified_gmt":"2022-05-03T17:45:02","slug":"jaqueta-ballet-jecru-intermezzo-6544-crawl","status":"publish","type":"product","link":"https:\/\/crawl.es\/ca\/producto\/jaqueta-ballet-jecru-intermezzo-6544-crawl\/","title":{"rendered":"Jaqueta Ballet Jecru Intermezzo &#8211; 6544 | CRAWL"},"content":{"rendered":"<p>La Jaqueta Ballet Jecru Intermezzo &#8211; 6544 \u00e9s una pe\u00e7a ideal per a ballarines infantils. Confeccionada amb cot\u00f3 de tallatge infantil, aquesta jaqueta ofereix comoditat i estil per a les teves classes de ballet. El seu disseny creuat i els tirants ajustables proporcionen un ajustament perfecte, permetent un ampli rang de moviment.<\/p>\n<p>\u00a0<\/p>\n<p>Caracter\u00edstiques destacables:<\/p>\n<p>&#8211; Tallatge infantil.<\/p>\n<p>&#8211; 100% cot\u00f3 per a una suavitat i transpirabilitat \u00f2ptimes.<\/p>\n<p>&#8211; Disseny creuat amb tirants ajustables.<\/p>\n<p>&#8211; Ideal per a tot tipus de dansa i ballet.<\/p>\n<p>&#8211; Disponible en diferents talles i colors.<\/p>\n<p>\u00a0<\/p>\n<p>Aquesta jaqueta \u00e9s perfecta per portar com a uniforme a les teves classes de ballet. El seu ajustament c\u00f2mode i el seu material suau garanteixen que et puguis moure lliurement sense restriccions.<\/p>\n<p>\u00a0<\/p>\n<p>\u00das recomanat:<\/p>\n<p>Recomanem fer servir aquesta jaqueta per a totes les teves activitats de dansa i ballet. El seu ajustament c\u00f2mode i el seu material el\u00e0stic el fan perfecte per a qualsevol<\/p>\n","protected":false},"excerpt":{"rendered":"<p>Compra la Jaqueta Ballet Jecru Intermezzo &#8211; 6544 a CRAWL. Dissenyada per a ballarines infantils, amb cot\u00f3 suau i ajustament c\u00f2mode.<\/p>\n","protected":false},"featured_media":5394,"comment_status":"open","ping_status":"closed","template":"","meta":[],"product_cat":[157,156],"product_tag":[],"brands":[{"id":26,"name":"Inter Mezzo","slug":"inter-mezzo"}],"_links":{"self":[{"href":"https:\/\/crawl.es\/ca\/wp-json\/wp\/v2\/product\/13901"}],"collection":[{"href":"https:\/\/crawl.es\/ca\/wp-json\/wp\/v2\/product"}],"about":[{"href":"https:\/\/crawl.es\/ca\/wp-json\/wp\/v2\/types\/product"}],"replies":[{"embeddable":true,"href":"https:\/\/crawl.es\/ca\/wp-json\/wp\/v2\/comments?post=13901"}],"wp:featuredmedia":[{"embeddable":true,"href":"https:\/\/crawl.es\/ca\/wp-json\/wp\/v2\/media\/5394"}],"wp:attachment":[{"href":"https:\/\/crawl.es\/ca\/wp-json\/wp\/v2\/media?parent=13901"}],"wp:term":[{"taxonomy":"product_cat","embeddable":true,"href":"https:\/\/crawl.es\/ca\/wp-json\/wp\/v2\/product_cat?post=13901"},{"taxonomy":"product_tag","embeddable":true,"href":"https:\/\/crawl.es\/ca\/wp-json\/wp\/v2\/product_tag?post=13901"}],"curies":[{"name":"wp","href":"https:\/\/api.w.org\/{rel}","templated":true}]}}