{"id":13903,"date":"2022-05-03T17:00:40","date_gmt":"2022-05-03T17:00:40","guid":{"rendered":"https:\/\/crawl.es\/producto\/sabatilles-ballet-intermezzo-media-punta-leather-7252-crawl\/"},"modified":"2022-05-03T17:00:40","modified_gmt":"2022-05-03T17:00:40","slug":"sabatilles-ballet-intermezzo-media-punta-leather-7252-crawl","status":"publish","type":"product","link":"https:\/\/crawl.es\/ca\/producto\/sabatilles-ballet-intermezzo-media-punta-leather-7252-crawl\/","title":{"rendered":"Sabatilles Ballet Intermezzo Media Punta Leather &#8211; 7252 | CRAWL"},"content":{"rendered":"<p>Les Sabatilles Ballet Intermezzo Media Punta Leather &#8211; 7252 s\u00f3n ideals per a entrenaments de ballet i gimn\u00e0stica r\u00edtmica. Confeccionades amb 100% cuir, aquestes sabatilles ofereixen una excel\u00b7lent durabilitat i ajustament, permetent un moviment \u00e0gil i c\u00f2mode durant les activitats.<\/p>\n<p>\u00a0<\/p>\n<p>Caracter\u00edstiques destacables:<\/p>\n<p>&#8211; Composici\u00f3: 100% cuir per a una durabilitat i confort excepcionals.<\/p>\n<p>&#8211; Color: Rosa.<\/p>\n<p>&#8211; Cintes el\u00e0stiques a l&#8217;interior per a m\u00e9s ajustament.<\/p>\n<p>&#8211; Ajustables a l&#8217;empenya per millorar la mobilitat.<\/p>\n<p>&#8211; Sola sencera que proporciona suport i estabilitat.<\/p>\n<p>\u00a0<\/p>\n<p>Aquestes sabatilles estan dissenyades per oferir el millor rendiment durant els entrenaments de ballet i gimn\u00e0stica r\u00edtmica. L\u02bbajust segur i c\u00f2mode permet una llibertat de moviment \u00f2ptima, garantint una millor experi\u00e8ncia d\u02bbentrenament.<\/p>\n<p>\u00a0<\/p>\n<p>\u00das recomanat:<\/p>\n<p>Recomanem fer servir aquestes sabatilles per a totes les teves activitats de ballet i gimn\u00e0stica r\u00edtmica. El seu ajustament c\u00f2mode i el material d&#8217;alta qualitat les fan perfectes per a qualsevol tipus de moviment.<\/p>\n<p>\u00a0<\/p>\n<p>No perdis l&#8217;oportunitat d&#8217;adquirir les Sabatilles Ballet Intermezzo Media Punta Leather &#8211; 7252 de CRAWL. Compra ara i porta el teu rendiment al seg\u00fcent nivell amb aquestes sabatilles essencials!<\/p>\n","protected":false},"excerpt":{"rendered":"<p>Compra les Sabatilles Ballet Intermezzo Media Punta Leather &#8211; 7252 a CRAWL. Ideals per a entrenaments de ballet i gimn\u00e0stica r\u00edtmica, amb 100% cuir i cintes el\u00e0stiques. Ref: 7252.<\/p>\n","protected":false},"featured_media":5381,"comment_status":"open","ping_status":"closed","template":"","meta":[],"product_cat":[229,134,227,146],"product_tag":[],"brands":[{"id":26,"name":"Inter Mezzo","slug":"inter-mezzo"}],"_links":{"self":[{"href":"https:\/\/crawl.es\/ca\/wp-json\/wp\/v2\/product\/13903"}],"collection":[{"href":"https:\/\/crawl.es\/ca\/wp-json\/wp\/v2\/product"}],"about":[{"href":"https:\/\/crawl.es\/ca\/wp-json\/wp\/v2\/types\/product"}],"replies":[{"embeddable":true,"href":"https:\/\/crawl.es\/ca\/wp-json\/wp\/v2\/comments?post=13903"}],"wp:featuredmedia":[{"embeddable":true,"href":"https:\/\/crawl.es\/ca\/wp-json\/wp\/v2\/media\/5381"}],"wp:attachment":[{"href":"https:\/\/crawl.es\/ca\/wp-json\/wp\/v2\/media?parent=13903"}],"wp:term":[{"taxonomy":"product_cat","embeddable":true,"href":"https:\/\/crawl.es\/ca\/wp-json\/wp\/v2\/product_cat?post=13903"},{"taxonomy":"product_tag","embeddable":true,"href":"https:\/\/crawl.es\/ca\/wp-json\/wp\/v2\/product_tag?post=13903"}],"curies":[{"name":"wp","href":"https:\/\/api.w.org\/{rel}","templated":true}]}}