{"id":13909,"date":"2022-05-03T16:51:55","date_gmt":"2022-05-03T16:51:55","guid":{"rendered":"https:\/\/crawl.es\/producto\/sabatilles-ballet-media-punta-intermezzo-canvas-ss-crawl\/"},"modified":"2022-05-03T16:51:55","modified_gmt":"2022-05-03T16:51:55","slug":"sabatilles-ballet-media-punta-intermezzo-canvas-ss-crawl","status":"publish","type":"product","link":"https:\/\/crawl.es\/ca\/producto\/sabatilles-ballet-media-punta-intermezzo-canvas-ss-crawl\/","title":{"rendered":"Sabatilles Ballet Media Punta Intermezzo Canvas SS | CRAWL"},"content":{"rendered":"<p>Les Sabatilles Ballet Media Punta Intermezzo Canvas SS de la marca Intermezzo s\u00f3n ideals per a ballarines que busquen un cal\u00e7at c\u00f2mode i durador per als seus entrenaments i presentacions. Confeccionades amb lona, \u200b\u200baquestes sabatilles de ballet proporcionen un ajustament segur i c\u00f2mode, permetent una gran llibertat de moviment.<\/p>\n<p>\u00a0<\/p>\n<p>Caracter\u00edstiques destacables:<\/p>\n<p>&#8211; Mitja punta amb lona d&#8217;alta qualitat.<\/p>\n<p>&#8211; Sola partida que facilita la flexibilitat i el moviment del peu.<\/p>\n<p>&#8211; Cord\u00f3 el\u00e0stic davanter ajustable per a un ajustament personalitzat.<\/p>\n<p>&#8211; Gomes el\u00e0stiques en forma de X per a m\u00e9s seguretat i subjecci\u00f3.<\/p>\n<p>&#8211; Aquest producte no admet canvi ni devoluci\u00f3.<\/p>\n<p>\u00a0<\/p>\n<p>Aquestes sabatilles estan dissenyades per oferir el millor rendiment durant les sessions de ballet, proporcionant una combinaci\u00f3 perfecta de confort i funcionalitat.<\/p>\n<p>\u00a0<\/p>\n<p>\u00das recomanat:<\/p>\n<p>Recomanem fer servir aquestes sabatilles per a totes les teves activitats de ballet. El seu ajustament c\u00f2mode i el material d&#8217;alta qualitat les fan perfectes per a qualsevol tipus de moviment.<\/p>\n<p>\u00a0<\/p>\n<p>No perdis l&#8217;oportunitat d&#8217;adquirir les Sabatilles Ballet Media Punta Intermezzo Canvas SS de CRAWL. Compra ara i porta el teu rendiment al seg\u00fcent nivell amb aquestes sabatilles essencials!<\/p>\n","protected":false},"excerpt":{"rendered":"<p>Compra les Sabatilles Ballet Media Punta Intermezzo Canvas SS a CRAWL. Confeccionades amb lona, \u200b\u200bsola partida, cord\u00f3 el\u00e0stic i gomes en forma de X. Ref: SS.<\/p>\n","protected":false},"featured_media":5373,"comment_status":"open","ping_status":"closed","template":"","meta":[],"product_cat":[229,227],"product_tag":[],"brands":[{"id":26,"name":"Inter Mezzo","slug":"inter-mezzo"}],"_links":{"self":[{"href":"https:\/\/crawl.es\/ca\/wp-json\/wp\/v2\/product\/13909"}],"collection":[{"href":"https:\/\/crawl.es\/ca\/wp-json\/wp\/v2\/product"}],"about":[{"href":"https:\/\/crawl.es\/ca\/wp-json\/wp\/v2\/types\/product"}],"replies":[{"embeddable":true,"href":"https:\/\/crawl.es\/ca\/wp-json\/wp\/v2\/comments?post=13909"}],"wp:featuredmedia":[{"embeddable":true,"href":"https:\/\/crawl.es\/ca\/wp-json\/wp\/v2\/media\/5373"}],"wp:attachment":[{"href":"https:\/\/crawl.es\/ca\/wp-json\/wp\/v2\/media?parent=13909"}],"wp:term":[{"taxonomy":"product_cat","embeddable":true,"href":"https:\/\/crawl.es\/ca\/wp-json\/wp\/v2\/product_cat?post=13909"},{"taxonomy":"product_tag","embeddable":true,"href":"https:\/\/crawl.es\/ca\/wp-json\/wp\/v2\/product_tag?post=13909"}],"curies":[{"name":"wp","href":"https:\/\/api.w.org\/{rel}","templated":true}]}}