{"id":13912,"date":"2022-05-03T16:46:56","date_gmt":"2022-05-03T16:46:56","guid":{"rendered":"https:\/\/crawl.es\/producto\/sabatilles-de-ballet-fs-leather-basic-intermezzo-crawl\/"},"modified":"2022-05-03T16:46:56","modified_gmt":"2022-05-03T16:46:56","slug":"sabatilles-de-ballet-fs-leather-basic-intermezzo-crawl","status":"publish","type":"product","link":"https:\/\/crawl.es\/ca\/producto\/sabatilles-de-ballet-fs-leather-basic-intermezzo-crawl\/","title":{"rendered":"Sabatilles de ballet FS Leather Basic Intermezzo | CRAWL"},"content":{"rendered":"<p>Les Sabatilles de ballet FS Leather Basic Intermezzo &#8211; 7038 s\u00f3n sabatilles de mitja punta de pell, perfectes per a les classes de ballet. Dissenyades per oferir comoditat i suport durant els teus entrenaments, aquestes sabatilles s\u00f3n una excel\u00b7lent elecci\u00f3 per a ballarins de totes les edats.<\/p>\n<p>\u00a0<\/p>\n<p>Caracter\u00edstiques destacables:<\/p>\n<p>&#8211; Pell d&#8217;alta qualitat: durabilitat i ajustament perfecte.<\/p>\n<p>&#8211; Disseny de mitja punta: Suport i flexibilitat \u00f2ptims.<\/p>\n<p>&#8211; Comoditat: Ideal per a entrenaments perllongats.<\/p>\n<p>\u00a0<\/p>\n<p>\u00das recomanat:<\/p>\n<p>Aquestes sabatilles s\u00f3n ideals per a qualsevol ballar\u00ed que busqui rendiment i confort durant les classes i presentacions. Asseguren un ajustament segur i c\u00f2mode, permetent concentrar-se en cada moviment.<\/p>\n<p>\u00a0<\/p>\n<p>No perdis loportunitat de millorar la teva experi\u00e8ncia de ball amb les Sabatilles de ballet FS Leather Basic Intermezzo &#8211; 7038 de CRAWL. Compra ara i gaudeix d\u00b4una dansa superior!<\/p>\n","protected":false},"excerpt":{"rendered":"<p>Compra les Sabatilles de ballet FS Leather Basic Intermezzo &#8211; 7038 a CRAWL. Sabatilles de mitja punta de pell per a ballet.<\/p>\n","protected":false},"featured_media":5368,"comment_status":"open","ping_status":"closed","template":"","meta":[],"product_cat":[229,227],"product_tag":[],"brands":[{"id":26,"name":"Inter Mezzo","slug":"inter-mezzo"}],"_links":{"self":[{"href":"https:\/\/crawl.es\/ca\/wp-json\/wp\/v2\/product\/13912"}],"collection":[{"href":"https:\/\/crawl.es\/ca\/wp-json\/wp\/v2\/product"}],"about":[{"href":"https:\/\/crawl.es\/ca\/wp-json\/wp\/v2\/types\/product"}],"replies":[{"embeddable":true,"href":"https:\/\/crawl.es\/ca\/wp-json\/wp\/v2\/comments?post=13912"}],"wp:featuredmedia":[{"embeddable":true,"href":"https:\/\/crawl.es\/ca\/wp-json\/wp\/v2\/media\/5368"}],"wp:attachment":[{"href":"https:\/\/crawl.es\/ca\/wp-json\/wp\/v2\/media?parent=13912"}],"wp:term":[{"taxonomy":"product_cat","embeddable":true,"href":"https:\/\/crawl.es\/ca\/wp-json\/wp\/v2\/product_cat?post=13912"},{"taxonomy":"product_tag","embeddable":true,"href":"https:\/\/crawl.es\/ca\/wp-json\/wp\/v2\/product_tag?post=13912"}],"curies":[{"name":"wp","href":"https:\/\/api.w.org\/{rel}","templated":true}]}}