{"id":13918,"date":"2022-03-08T17:49:48","date_gmt":"2022-03-08T17:49:48","guid":{"rendered":"https:\/\/crawl.es\/producto\/tovallola-rizo-microfibra-monster-comic-145-x-100-cm-alta-qualitat-i-assecat-rapid-crawl\/"},"modified":"2022-03-08T17:49:48","modified_gmt":"2022-03-08T17:49:48","slug":"tovallola-rizo-microfibra-monster-comic-145-x-100-cm-alta-qualitat-i-assecat-rapid-crawl","status":"publish","type":"product","link":"https:\/\/crawl.es\/ca\/producto\/tovallola-rizo-microfibra-monster-comic-145-x-100-cm-alta-qualitat-i-assecat-rapid-crawl\/","title":{"rendered":"Tovallola Rizo Microfibra Monster Comic (145 x 100 cm) &#8211; Alta Qualitat i Assecat R\u00e0pid | Crawl"},"content":{"rendered":"<p>Les tovalloles ris de microfibra Monster Comic de 145 x 100 cm s\u00f3n l&#8217;elecci\u00f3 perfecta per a qualsevol nedador o esportista. Fabricades amb teixit de microfibra i cot\u00f3 de primera qualitat, asseguren un assecat r\u00e0pid i una excel\u00b7lent resist\u00e8ncia al clor, cosa que les fa ideals per al seu \u00fas freq\u00fcent en piscines. Aquestes tovalloles no nom\u00e9s destaquen per la seva funcionalitat, sin\u00f3 tamb\u00e9 per la comoditat. S\u00f3n extremadament lleugeres i ocupen molt poc espai, cosa que en facilita l&#8217;emmagatzematge en qualsevol bossa o motxilla.<\/p>\n<p>\u00a0<\/p>\n<p>A m\u00e9s, la qualitat d&#8217;aquestes tovalloles est\u00e0 recolzada pel seu \u00fas per part d&#8217;esportistes d&#8217;elit de la selecci\u00f3 espanyola, aix\u00ed com equips nacionals dels Estats Units, Austr\u00e0lia i molts altres pa\u00efsos de primer nivell. Si busques una tovallola que combini rendiment, durabilitat i estil, la tovallola ris de microfibra Monster Comic \u00e9s la teva millor opci\u00f3.<\/p>\n","protected":false},"excerpt":{"rendered":"<p>Descobreix la tovallola ris de microfibra Monster Comic. Qualitat excepcional, assecat r\u00e0pid i lleugera. Usada per esportistes d&#8217;elit. Refer\u00e8ncia: 9890637.<\/p>\n","protected":false},"featured_media":9857,"comment_status":"open","ping_status":"closed","template":"","meta":[],"product_cat":[134,145],"product_tag":[],"brands":[{"id":22,"name":"Turbo","slug":"turbo"}],"_links":{"self":[{"href":"https:\/\/crawl.es\/ca\/wp-json\/wp\/v2\/product\/13918"}],"collection":[{"href":"https:\/\/crawl.es\/ca\/wp-json\/wp\/v2\/product"}],"about":[{"href":"https:\/\/crawl.es\/ca\/wp-json\/wp\/v2\/types\/product"}],"replies":[{"embeddable":true,"href":"https:\/\/crawl.es\/ca\/wp-json\/wp\/v2\/comments?post=13918"}],"wp:featuredmedia":[{"embeddable":true,"href":"https:\/\/crawl.es\/ca\/wp-json\/wp\/v2\/media\/9857"}],"wp:attachment":[{"href":"https:\/\/crawl.es\/ca\/wp-json\/wp\/v2\/media?parent=13918"}],"wp:term":[{"taxonomy":"product_cat","embeddable":true,"href":"https:\/\/crawl.es\/ca\/wp-json\/wp\/v2\/product_cat?post=13918"},{"taxonomy":"product_tag","embeddable":true,"href":"https:\/\/crawl.es\/ca\/wp-json\/wp\/v2\/product_tag?post=13918"}],"curies":[{"name":"wp","href":"https:\/\/api.w.org\/{rel}","templated":true}]}}