{"id":13938,"date":"2025-03-03T16:42:32","date_gmt":"2025-03-03T16:42:32","guid":{"rendered":"https:\/\/crawl.es\/?post_type=product&#038;p=13938"},"modified":"2025-05-20T11:27:01","modified_gmt":"2025-05-20T11:27:01","slug":"gafas-de-natacion-cobra-edge-swipe-mirror-crawl","status":"publish","type":"product","link":"https:\/\/crawl.es\/ca\/producto\/gafas-de-natacion-cobra-edge-swipe-mirror-crawl\/","title":{"rendered":"Gafas de nataci\u00f3n Cobra Edge Swipe Mirror | CRAWL"},"content":{"rendered":"<p>Eleva tu juego con las gafas Cobra Edge Swipe Mirror. La gafa m\u00e1s novedosa aumentar\u00e1 tu rendimiento con una visi\u00f3n ascendente y lateral mejorada, proporcion\u00e1ndote la ventaja de una conciencia visual superior durante la carrera. La innovadora forma de las patillas garantiza un ajuste estable y seguro mientras buceas, giras y nadas a toda velocidad. Equipadas con antivaho Swipe, experimenta una visi\u00f3n clara 10 veces m\u00e1s tiempo que con otras gafas. Adem\u00e1s, las lentes ofrecen m\u00e1s espacio para las pesta\u00f1as sin afectar al rendimiento hidrodin\u00e1mico por el que son conocidas las gafas Cobra. Las lentes espejadas son ideales para reducir el deslumbramiento en piscinas muy iluminadas o para nadar al aire libre. \u00a1Personaliza tu look de competici\u00f3n con las lentes de tu color favorito!<\/p>\n","protected":false},"excerpt":{"rendered":"<p>Eleva tu juego con las gafas Cobra Edge Swipe Mirror. La gafa m\u00e1s novedosa aumentar\u00e1 tu rendimiento con una visi\u00f3n ascendente y lateral mejorada, proporcion\u00e1ndote la ventaja de una conciencia visual superior durante la carrera. La innovadora forma de las patillas garantiza un ajuste estable y seguro mientras buceas.<\/p>\n","protected":false},"featured_media":13951,"comment_status":"open","ping_status":"closed","template":"","meta":[],"product_cat":[21,65],"product_tag":[],"brands":[{"id":312,"name":"ARENA","slug":"arena"}],"_links":{"self":[{"href":"https:\/\/crawl.es\/ca\/wp-json\/wp\/v2\/product\/13938"}],"collection":[{"href":"https:\/\/crawl.es\/ca\/wp-json\/wp\/v2\/product"}],"about":[{"href":"https:\/\/crawl.es\/ca\/wp-json\/wp\/v2\/types\/product"}],"replies":[{"embeddable":true,"href":"https:\/\/crawl.es\/ca\/wp-json\/wp\/v2\/comments?post=13938"}],"wp:featuredmedia":[{"embeddable":true,"href":"https:\/\/crawl.es\/ca\/wp-json\/wp\/v2\/media\/13951"}],"wp:attachment":[{"href":"https:\/\/crawl.es\/ca\/wp-json\/wp\/v2\/media?parent=13938"}],"wp:term":[{"taxonomy":"product_cat","embeddable":true,"href":"https:\/\/crawl.es\/ca\/wp-json\/wp\/v2\/product_cat?post=13938"},{"taxonomy":"product_tag","embeddable":true,"href":"https:\/\/crawl.es\/ca\/wp-json\/wp\/v2\/product_tag?post=13938"}],"curies":[{"name":"wp","href":"https:\/\/api.w.org\/{rel}","templated":true}]}}