{"id":13956,"date":"2025-03-04T09:14:47","date_gmt":"2025-03-04T09:14:47","guid":{"rendered":"https:\/\/crawl.es\/producto\/ulleres-arena-light-blue-365-crawl\/"},"modified":"2025-03-04T09:14:47","modified_gmt":"2025-03-04T09:14:47","slug":"ulleres-arena-light-blue-365-crawl","status":"publish","type":"product","link":"https:\/\/crawl.es\/ca\/producto\/ulleres-arena-light-blue-365-crawl\/","title":{"rendered":"ULLERES ARENA LIGHT\/BLUE 365 | CRAWL"},"content":{"rendered":"<p>Les ulleres de nataci\u00f3 sorra 365 s\u00f3n ideals per a cada dia de l&#8217;any.<\/p>\n<p>Dissenyades pensant en la comoditat, la durada i la hidrodin\u00e0mica, porten a m\u00e9s unes lents irrompibles i \u00e0mplies que ofereixen una visi\u00f3 perfecta dins i fora de l&#8217;aigua. La longitud de la corretja es regula f\u00e0cilment amb el tancament posterior per personalitzar l\u02bbajust al m\u00e0xim.<\/p>\n<p>\u00a0<\/p>\n<p>T&#8217;oferim les ulleres sorra 365 en una \u00e0mplia selecci\u00f3 de colors i tipus de vidre, de manera que sempre que en trobis unes del teu gust, el mateix si les prefereixes cridaneres que discretes. Confia en la nostra experi\u00e8ncia de d\u00e8cades i tria unes ulleres resistents i d&#8217;alta qualitat que permetran gaudir de la teva passi\u00f3 per l&#8217;aigua durant moltes temporades.<\/p>\n","protected":false},"excerpt":{"rendered":"<p>Las gafas de nataci\u00f3n arena 365 son ideales para todos los d\u00edas del a\u00f1o.<\/p>\n<p>Dise\u00f1adas pensando en la comodidad, duraci\u00f3n e hidrodin\u00e1mica, llevan adem\u00e1s unas lentes irrompibles y amplias que ofrecen una visi\u00f3n perfecta dentro y fuera del agua. La longitud de la correa se regula f\u00e1cilmente con el cierre posterior para personalizar el ajuste al m\u00e1ximo.<\/p>\n","protected":false},"featured_media":13955,"comment_status":"open","ping_status":"closed","template":"","meta":[],"product_cat":[134,135],"product_tag":[],"brands":[{"id":312,"name":"ARENA","slug":"arena"}],"_links":{"self":[{"href":"https:\/\/crawl.es\/ca\/wp-json\/wp\/v2\/product\/13956"}],"collection":[{"href":"https:\/\/crawl.es\/ca\/wp-json\/wp\/v2\/product"}],"about":[{"href":"https:\/\/crawl.es\/ca\/wp-json\/wp\/v2\/types\/product"}],"replies":[{"embeddable":true,"href":"https:\/\/crawl.es\/ca\/wp-json\/wp\/v2\/comments?post=13956"}],"wp:featuredmedia":[{"embeddable":true,"href":"https:\/\/crawl.es\/ca\/wp-json\/wp\/v2\/media\/13955"}],"wp:attachment":[{"href":"https:\/\/crawl.es\/ca\/wp-json\/wp\/v2\/media?parent=13956"}],"wp:term":[{"taxonomy":"product_cat","embeddable":true,"href":"https:\/\/crawl.es\/ca\/wp-json\/wp\/v2\/product_cat?post=13956"},{"taxonomy":"product_tag","embeddable":true,"href":"https:\/\/crawl.es\/ca\/wp-json\/wp\/v2\/product_tag?post=13956"}],"curies":[{"name":"wp","href":"https:\/\/api.w.org\/{rel}","templated":true}]}}