{"id":13962,"date":"2025-03-04T09:24:19","date_gmt":"2025-03-04T09:24:19","guid":{"rendered":"https:\/\/crawl.es\/producto\/ulleres-arena-the-one-violeta-turquesa-crawl\/"},"modified":"2025-03-04T09:24:19","modified_gmt":"2025-03-04T09:24:19","slug":"ulleres-arena-the-one-violeta-turquesa-crawl","status":"publish","type":"product","link":"https:\/\/crawl.es\/ca\/producto\/ulleres-arena-the-one-violeta-turquesa-crawl\/","title":{"rendered":"Ulleres Arena The One Violeta\/Turquesa | Crawl"},"content":{"rendered":"<p>Hem redissenyat les nostres ulleres de bany universals per al rostre de la dona. Creades per a una adher\u00e8ncia perfecta a la cara, les ulleres The One Woman estan dissenyades per a la nataci\u00f3 intensiva i per als atletes de triatl\u00f3. Compostos de lents de poli carboni i juntes japoneses en cautx\u00fa amb una forma innovadora. Igual que totes les nostres ulleres, Els One Woman s\u00f3n herm\u00e8tics, ofereixen una protecci\u00f3 als raigs UV i no s&#8217;entelaran mentre entres i sals de l&#8217;aigua. El disseny especial \u00e9s f\u00e0cil de posar i compta amb un pont nasal autoajustable i gomes de silicona dividides. Per a una visi\u00f3 perfecta a l&#8217;aigua.<\/p>\n","protected":false},"excerpt":{"rendered":"<p>Hem redissenyat les nostres ulleres de bany universals per al rostre de la dona. Creades per a una adher\u00e8ncia perfecta a la cara, les ulleres The One Woman estan dissenyades per a la nataci\u00f3 intensiva i per als atletes de triatl\u00f3.<\/p>\n<p>REF:002756<\/p>\n","protected":false},"featured_media":13961,"comment_status":"open","ping_status":"closed","template":"","meta":[],"product_cat":[134,135],"product_tag":[],"brands":[{"id":312,"name":"ARENA","slug":"arena"}],"_links":{"self":[{"href":"https:\/\/crawl.es\/ca\/wp-json\/wp\/v2\/product\/13962"}],"collection":[{"href":"https:\/\/crawl.es\/ca\/wp-json\/wp\/v2\/product"}],"about":[{"href":"https:\/\/crawl.es\/ca\/wp-json\/wp\/v2\/types\/product"}],"replies":[{"embeddable":true,"href":"https:\/\/crawl.es\/ca\/wp-json\/wp\/v2\/comments?post=13962"}],"wp:featuredmedia":[{"embeddable":true,"href":"https:\/\/crawl.es\/ca\/wp-json\/wp\/v2\/media\/13961"}],"wp:attachment":[{"href":"https:\/\/crawl.es\/ca\/wp-json\/wp\/v2\/media?parent=13962"}],"wp:term":[{"taxonomy":"product_cat","embeddable":true,"href":"https:\/\/crawl.es\/ca\/wp-json\/wp\/v2\/product_cat?post=13962"},{"taxonomy":"product_tag","embeddable":true,"href":"https:\/\/crawl.es\/ca\/wp-json\/wp\/v2\/product_tag?post=13962"}],"curies":[{"name":"wp","href":"https:\/\/api.w.org\/{rel}","templated":true}]}}