{"id":13971,"date":"2025-03-04T09:44:52","date_gmt":"2025-03-04T09:44:52","guid":{"rendered":"https:\/\/crawl.es\/producto\/swim-snorkel-iii-crawl\/"},"modified":"2025-03-04T09:44:52","modified_gmt":"2025-03-04T09:44:52","slug":"swim-snorkel-iii-crawl","status":"publish","type":"product","link":"https:\/\/crawl.es\/ca\/producto\/swim-snorkel-iii-crawl\/","title":{"rendered":"Swim Snorkel III | Crawl"},"content":{"rendered":"<p>Un tub de nataci\u00f3 \u00e9s l&#8217;ajuda perfecta a qu\u00e8 has de rec\u00f3rrer si vols centrar-te en la teva postura a l&#8217;aigua ia l&#8217;efic\u00e0cia de la bra\u00e7ada. De fet, el nostre snorkel de nataci\u00f3 et deixa respirar cont\u00ednuament submergit sense necessitat que voltegis o volteges el cap. La v\u00e0lvula de purga unidireccional el converteix en un accessori idoni per a principants, ja que evita la ingesta accidental d&#8217;aigua. Per si aix\u00f2 fos poc, presenta un acoblament frontal i trencat, cosa que et permetr\u00e0 parlar f\u00e0cilment amb el teu entrenador de nataci\u00f3 durant les sessions de pr\u00e0ctica. Per posar-li el fermall final, li hem afegit una nova tira ajustable i un pr\u00e0ctic passador.<\/p>\n","protected":false},"excerpt":{"rendered":"<p>Un tub de nataci\u00f3 \u00e9s l&#8217;ajuda perfecta a qu\u00e8 has de rec\u00f3rrer si vols centrar-te en la teva postura a l&#8217;aigua ia l&#8217;efic\u00e0cia de la bra\u00e7ada.<\/p>\n<p>REF: 004825<\/p>\n","protected":false},"featured_media":13970,"comment_status":"open","ping_status":"closed","template":"","meta":[],"product_cat":[134,139],"product_tag":[],"brands":[{"id":312,"name":"ARENA","slug":"arena"}],"_links":{"self":[{"href":"https:\/\/crawl.es\/ca\/wp-json\/wp\/v2\/product\/13971"}],"collection":[{"href":"https:\/\/crawl.es\/ca\/wp-json\/wp\/v2\/product"}],"about":[{"href":"https:\/\/crawl.es\/ca\/wp-json\/wp\/v2\/types\/product"}],"replies":[{"embeddable":true,"href":"https:\/\/crawl.es\/ca\/wp-json\/wp\/v2\/comments?post=13971"}],"wp:featuredmedia":[{"embeddable":true,"href":"https:\/\/crawl.es\/ca\/wp-json\/wp\/v2\/media\/13970"}],"wp:attachment":[{"href":"https:\/\/crawl.es\/ca\/wp-json\/wp\/v2\/media?parent=13971"}],"wp:term":[{"taxonomy":"product_cat","embeddable":true,"href":"https:\/\/crawl.es\/ca\/wp-json\/wp\/v2\/product_cat?post=13971"},{"taxonomy":"product_tag","embeddable":true,"href":"https:\/\/crawl.es\/ca\/wp-json\/wp\/v2\/product_tag?post=13971"}],"curies":[{"name":"wp","href":"https:\/\/api.w.org\/{rel}","templated":true}]}}