{"id":13979,"date":"2025-03-04T10:00:56","date_gmt":"2025-03-04T10:00:56","guid":{"rendered":"https:\/\/crawl.es\/producto\/arena-freeflow-pullbuoy-crawl\/"},"modified":"2025-03-04T10:00:56","modified_gmt":"2025-03-04T10:00:56","slug":"arena-freeflow-pullbuoy-crawl","status":"publish","type":"product","link":"https:\/\/crawl.es\/ca\/producto\/arena-freeflow-pullbuoy-crawl\/","title":{"rendered":"Arena Freeflow Pullbuoy | Crawl"},"content":{"rendered":"<p>Supera&#8217;t a cada entrenament amb un equipament innovador. El nostre Freeflow Pullbuoy \u00e9s una eina \u00f2ptima per millorar la t\u00e8cnica, la for\u00e7a i la resist\u00e8ncia de la part superior del cos. Dissenyat per adaptar-se al nivell de cada nedador, Freeflow t\u00e9 una estructura hidrodin\u00e0mica amb forma de vuit. Est\u00e0 feta d\u02bbescuma suau i lleugera per mantenir la fricci\u00f3 i aportar una comoditat \u00f2ptima. Per utilitzar-lo simplement has de col\u00b7locar-lo entre les cuixes o turmells per millorar la flotabilitat. D\u00b4aquesta manera obtindr\u00e0s un entrenament optimitzat. Aquest Pullbuoy es presenta en tres combinacions diferents que barregen dos tons i estampat amb el nostre logotip. \u00c9s el perfecte company de les nostres Flex Hand Paddles o del nostre Swim Snorkel.<\/p>\n","protected":false},"excerpt":{"rendered":"<p>Supera&#8217;t a cada entrenament amb un equipament innovador. El nostre Freeflow Pullbuoy \u00e9s una eina \u00f2ptima per millorar la t\u00e8cnica, la for\u00e7a i la resist\u00e8ncia de la part superior del cos. Dissenyat per adaptar-se al nivell de cada nedador, Freeflow t\u00e9 una estructura hidrodin\u00e0mica amb forma de vuit.<\/p>\n","protected":false},"featured_media":15718,"comment_status":"open","ping_status":"closed","template":"","meta":[],"product_cat":[134,139],"product_tag":[],"brands":[{"id":312,"name":"ARENA","slug":"arena"}],"_links":{"self":[{"href":"https:\/\/crawl.es\/ca\/wp-json\/wp\/v2\/product\/13979"}],"collection":[{"href":"https:\/\/crawl.es\/ca\/wp-json\/wp\/v2\/product"}],"about":[{"href":"https:\/\/crawl.es\/ca\/wp-json\/wp\/v2\/types\/product"}],"replies":[{"embeddable":true,"href":"https:\/\/crawl.es\/ca\/wp-json\/wp\/v2\/comments?post=13979"}],"wp:featuredmedia":[{"embeddable":true,"href":"https:\/\/crawl.es\/ca\/wp-json\/wp\/v2\/media\/15718"}],"wp:attachment":[{"href":"https:\/\/crawl.es\/ca\/wp-json\/wp\/v2\/media?parent=13979"}],"wp:term":[{"taxonomy":"product_cat","embeddable":true,"href":"https:\/\/crawl.es\/ca\/wp-json\/wp\/v2\/product_cat?post=13979"},{"taxonomy":"product_tag","embeddable":true,"href":"https:\/\/crawl.es\/ca\/wp-json\/wp\/v2\/product_tag?post=13979"}],"curies":[{"name":"wp","href":"https:\/\/api.w.org\/{rel}","templated":true}]}}