{"id":13989,"date":"2025-03-04T10:23:42","date_gmt":"2025-03-04T10:23:42","guid":{"rendered":"https:\/\/crawl.es\/producto\/motxilla-arena-spiky-iii-45l-confetti-black-crawl\/"},"modified":"2025-03-04T10:23:42","modified_gmt":"2025-03-04T10:23:42","slug":"motxilla-arena-spiky-iii-45l-confetti-black-crawl","status":"publish","type":"product","link":"https:\/\/crawl.es\/ca\/producto\/motxilla-arena-spiky-iii-45l-confetti-black-crawl\/","title":{"rendered":"Motxilla Arena Spiky III 45L confetti black | Crawl"},"content":{"rendered":"<p>Motxilla nataci\u00f3 Arena Spiky III 45L confetti black est\u00e0 confeccionada amb un teixit repel\u00b7lent a l&#8217;aigua i compta amb m\u00faltiples compartiments per guardar f\u00e0cilment la roba, el material de nataci\u00f3 i els accessoris.<\/p>\n<p>\u00a0<\/p>\n<p>Combinant funcionalitat amb un estil fresc i esportiu, \u00e9s la companya perfecta pels nedadors amants de l&#8217;aventurera. Un disseny d&#8217;edici\u00f3 limitada, no el deixis massa temps a la cistella!<\/p>\n<p>\u00a0<\/p>\n<p>Fons refor\u00e7at<\/p>\n<p>Protegeix la teva bossa o motxilla del desgast i assegura que es mantingui en posici\u00f3 vertical quan la deixis a terra.<\/p>\n<p>\u00a0<\/p>\n<p>Repel\u00b7lent a l&#8217;aigua<\/p>\n<p>Tractada per eliminar l&#8217;aigua abans que penetri.<\/p>\n<p>\u00a0<\/p>\n<p>M\u00faltiples butxaques<\/p>\n<p>Una combinaci\u00f3 de butxaques frontals i laterals de malla o amb cremallera.<\/p>\n<p>\u00a0<\/p>\n<p>Composici\u00f3 del material<\/p>\n<p>100% Poli\u00e8ster<\/p>\n","protected":false},"excerpt":{"rendered":"<p>Motxilla nataci\u00f3 Arena Spiky III 45L confetti black est\u00e0 confeccionada amb un teixit repel\u00b7lent a l&#8217;aigua i compta amb m\u00faltiples compartiments per guardar f\u00e0cilment la roba, el material de nataci\u00f3 i els accessoris.<\/p>\n","protected":false},"featured_media":13988,"comment_status":"open","ping_status":"closed","template":"","meta":[],"product_cat":[134,140],"product_tag":[],"brands":[{"id":312,"name":"ARENA","slug":"arena"}],"_links":{"self":[{"href":"https:\/\/crawl.es\/ca\/wp-json\/wp\/v2\/product\/13989"}],"collection":[{"href":"https:\/\/crawl.es\/ca\/wp-json\/wp\/v2\/product"}],"about":[{"href":"https:\/\/crawl.es\/ca\/wp-json\/wp\/v2\/types\/product"}],"replies":[{"embeddable":true,"href":"https:\/\/crawl.es\/ca\/wp-json\/wp\/v2\/comments?post=13989"}],"wp:featuredmedia":[{"embeddable":true,"href":"https:\/\/crawl.es\/ca\/wp-json\/wp\/v2\/media\/13988"}],"wp:attachment":[{"href":"https:\/\/crawl.es\/ca\/wp-json\/wp\/v2\/media?parent=13989"}],"wp:term":[{"taxonomy":"product_cat","embeddable":true,"href":"https:\/\/crawl.es\/ca\/wp-json\/wp\/v2\/product_cat?post=13989"},{"taxonomy":"product_tag","embeddable":true,"href":"https:\/\/crawl.es\/ca\/wp-json\/wp\/v2\/product_tag?post=13989"}],"curies":[{"name":"wp","href":"https:\/\/api.w.org\/{rel}","templated":true}]}}