{"id":14015,"date":"2025-03-03T16:35:43","date_gmt":"2025-03-03T16:35:43","guid":{"rendered":"https:\/\/crawl.es\/producto\/arena-ulleres-de-natacio-de-mirall-cobra-core-swipe-crawl\/"},"modified":"2025-03-03T16:35:43","modified_gmt":"2025-03-03T16:35:43","slug":"arena-ulleres-de-natacio-de-mirall-cobra-core-swipe-crawl","status":"publish","type":"product","link":"https:\/\/crawl.es\/ca\/producto\/arena-ulleres-de-natacio-de-mirall-cobra-core-swipe-crawl\/","title":{"rendered":"Arena Ulleres de nataci\u00f3 de mirall Cobra Core Swipe | CRAWL"},"content":{"rendered":"<p>El seu disseny futur\u00edstic no \u00e9s l&#8217;\u00fanic que estimar\u00e0s de les ulleres de nataci\u00f3 noves FINA-testat Cobra Core Swipe Mirror goggles. La seva tecnologia anti-entelat dura fins a 10 vegades m\u00e9s. Quan s&#8217;entela, restaura una visi\u00f3 cristal\u00b7lina amb nom\u00e9s una passada del dit. Creat per a la nataci\u00f3 competitiva, aquestes ulleres asseguren una \u00e0mplia visi\u00f3, un confort extra i menys resist\u00e8ncia a m\u00e0xima velocitat. Amb lents de mirall i protecci\u00f3 UV, s\u00f3n perfectes per a la nataci\u00f3 interior i exterior. Recomanat per a triatlons.<\/p>\n","protected":false},"excerpt":{"rendered":"<p>El seu disseny futur\u00edstic no \u00e9s l&#8217;\u00fanic que estimar\u00e0s de les ulleres de nataci\u00f3 noves FINA-testat Cobra Core Swipe Mirror goggles. La seva tecnologia anti-entelat dura fins a 10 vegades m\u00e9s. Quan s&#8217;entela, restaura una visi\u00f3 cristal\u00b7lina amb nom\u00e9s una passada del dit.<\/p>\n","protected":false},"featured_media":13937,"comment_status":"open","ping_status":"closed","template":"","meta":[],"product_cat":[134,135],"product_tag":[],"brands":[{"id":312,"name":"ARENA","slug":"arena"}],"_links":{"self":[{"href":"https:\/\/crawl.es\/ca\/wp-json\/wp\/v2\/product\/14015"}],"collection":[{"href":"https:\/\/crawl.es\/ca\/wp-json\/wp\/v2\/product"}],"about":[{"href":"https:\/\/crawl.es\/ca\/wp-json\/wp\/v2\/types\/product"}],"replies":[{"embeddable":true,"href":"https:\/\/crawl.es\/ca\/wp-json\/wp\/v2\/comments?post=14015"}],"wp:featuredmedia":[{"embeddable":true,"href":"https:\/\/crawl.es\/ca\/wp-json\/wp\/v2\/media\/13937"}],"wp:attachment":[{"href":"https:\/\/crawl.es\/ca\/wp-json\/wp\/v2\/media?parent=14015"}],"wp:term":[{"taxonomy":"product_cat","embeddable":true,"href":"https:\/\/crawl.es\/ca\/wp-json\/wp\/v2\/product_cat?post=14015"},{"taxonomy":"product_tag","embeddable":true,"href":"https:\/\/crawl.es\/ca\/wp-json\/wp\/v2\/product_tag?post=14015"}],"curies":[{"name":"wp","href":"https:\/\/api.w.org\/{rel}","templated":true}]}}