{"id":14016,"date":"2025-12-03T16:26:15","date_gmt":"2025-03-03T16:26:15","guid":{"rendered":"https:\/\/crawl.es\/producto\/ulleres-de-natacio-cobra-ultra-swipe-mirror\/"},"modified":"2025-03-03T16:26:15","modified_gmt":"2025-03-03T16:26:15","slug":"ulleres-de-natacio-cobra-ultra-swipe-mirror","status":"publish","type":"product","link":"https:\/\/crawl.es\/ca\/producto\/ulleres-de-natacio-cobra-ultra-swipe-mirror\/","title":{"rendered":"Ulleres de Nataci\u00f3 Cobra Ultra Swipe Mirror"},"content":{"rendered":"<p>La nova tecnologia swipe anti-fog de sorra \u00e9s un plantejament revolucionari que soluciona el problema de les ulleres que s&#8217;entelen. El tractament antibaf de la fam\u00edlia Cobra ja era un dels millors del mercat. Ara, sorra ho ha millorat amb la tecnologia Swipe. Swipe Anti-Fog es reactiva nom\u00e9s passant el dit, perqu\u00e8 la protecci\u00f3 duri com a m\u00ednim 10 vegades m\u00e9s. Quan les ulleres s&#8217;entelen, nom\u00e9s cal passar la punta del dit per l&#8217;interior de les lents mentre les ulleres estan submergides, per gaudir durant m\u00e9s temps d&#8217;una visi\u00f3 transparent. Muntura amb un exclusiu disseny daurat. Ulleres disponibles amb lents clares i fosc<\/p>\n","protected":false},"excerpt":{"rendered":"<p>La nova tecnologia swipe anti-fog de sorra \u00e9s un plantejament revolucionari que soluciona el problema de les ulleres que s&#8217;entelen. El tractament antibaf de la fam\u00edlia Cobra ja era un dels millors del mercat. Ara, sorra ho ha millorat amb la tecnologia Swipe. Swipe Anti-Fog es reactiva amb nom\u00e9s passar el dit.<\/p>\n","protected":false},"featured_media":13928,"comment_status":"open","ping_status":"closed","template":"","meta":[],"product_cat":[134,135],"product_tag":[],"brands":[{"id":312,"name":"ARENA","slug":"arena"}],"_links":{"self":[{"href":"https:\/\/crawl.es\/ca\/wp-json\/wp\/v2\/product\/14016"}],"collection":[{"href":"https:\/\/crawl.es\/ca\/wp-json\/wp\/v2\/product"}],"about":[{"href":"https:\/\/crawl.es\/ca\/wp-json\/wp\/v2\/types\/product"}],"replies":[{"embeddable":true,"href":"https:\/\/crawl.es\/ca\/wp-json\/wp\/v2\/comments?post=14016"}],"wp:featuredmedia":[{"embeddable":true,"href":"https:\/\/crawl.es\/ca\/wp-json\/wp\/v2\/media\/13928"}],"wp:attachment":[{"href":"https:\/\/crawl.es\/ca\/wp-json\/wp\/v2\/media?parent=14016"}],"wp:term":[{"taxonomy":"product_cat","embeddable":true,"href":"https:\/\/crawl.es\/ca\/wp-json\/wp\/v2\/product_cat?post=14016"},{"taxonomy":"product_tag","embeddable":true,"href":"https:\/\/crawl.es\/ca\/wp-json\/wp\/v2\/product_tag?post=14016"}],"curies":[{"name":"wp","href":"https:\/\/api.w.org\/{rel}","templated":true}]}}