{"id":14017,"date":"2022-01-31T18:33:35","date_gmt":"2022-01-31T18:33:35","guid":{"rendered":"https:\/\/crawl.es\/producto\/aqua-bandas-elksport-crawl\/"},"modified":"2022-01-31T18:33:35","modified_gmt":"2022-01-31T18:33:35","slug":"aqua-bandas-elksport-crawl","status":"publish","type":"product","link":"https:\/\/crawl.es\/ca\/producto\/aqua-bandas-elksport-crawl\/","title":{"rendered":"Aqua Bandas Elksport | CRAWL"},"content":{"rendered":"<p>Les Aqua Bandes Elksport s\u00f3n canelleres-turmelleres llastrades, dissenyades espec\u00edficament per al seu \u00fas en piscina. Aquestes bandes proporcionen una resist\u00e8ncia addicional durant els exercicis aqu\u00e0tics, ajudant a millorar la for\u00e7a i el to muscular. La coberta i els pesos es poden rentar per separat, assegurant una higiene i durabilitat \u00f2ptimes.<\/p>\n<p>\u00a0<\/p>\n<p>Caracter\u00edstiques destacables:<\/p>\n<p>&#8211; Coberta: Malla de poliuret\u00e0, nil\u00f3 i velcro.<\/p>\n<p>&#8211; Pesos (gel de silicona): Disponibles en 500 g i 1 kg.<\/p>\n<p>&#8211; Ajustament segur i c\u00f2mode.<\/p>\n<p>&#8211; Dissenyades per millorar la resist\u00e8ncia i la for\u00e7a muscular.<\/p>\n<p>&#8211; Ideals per a \u00fas a la piscina.<\/p>\n<p>\u00a0<\/p>\n<p>\u00das recomanat:<\/p>\n<p>Perfectes per als que busquen afegir un nivell extra de resist\u00e8ncia als seus entrenaments aqu\u00e0tics. Ideals per millorar la for\u00e7a, resist\u00e8ncia i to muscular de les extremitats.<\/p>\n<p>\u00a0<\/p>\n<p>No perdis l&#8217;oportunitat d&#8217;adquirir les Aqua Bandes Elksport de CRAWL. Compra ara i optimitza els teus entrenaments aqu\u00e0tics amb aquestes bandes essencials!<\/p>\n","protected":false},"excerpt":{"rendered":"<p>Compra les Aqua Bandes Elksport a CRAWL. Canelleres-turmelleres llastades per a exercicis en piscina, milloren la resist\u00e8ncia i for\u00e7a muscular.<\/p>\n","protected":false},"featured_media":5207,"comment_status":"open","ping_status":"closed","template":"","meta":[],"product_cat":[134,139],"product_tag":[],"brands":[{"id":302,"name":"Elk Sport","slug":"elk-sport"}],"_links":{"self":[{"href":"https:\/\/crawl.es\/ca\/wp-json\/wp\/v2\/product\/14017"}],"collection":[{"href":"https:\/\/crawl.es\/ca\/wp-json\/wp\/v2\/product"}],"about":[{"href":"https:\/\/crawl.es\/ca\/wp-json\/wp\/v2\/types\/product"}],"replies":[{"embeddable":true,"href":"https:\/\/crawl.es\/ca\/wp-json\/wp\/v2\/comments?post=14017"}],"wp:featuredmedia":[{"embeddable":true,"href":"https:\/\/crawl.es\/ca\/wp-json\/wp\/v2\/media\/5207"}],"wp:attachment":[{"href":"https:\/\/crawl.es\/ca\/wp-json\/wp\/v2\/media?parent=14017"}],"wp:term":[{"taxonomy":"product_cat","embeddable":true,"href":"https:\/\/crawl.es\/ca\/wp-json\/wp\/v2\/product_cat?post=14017"},{"taxonomy":"product_tag","embeddable":true,"href":"https:\/\/crawl.es\/ca\/wp-json\/wp\/v2\/product_tag?post=14017"}],"curies":[{"name":"wp","href":"https:\/\/api.w.org\/{rel}","templated":true}]}}