{"id":14021,"date":"2022-01-26T15:56:43","date_gmt":"2022-01-26T15:56:43","guid":{"rendered":"https:\/\/crawl.es\/producto\/ullera-zoggs-predator-flex-regular-fit-crawl\/"},"modified":"2022-01-26T15:56:43","modified_gmt":"2022-01-26T15:56:43","slug":"ullera-zoggs-predator-flex-regular-fit-crawl","status":"publish","type":"product","link":"https:\/\/crawl.es\/ca\/producto\/ullera-zoggs-predator-flex-regular-fit-crawl\/","title":{"rendered":"Ullera Zoggs Predator Flex Regular Fit | CRAWL"},"content":{"rendered":"<p>Prepareu-vos per experimentar el nostre millor ajust fins al moment amb les nostres ulleres de nataci\u00f3 polaritzades Predator Flex. La gamma Predator Flex ofereix comoditat i ajustament inigualables gr\u00e0cies a l&#8217;\u00fas de punts flexibles 3D per a m\u00e9s flexibilitat del marc i un ajustament personalitzat.<\/p>\n<p>\u00a0<\/p>\n<p>Caracter\u00edstiques destacables:<\/p>\n<p>&#8211; Comoditat superior: Punts flexibles 3D per a un ajustament perfecte i personalitzat.<\/p>\n<p>&#8211; Lents polaritzades: Reducci\u00f3 de reflexos i enlluernament, ideal per a condicions d&#8217;alta lluminositat.<\/p>\n<p>&#8211; Flexibilitat del marc: Major adaptabilitat i confort durant l\u00fas.<\/p>\n<p>&#8211; Ajustament personalitzat: Dissenyades per ajustar-se perfectament a una \u00e0mplia gamma de formes de cara.<\/p>\n<p>\u00a0<\/p>\n<p>Composici\u00f3 del material:<\/p>\n<p>\u2013 Materials d&#8217;alta qualitat: Garanteixen durabilitat i rendiment.<\/p>\n<p>\u00a0<\/p>\n<p>\u00das recomanat:<\/p>\n<p>Aquestes ulleres s\u00f3n perfectes per a qualsevol nedador que busqui rendiment i confort, tant en entrenaments diaris com en competicions. Asseguren una visi\u00f3 clara i c\u00f2moda, permetent concentrar-se a cada bra\u00e7ada.<\/p>\n<p>\u00a0<\/p>\n<p>No perdis l&#8217;oportunitat de millorar la teva experi\u00e8ncia a l&#8217;aigua amb les Ulleres Zoggs Predator Flex Regular Fit de CRAWL. Compra ara i gaudeix d\u00b4una nataci\u00f3 superior!<\/p>\n","protected":false},"excerpt":{"rendered":"<p>Compra les Ulleres Zoggs Predator Flex Regular Fit a CRAWL. Comoditat, ajustament personalitzat i lents polaritzades.<\/p>\n","protected":false},"featured_media":5058,"comment_status":"open","ping_status":"closed","template":"","meta":[],"product_cat":[134,135],"product_tag":[],"brands":[{"id":24,"name":"Zoggs","slug":"zoggs"}],"_links":{"self":[{"href":"https:\/\/crawl.es\/ca\/wp-json\/wp\/v2\/product\/14021"}],"collection":[{"href":"https:\/\/crawl.es\/ca\/wp-json\/wp\/v2\/product"}],"about":[{"href":"https:\/\/crawl.es\/ca\/wp-json\/wp\/v2\/types\/product"}],"replies":[{"embeddable":true,"href":"https:\/\/crawl.es\/ca\/wp-json\/wp\/v2\/comments?post=14021"}],"wp:featuredmedia":[{"embeddable":true,"href":"https:\/\/crawl.es\/ca\/wp-json\/wp\/v2\/media\/5058"}],"wp:attachment":[{"href":"https:\/\/crawl.es\/ca\/wp-json\/wp\/v2\/media?parent=14021"}],"wp:term":[{"taxonomy":"product_cat","embeddable":true,"href":"https:\/\/crawl.es\/ca\/wp-json\/wp\/v2\/product_cat?post=14021"},{"taxonomy":"product_tag","embeddable":true,"href":"https:\/\/crawl.es\/ca\/wp-json\/wp\/v2\/product_tag?post=14021"}],"curies":[{"name":"wp","href":"https:\/\/api.w.org\/{rel}","templated":true}]}}