{"id":14030,"date":"2025-10-10T17:50:17","date_gmt":"2021-11-25T17:50:17","guid":{"rendered":"https:\/\/crawl.es\/producto\/tovallola-rizo-microfibra-145-x-100-cm-ka-mate-crawl\/"},"modified":"2021-11-25T17:50:17","modified_gmt":"2021-11-25T17:50:17","slug":"tovallola-rizo-microfibra-145-x-100-cm-ka-mate-crawl","status":"publish","type":"product","link":"https:\/\/crawl.es\/ca\/producto\/tovallola-rizo-microfibra-145-x-100-cm-ka-mate-crawl\/","title":{"rendered":"Tovallola Ris Microfibra (145 x 100 cm) Ka-Mate | CRAWL"},"content":{"rendered":"<p>La Tovallola Ris Microfibra (145 x 100 cm) Ka-Mate de Turbo est\u00e0 dissenyada per oferir la millor qualitat possible. Confeccionada amb teixit de microfibra i cot\u00f3 de primera qualitat, aquesta tovallola permet un assecat r\u00e0pid i una excel\u00b7lent resist\u00e8ncia al clor. A m\u00e9s, \u00e9s molt lleugera i ocupa poc espai, facilitant-ne l&#8217;emmagatzematge en qualsevol bossa o motxilla.<\/p>\n<p>\u00a0<\/p>\n<p>Caracter\u00edstiques destacables:<\/p>\n<p>&#8211; 100% microfibra i cot\u00f3 d\u00b4alta qualitat.<\/p>\n<p>&#8211; Assecat r\u00e0pid i eficient.<\/p>\n<p>&#8211; Resistent al clor.<\/p>\n<p>&#8211; Lleugera i f\u00e0cil de transportar.<\/p>\n<p>&#8211; Utilitzada per esportistes d&#8217;elit de seleccions nacionals com Espanyola, Estats Units i Austr\u00e0lia.<\/p>\n<p>&#8211; Ideal per a \u00fas en piscines i esports aqu\u00e0tics.<\/p>\n<p>\u00a0<\/p>\n<p>Aquesta tovallola garanteix comoditat i durabilitat, mantenint la seva aparen\u00e7a i funcionalitat fins i tot amb l\u00fas freq\u00fcent. Perfecta per mantenir la higiene i comoditat durant i despr\u00e9s de les activitats aqu\u00e0tiques.<\/p>\n<p>\u00a0<\/p>\n<p>\u00das recomanat:<\/p>\n<p>Recomanem fer servir aquesta tovallola per assecar despr\u00e9s de nedar o participar en esports aqu\u00e0tics. L&#8217;alta capacitat d&#8217;absorci\u00f3 i suavitat la fan perfecta per mantenir la comoditat i la higiene.<\/p>\n<p>\u00a0<\/p>\n<p>No perdis l&#8217;oportunitat d&#8217;adquirir la Tovallola Rizo Microfibra (145 x 100 cm) Ka-Mate Ref: 9891698 de CRAWL. Compra ara i gaudeix de la millor qualitat i funcionalitat per a les activitats aqu\u00e0tiques!<\/p>\n","protected":false},"excerpt":{"rendered":"<p>Compra la Tovallola Rizo Microfibra (145 x 100 cm) Ka-Mate a CRAWL. Dissenyada per assecar r\u00e0pidament despr\u00e9s de nedar, resistent al clor i lleugera.<\/p>\n<p>Ref: 9891698.<\/p>\n","protected":false},"featured_media":15421,"comment_status":"open","ping_status":"closed","template":"","meta":[],"product_cat":[134,145],"product_tag":[],"brands":[{"id":22,"name":"Turbo","slug":"turbo"}],"_links":{"self":[{"href":"https:\/\/crawl.es\/ca\/wp-json\/wp\/v2\/product\/14030"}],"collection":[{"href":"https:\/\/crawl.es\/ca\/wp-json\/wp\/v2\/product"}],"about":[{"href":"https:\/\/crawl.es\/ca\/wp-json\/wp\/v2\/types\/product"}],"replies":[{"embeddable":true,"href":"https:\/\/crawl.es\/ca\/wp-json\/wp\/v2\/comments?post=14030"}],"wp:featuredmedia":[{"embeddable":true,"href":"https:\/\/crawl.es\/ca\/wp-json\/wp\/v2\/media\/15421"}],"wp:attachment":[{"href":"https:\/\/crawl.es\/ca\/wp-json\/wp\/v2\/media?parent=14030"}],"wp:term":[{"taxonomy":"product_cat","embeddable":true,"href":"https:\/\/crawl.es\/ca\/wp-json\/wp\/v2\/product_cat?post=14030"},{"taxonomy":"product_tag","embeddable":true,"href":"https:\/\/crawl.es\/ca\/wp-json\/wp\/v2\/product_tag?post=14030"}],"curies":[{"name":"wp","href":"https:\/\/api.w.org\/{rel}","templated":true}]}}