{"id":14031,"date":"2021-11-16T18:48:11","date_gmt":"2021-11-16T18:48:11","guid":{"rendered":"https:\/\/crawl.es\/producto\/happy-kids-boxer-turbo-smiling-whale-crawl\/"},"modified":"2021-11-16T18:48:11","modified_gmt":"2021-11-16T18:48:11","slug":"happy-kids-boxer-turbo-smiling-whale-crawl","status":"publish","type":"product","link":"https:\/\/crawl.es\/ca\/producto\/happy-kids-boxer-turbo-smiling-whale-crawl\/","title":{"rendered":"HAPPY KIDS &#8211; BOXER TURBO SMILING WHALE | CRAWL"},"content":{"rendered":"<p>Banyadors de nen Turbo<\/p>\n<p>Els banyadors de nen Turbo estan especialment dissenyats per als m\u00e9s petits de la casa. Estan confeccionats amb materials que garanteixen el confort durant l&#8217;\u00fas, alhora que asseguren una durabilitat extrema. Estan fabricats i pensats per a un \u00fas intensiu a la pr\u00e0ctica de la nataci\u00f3 i altres esports aqu\u00e0tics com el waterpolo, triatl\u00f3, nataci\u00f3 sincronitzada, etc.<\/p>\n<p>\u00a0<\/p>\n<p>Si cerques un banyador per a nen de qualitat, sens dubte Turbo \u00e9s la marca de banyadors infantils que necessites. Disposem d\u00b4un gran recorregut en la fabricaci\u00f3 de banyadors per a nens, amb m\u00e9s de 60 anys d\u00b4experi\u00e8ncia que ens avalen com un dels grans l\u00edders a nivell mundial en aquest sector.<\/p>\n<p>\u00a0<\/p>\n<p>Si el teu fill practica nataci\u00f3 o qualsevol altre esport aqu\u00e0tic, els nostres banyadors per a nens estan especialment pensats per satisfer totes les necessitats. Fem servir els millors materials del mercat perqu\u00e8 aquests siguin perfectes per a un \u00fas diari, gr\u00e0cies al seu assecat r\u00e0pid.<\/p>\n<p>\u00a0<\/p>\n<p>El banyador de nen m\u00e9s resistent<\/p>\n<p>Fem servir tots els nostres recursos per seguir millorant la nostra tecnologia i que els banyadors Turbo infantils siguin encara m\u00e9s resistents. Sotmetem les teles en un proc\u00e9s de control, que garanteix que no es formin boles de borrissol amb el pas del temps, evitant aix\u00ed el desgast i la formaci\u00f3 de pilling (aquest pilling se sotmet a tests amb m\u00e9s de 7.000 cicles, cosa que ens reafirma la gran resist\u00e8ncia del teixit).<\/p>\n<p>La resist\u00e8ncia dels nostres banyadors per a nens \u00e9s incre\u00efble, ja que estan fabricats amb els millors materials i amb la tecnologia m\u00e9s innovadora per refor\u00e7ar-ne la resist\u00e8ncia i el confort.<\/p>\n<p>\u00a0<\/p>\n<p>A Turbo, tots els nostres vestits de bany s\u00f3n resistents al clor i suporten perfectament l&#8217;\u00fas en aigua salada, ja que estan fets del material m\u00e9s resistent del mercat. Els nostres banyadors per a nens s\u00f3n resistents als raigs ultraviolats amb una toler\u00e0ncia de SPF+50, i per aquest motiu s\u00f3n tamb\u00e9 recomanats per a l&#8217;\u00fas tant a la platja com a piscines ubicades a l&#8217;exterior.<\/p>\n<p>\u00a0<\/p>\n<p>Gr\u00e0cies a tot all\u00f2 esmentat amb anterioritat, aconseguim que els nostres banyadors resisteixin en perfectes condicions al llarg del seu \u00fas, mantenint tamb\u00e9 la intensitat dels colors durant molt m\u00e9s temps.<\/p>\n","protected":false},"excerpt":{"rendered":"<p>Els banyadors de nen Turbo estan especialment dissenyats per als m\u00e9s petits de la casa. Estan confeccionats amb materials que garanteixen el confort durant l&#8217;\u00fas, alhora que asseguren una durabilitat extrema. Estan fabricats i pensats per a un \u00fas intensiu a la pr\u00e0ctica de la nataci\u00f3 i altres esports aqu\u00e0tics com el waterpolo, triatl\u00f3, nataci\u00f3 sincronitzada, etc.<\/p>\n","protected":false},"featured_media":13649,"comment_status":"open","ping_status":"closed","template":"","meta":[],"product_cat":[156,226],"product_tag":[],"brands":[{"id":22,"name":"Turbo","slug":"turbo"}],"_links":{"self":[{"href":"https:\/\/crawl.es\/ca\/wp-json\/wp\/v2\/product\/14031"}],"collection":[{"href":"https:\/\/crawl.es\/ca\/wp-json\/wp\/v2\/product"}],"about":[{"href":"https:\/\/crawl.es\/ca\/wp-json\/wp\/v2\/types\/product"}],"replies":[{"embeddable":true,"href":"https:\/\/crawl.es\/ca\/wp-json\/wp\/v2\/comments?post=14031"}],"wp:featuredmedia":[{"embeddable":true,"href":"https:\/\/crawl.es\/ca\/wp-json\/wp\/v2\/media\/13649"}],"wp:attachment":[{"href":"https:\/\/crawl.es\/ca\/wp-json\/wp\/v2\/media?parent=14031"}],"wp:term":[{"taxonomy":"product_cat","embeddable":true,"href":"https:\/\/crawl.es\/ca\/wp-json\/wp\/v2\/product_cat?post=14031"},{"taxonomy":"product_tag","embeddable":true,"href":"https:\/\/crawl.es\/ca\/wp-json\/wp\/v2\/product_tag?post=14031"}],"curies":[{"name":"wp","href":"https:\/\/api.w.org\/{rel}","templated":true}]}}