{"id":14059,"date":"2021-09-10T17:27:08","date_gmt":"2021-09-10T17:27:08","guid":{"rendered":"https:\/\/crawl.es\/producto\/finis-hydro-hip-crawl\/"},"modified":"2021-09-10T17:27:08","modified_gmt":"2021-09-10T17:27:08","slug":"finis-hydro-hip-crawl","status":"publish","type":"product","link":"https:\/\/crawl.es\/ca\/producto\/finis-hydro-hip-crawl\/","title":{"rendered":"Finis Hydro Hip | CRAWL"},"content":{"rendered":"<p>El Finis Hydro Hip \u00e9s una eina innovadora dissenyada per treballar i enfortir els m\u00fasculs involucrats en la rotaci\u00f3 o rolit, &#8220;enfortint el Core&#8221;. Compost per un cintur\u00f3 de nil\u00f3 i dues aletes, aquest accessori es col\u00b7loca a la cintura o m\u00e9s avall, a la zona dels malucs. Les aletes han de quedar una a cada costat de la cintura o maluc. Un cop ben col\u00b7locades, s&#8217;ajusta el cintur\u00f3 mitjan\u00e7ant el tancament &#8220;f\u00e0cil&#8221; que t\u00e9.<\/p>\n<p>\u00a0<\/p>\n<p>Caracter\u00edstiques destacables:<\/p>\n<p>&#8211; Cintur\u00f3 de nil\u00f3 amb aletes laterals.<\/p>\n<p>&#8211; Fixaci\u00f3 segura i f\u00e0cil dajustar.<\/p>\n<p>&#8211; Enforteix els m\u00fasculs del Core i millora la t\u00e8cnica de rotaci\u00f3.<\/p>\n<p>&#8211; Ideal per entrenar estils de nataci\u00f3 com crol, bra\u00e7a i esquena.<\/p>\n<p>&#8211; Ajust c\u00f2mode i segur, evitant lliscaments.<\/p>\n<p>\u00a0<\/p>\n<p>\u00das recomanat:<\/p>\n<p>Recomanem fer servir el Finis Hydro Hip per entrenar la t\u00e8cnica de rotaci\u00f3 en crol, aix\u00ed com en altres estils com bra\u00e7a i esquena. Per bra\u00e7a, s&#8217;ha de col\u00b7locar per sobre de la cintura i una mica m\u00e9s avall del pit; per a esquena, la col\u00b7locaci\u00f3 \u00e9s igual que en crol. \u00c9s important ajustar b\u00e9 a la cintura o maluc per evitar que es giri, i utilitzar-lo amb banyadors de nataci\u00f3 normals per a un millor ajust.<\/p>\n<p>\u00a0<\/p>\n<p>No perdis l&#8217;oportunitat d&#8217;adquirir Finis Hydro Hip de CRAWL. Compra ara i millora la teva t\u00e8cnica de nataci\u00f3 amb aquesta eina essencial!<\/p>\n","protected":false},"excerpt":{"rendered":"<p>Compra el Finis Hydro Hip a CRAWL. Dissenyat per enfortir el Core i millorar la t\u00e8cnica de rotaci\u00f3 en nataci\u00f3. Ideal per a crol, bra\u00e7a i esquena.<\/p>\n","protected":false},"featured_media":4634,"comment_status":"open","ping_status":"closed","template":"","meta":[],"product_cat":[134,139],"product_tag":[],"brands":[{"id":294,"name":"Finis","slug":"finis"}],"_links":{"self":[{"href":"https:\/\/crawl.es\/ca\/wp-json\/wp\/v2\/product\/14059"}],"collection":[{"href":"https:\/\/crawl.es\/ca\/wp-json\/wp\/v2\/product"}],"about":[{"href":"https:\/\/crawl.es\/ca\/wp-json\/wp\/v2\/types\/product"}],"replies":[{"embeddable":true,"href":"https:\/\/crawl.es\/ca\/wp-json\/wp\/v2\/comments?post=14059"}],"wp:featuredmedia":[{"embeddable":true,"href":"https:\/\/crawl.es\/ca\/wp-json\/wp\/v2\/media\/4634"}],"wp:attachment":[{"href":"https:\/\/crawl.es\/ca\/wp-json\/wp\/v2\/media?parent=14059"}],"wp:term":[{"taxonomy":"product_cat","embeddable":true,"href":"https:\/\/crawl.es\/ca\/wp-json\/wp\/v2\/product_cat?post=14059"},{"taxonomy":"product_tag","embeddable":true,"href":"https:\/\/crawl.es\/ca\/wp-json\/wp\/v2\/product_tag?post=14059"}],"curies":[{"name":"wp","href":"https:\/\/api.w.org\/{rel}","templated":true}]}}