{"id":14062,"date":"2021-07-22T15:41:52","date_gmt":"2021-07-22T15:41:52","guid":{"rendered":"https:\/\/crawl.es\/producto\/funda-neopre-ampolla-termo-runbott-crawl\/"},"modified":"2021-07-22T15:41:52","modified_gmt":"2021-07-22T15:41:52","slug":"funda-neopre-ampolla-termo-runbott-crawl","status":"publish","type":"product","link":"https:\/\/crawl.es\/ca\/producto\/funda-neopre-ampolla-termo-runbott-crawl\/","title":{"rendered":"Funda Neopr\u00e8 Ampolla Termo Runbott | CRAWL"},"content":{"rendered":"<p>La Funda Neopr\u00e8 per a Ampolla Termo Runbott \u00e9s l&#8217;accessori perfecte per protegir la teva ampolla de cops i esgarrapades mentre la portes amb tu a tot arreu Confeccionada amb material de neopr\u00e8 resistent, aquesta funda \u00e9s ideal per mantenir la teva ampolla en perfecte estat<\/p>\n<p>\u00a0<\/p>\n<p>Caracter\u00edstiques destacables:<\/p>\n<p>&#8211; Material: Neopr\u00e8 resistent.<\/p>\n<p>&#8211; Protegeix de cops i esgarrapades.<\/p>\n<p>&#8211; Corretja ajustable per a un ajustament c\u00f2mode.<\/p>\n<p>&#8211; Ideal per portar la teva ampolla de manera segura.<\/p>\n<p>\u00a0<\/p>\n<p>Aquesta funda garanteix que la teva ampolla estigui protegida i segura, permetent gaudir de les teves begudes fredes o calentes sense preocupacions.<\/p>\n<p>\u00a0<\/p>\n<p>\u00das recomanat:<\/p>\n<p>Recomanem fer servir aquesta funda per transportar la teva ampolla Termo Runbott a qualsevol lloc, ja sigui durant les teves activitats esportives, a la feina oa les teves aventures a l&#8217;aire lliure.<\/p>\n<p>\u00a0<\/p>\n<p>No perdis l&#8217;oportunitat d&#8217;adquirir la Funda Neopr\u00e8 Ampolla Termo Runbott de CRAWL. Compra ara i protegeix la teva ampolla de manera segura!<\/p>\n","protected":false},"excerpt":{"rendered":"<p>Compra la Funda Neopreno Botella Termo Runbott en CRAWL. Protege tu botella de golpes y ara\u00f1azos con correa ajustable para un transporte seguro.<\/p>\n<p>\u00a0<\/p>\n","protected":false},"featured_media":4531,"comment_status":"open","ping_status":"closed","template":"","meta":[],"product_cat":[134,415],"product_tag":[],"brands":[{"id":291,"name":"Runbott","slug":"runbott"}],"_links":{"self":[{"href":"https:\/\/crawl.es\/ca\/wp-json\/wp\/v2\/product\/14062"}],"collection":[{"href":"https:\/\/crawl.es\/ca\/wp-json\/wp\/v2\/product"}],"about":[{"href":"https:\/\/crawl.es\/ca\/wp-json\/wp\/v2\/types\/product"}],"replies":[{"embeddable":true,"href":"https:\/\/crawl.es\/ca\/wp-json\/wp\/v2\/comments?post=14062"}],"wp:featuredmedia":[{"embeddable":true,"href":"https:\/\/crawl.es\/ca\/wp-json\/wp\/v2\/media\/4531"}],"wp:attachment":[{"href":"https:\/\/crawl.es\/ca\/wp-json\/wp\/v2\/media?parent=14062"}],"wp:term":[{"taxonomy":"product_cat","embeddable":true,"href":"https:\/\/crawl.es\/ca\/wp-json\/wp\/v2\/product_cat?post=14062"},{"taxonomy":"product_tag","embeddable":true,"href":"https:\/\/crawl.es\/ca\/wp-json\/wp\/v2\/product_tag?post=14062"}],"curies":[{"name":"wp","href":"https:\/\/api.w.org\/{rel}","templated":true}]}}