{"id":14064,"date":"2021-06-26T08:39:51","date_gmt":"2021-06-26T08:39:51","guid":{"rendered":"https:\/\/crawl.es\/producto\/head-contour-paddle-crawl\/"},"modified":"2021-06-26T08:39:51","modified_gmt":"2021-06-26T08:39:51","slug":"head-contour-paddle-crawl","status":"publish","type":"product","link":"https:\/\/crawl.es\/ca\/producto\/head-contour-paddle-crawl\/","title":{"rendered":"Head Contour Paddle | CRAWL"},"content":{"rendered":"<p>Las palas Head Contour Paddle con tiras ajustables de silicona para las manos ayudan al desarrollo de determinados m\u00fasculos y a mejorar la t\u00e9cnica en la brazada. Estas palas son ideales para nadadores que buscan mejorar su rendimiento y t\u00e9cnica en el agua.<\/p>\n<p>\u00a0<\/p>\n<p>Caracter\u00edsticas destacables:<\/p>\n<p>&#8211; Tiras ajustables de silicona para un ajuste c\u00f3modo y seguro.<\/p>\n<p>&#8211; Ayudan al desarrollo de m\u00fasculos espec\u00edficos.<\/p>\n<p>&#8211; Mejoran la t\u00e9cnica en la brazada.<\/p>\n<p>&#8211; Dise\u00f1o ergon\u00f3mico para un uso c\u00f3modo.<\/p>\n<p>\u00a0<\/p>\n<p>Uso recomendado:<\/p>\n<p>Recomendamos usar estas palas para entrenamientos de nataci\u00f3n, ya que ayudan a fortalecer los m\u00fasculos y mejorar la t\u00e9cnica de brazada. Perfectas para nadadores de todos los niveles.<\/p>\n<p>\u00a0<\/p>\n<p>No pierdas la oportunidad de adquirir las palas Head Contour Paddle 455496 de CRAWL. \u00a1Compra ahora y lleva tu t\u00e9cnica de nataci\u00f3n al siguiente nivel!<\/p>\n<p>\u00a0<\/p>\n","protected":false},"excerpt":{"rendered":"<p>Compra les pales Head Contour Paddle 455496 a CRAWL. Ajuden al desenvolupament de m\u00fasculs i millora la t\u00e8cnica de bra\u00e7ada amb tires ajustables de silicona.<\/p>\n","protected":false},"featured_media":4374,"comment_status":"open","ping_status":"closed","template":"","meta":[],"product_cat":[134,139],"product_tag":[],"brands":[{"id":23,"name":"Head","slug":"head"}],"_links":{"self":[{"href":"https:\/\/crawl.es\/ca\/wp-json\/wp\/v2\/product\/14064"}],"collection":[{"href":"https:\/\/crawl.es\/ca\/wp-json\/wp\/v2\/product"}],"about":[{"href":"https:\/\/crawl.es\/ca\/wp-json\/wp\/v2\/types\/product"}],"replies":[{"embeddable":true,"href":"https:\/\/crawl.es\/ca\/wp-json\/wp\/v2\/comments?post=14064"}],"wp:featuredmedia":[{"embeddable":true,"href":"https:\/\/crawl.es\/ca\/wp-json\/wp\/v2\/media\/4374"}],"wp:attachment":[{"href":"https:\/\/crawl.es\/ca\/wp-json\/wp\/v2\/media?parent=14064"}],"wp:term":[{"taxonomy":"product_cat","embeddable":true,"href":"https:\/\/crawl.es\/ca\/wp-json\/wp\/v2\/product_cat?post=14064"},{"taxonomy":"product_tag","embeddable":true,"href":"https:\/\/crawl.es\/ca\/wp-json\/wp\/v2\/product_tag?post=14064"}],"curies":[{"name":"wp","href":"https:\/\/api.w.org\/{rel}","templated":true}]}}