{"id":14073,"date":"2021-05-18T15:40:16","date_gmt":"2021-05-18T15:40:16","guid":{"rendered":"https:\/\/crawl.es\/producto\/xiulet-mini-fox-40-ref-9808822-crawl\/"},"modified":"2021-05-18T15:40:16","modified_gmt":"2021-05-18T15:40:16","slug":"xiulet-mini-fox-40-ref-9808822-crawl","status":"publish","type":"product","link":"https:\/\/crawl.es\/ca\/producto\/xiulet-mini-fox-40-ref-9808822-crawl\/","title":{"rendered":"Xiulet Mini Fox 40 Ref: 9808822 | CRAWL"},"content":{"rendered":"<p>El Xiulet Mini Fox 40 Ref: 9808822 \u00e9s una versi\u00f3 compacta del cl\u00e0ssic xiulet Fox 40, ideal per a aquells que busquen un xiulet de menor mida sense perdre pot\u00e8ncia. Aquest xiulet sense bola t\u00e9 un disseny de tres c\u00e0meres que garanteix un so potent i agut de 109 dB, perfecte per ser escoltat en qualsevol entorn esportiu.<\/p>\n<p>\u00a0<\/p>\n<p>Caracter\u00edstiques destacables:<\/p>\n<p>&#8211; Disseny compacte i f\u00e0cil de transportar.<\/p>\n<p>&#8211; So potent i agut de 109 dB.<\/p>\n<p>&#8211; Doble c\u00e0mara sense bola per a major durabilitat i higiene.<\/p>\n<p>&#8211; Ideal per a esports i activitats a l&#8217;aire lliure.<\/p>\n<p>\u00a0<\/p>\n<p>Aquest xiulet \u00e9s perfecte per a entrenadors, \u00e0rbitres i qualsevol persona que necessiti un xiulet fiable i potent.<\/p>\n<p>\u00a0<\/p>\n<p>\u00das recomanat:<\/p>\n<p>Recomanem fer servir aquest xiulet en qualsevol activitat esportiva on es requereixi un senyal clar i audible. La seva mida compacte el fa f\u00e0cil de portar a la butxaca i el seu so potent garanteix que sigui escoltat en qualsevol entorn.<\/p>\n<p>\u00a0<\/p>\n<p>No perdis l&#8217;oportunitat d&#8217;adquirir el Xiulet Mini Fox 40 Ref: 9808822 de CRAWL. Compra ara i assegura un senyal clar en totes les teves activitats esportives!<\/p>\n","protected":false},"excerpt":{"rendered":"<p>Compra el Xiulet Mini Fox 40 Ref: 9808822 a CRAWL. Xiulet compacte amb so potent de 109 dB, ideal per a esports i activitats a l&#8217;aire lliure.<\/p>\n","protected":false},"featured_media":4091,"comment_status":"open","ping_status":"closed","template":"","meta":[],"product_cat":[134,415],"product_tag":[],"brands":[{"id":22,"name":"Turbo","slug":"turbo"}],"_links":{"self":[{"href":"https:\/\/crawl.es\/ca\/wp-json\/wp\/v2\/product\/14073"}],"collection":[{"href":"https:\/\/crawl.es\/ca\/wp-json\/wp\/v2\/product"}],"about":[{"href":"https:\/\/crawl.es\/ca\/wp-json\/wp\/v2\/types\/product"}],"replies":[{"embeddable":true,"href":"https:\/\/crawl.es\/ca\/wp-json\/wp\/v2\/comments?post=14073"}],"wp:featuredmedia":[{"embeddable":true,"href":"https:\/\/crawl.es\/ca\/wp-json\/wp\/v2\/media\/4091"}],"wp:attachment":[{"href":"https:\/\/crawl.es\/ca\/wp-json\/wp\/v2\/media?parent=14073"}],"wp:term":[{"taxonomy":"product_cat","embeddable":true,"href":"https:\/\/crawl.es\/ca\/wp-json\/wp\/v2\/product_cat?post=14073"},{"taxonomy":"product_tag","embeddable":true,"href":"https:\/\/crawl.es\/ca\/wp-json\/wp\/v2\/product_tag?post=14073"}],"curies":[{"name":"wp","href":"https:\/\/api.w.org\/{rel}","templated":true}]}}