{"id":14074,"date":"2021-05-18T15:32:08","date_gmt":"2021-05-18T15:32:08","guid":{"rendered":"https:\/\/crawl.es\/producto\/clau-swim-and-enjoy-crawl\/"},"modified":"2021-05-18T15:32:08","modified_gmt":"2021-05-18T15:32:08","slug":"clau-swim-and-enjoy-crawl","status":"publish","type":"product","link":"https:\/\/crawl.es\/ca\/producto\/clau-swim-and-enjoy-crawl\/","title":{"rendered":"Clau &#8220;Swim and Enjoy&#8221; | CRAWL"},"content":{"rendered":"<p>Clauers Turbo &#8211; Un Toc Divertit per als Amants de l&#8217;Aigua<\/p>\n<p>Descobreix la nostra col\u00b7lecci\u00f3 de clauers Turbo, dissenyats especialment per als aficionats a la nataci\u00f3, el waterpolo i la nataci\u00f3 sincronitzada. Aquests clauers s\u00f3n l&#8217;accessori perfecte per donar-li un toc \u00fanic i divertit a la motxilla, bossa esportiva o claus.<\/p>\n<p>\u00a0<\/p>\n<p>Caracter\u00edstiques Principals:<\/p>\n<p>&#8211; Dissenys Tem\u00e0tics: Inspirats en diferents disciplines aqu\u00e0tiques, els nostres clauers Turbo s\u00f3n ideals per als amants de la nataci\u00f3, el waterpolo i la nataci\u00f3 sincronitzada.<\/p>\n<p>&#8211; Colorits i Atractius: Disponibles en una varietat de colors i formes cridaneres que capturen l&#8217;ess\u00e8ncia de cada esport aqu\u00e0tic.<\/p>\n<p>&#8211; Materials d&#8217;alta qualitat: Fabricats amb materials duradors i resistents a l&#8217;aigua, garantint una llarga vida \u00fatil fins i tot en condicions humides.<\/p>\n<p>&#8211; Mida Compacte: Perfectes per penjar a motxilles, bosses d&#8217;esport o clauers, afegint un toc de personalitat sense ocupar gaire espai.<\/p>\n<p>&#8211; F\u00e0cils de fer servir: Equipats amb anelles de metall robustes que asseguren un f\u00e0cil acc\u00e9s i comoditat.<\/p>\n<p>\u00a0<\/p>\n<p>Beneficis per als Usuaris:<\/p>\n<p>&#8211; Identificaci\u00f3 F\u00e0cil: Ajuda a identificar r\u00e0pidament la teva motxilla o bossa esportiva en esdeveniments i entrenaments.<\/p>\n<p>&#8211; Un Toc Personalitzat: Afegeix un toc del teu esport preferit al teu equip diari.<\/p>\n<p>&#8211; Regal Perfecte: Ideal per regalar a nens i adolescents apassionats pels esports aqu\u00e0tics.<\/p>\n<p>\u00a0<\/p>\n<p>\u00das Recomanat:<\/p>\n<p>Els clauers Turbo s\u00f3n perfectes per a nens i adults que volen portar un trosset de la seva passi\u00f3 aqu\u00e0tica a tot arreu. Ja sigui per a l&#8217;escola, l&#8217;entrenament o \u00fas diari, aquests clauers divertits i funcionals s\u00f3n un accessori imprescindible per a qualsevol amant de l&#8217;aigua.<\/p>\n","protected":false},"excerpt":{"rendered":"<p>Compra la Clau &#8220;Swim and Enjoy&#8221; 98172 a CRAWL. Clau amb disseny tem\u00e0tic de nataci\u00f3, ideal per a nedadors i amants de l&#8217;aigua.<\/p>\n","protected":false},"featured_media":4079,"comment_status":"open","ping_status":"closed","template":"","meta":[],"product_cat":[134],"product_tag":[],"brands":[{"id":22,"name":"Turbo","slug":"turbo"}],"_links":{"self":[{"href":"https:\/\/crawl.es\/ca\/wp-json\/wp\/v2\/product\/14074"}],"collection":[{"href":"https:\/\/crawl.es\/ca\/wp-json\/wp\/v2\/product"}],"about":[{"href":"https:\/\/crawl.es\/ca\/wp-json\/wp\/v2\/types\/product"}],"replies":[{"embeddable":true,"href":"https:\/\/crawl.es\/ca\/wp-json\/wp\/v2\/comments?post=14074"}],"wp:featuredmedia":[{"embeddable":true,"href":"https:\/\/crawl.es\/ca\/wp-json\/wp\/v2\/media\/4079"}],"wp:attachment":[{"href":"https:\/\/crawl.es\/ca\/wp-json\/wp\/v2\/media?parent=14074"}],"wp:term":[{"taxonomy":"product_cat","embeddable":true,"href":"https:\/\/crawl.es\/ca\/wp-json\/wp\/v2\/product_cat?post=14074"},{"taxonomy":"product_tag","embeddable":true,"href":"https:\/\/crawl.es\/ca\/wp-json\/wp\/v2\/product_tag?post=14074"}],"curies":[{"name":"wp","href":"https:\/\/api.w.org\/{rel}","templated":true}]}}