{"id":14082,"date":"2021-05-18T15:08:45","date_gmt":"2021-05-18T15:08:45","guid":{"rendered":"https:\/\/crawl.es\/producto\/pilota-waterpolo-kap7-len-pink-dona-ref-98149-crawl\/"},"modified":"2021-05-18T15:08:45","modified_gmt":"2021-05-18T15:08:45","slug":"pilota-waterpolo-kap7-len-pink-dona-ref-98149-crawl","status":"publish","type":"product","link":"https:\/\/crawl.es\/ca\/producto\/pilota-waterpolo-kap7-len-pink-dona-ref-98149-crawl\/","title":{"rendered":"Pilota Waterpolo KAP7 LEN Pink Dona REF: 98149 | CRAWL"},"content":{"rendered":"<p>La Pilota Waterpolo KAP7 LEN Pink Dona 98149 est\u00e0 especialment dissenyada per a la pr\u00e0ctica del waterpolo. La seva superf\u00edcie molt adherent \u00e9s perfecta per a entrenaments i partits, garantint un millor grip i control. Fabricada amb el millor cautx\u00fa del mercat i equipada amb una v\u00e0lvula d&#8217;aire especial, aquesta pilota \u00e9s considerada de la m\u00e9s alta qualitat al m\u00f3n del waterpolo.<\/p>\n<p>\u00a0<\/p>\n<p>Caracter\u00edstiques destacables:<\/p>\n<p>&#8211; Mesures oficials.<\/p>\n<p>&#8211; Aprovada per la FINA.<\/p>\n<p>&#8211; Subjecta a un control de qualitat estricte.<\/p>\n<p>&#8211; Producte ideal per a partits professionals.<\/p>\n<p>\u00a0<\/p>\n<p>\u00das recomanat:<\/p>\n<p>Recomanem fer servir aquesta pilota en entrenaments i partits de waterpolo, tant a nivell professional com en competicions. La seva grip super adherent millora la sensibilitat i el contacte amb la pilota, afavorint una millor subjecci\u00f3 i rendiment al joc. \u00c9s la pilota triada per grans competicions i les millors lligues del m\u00f3n.<\/p>\n<p>\u00a0<\/p>\n<p>No perdis l&#8217;oportunitat d&#8217;adquirir la pilota Waterpolo KAP7 LEN Pink Dona 98149 de CRAWL. Compra ara i porta el teu joc de waterpolo al seg\u00fcent nivell!<\/p>\n","protected":false},"excerpt":{"rendered":"<p>Compra la Pilota Waterpolo KAP7 LEN Pink Dona 98149 a CRAWL. Ideal per a entrenaments i partits, amb grip super adherent i aprovada per la FINA.<\/p>\n","protected":false},"featured_media":4054,"comment_status":"open","ping_status":"closed","template":"","meta":[],"product_cat":[134,141],"product_tag":[],"brands":[{"id":22,"name":"Turbo","slug":"turbo"}],"_links":{"self":[{"href":"https:\/\/crawl.es\/ca\/wp-json\/wp\/v2\/product\/14082"}],"collection":[{"href":"https:\/\/crawl.es\/ca\/wp-json\/wp\/v2\/product"}],"about":[{"href":"https:\/\/crawl.es\/ca\/wp-json\/wp\/v2\/types\/product"}],"replies":[{"embeddable":true,"href":"https:\/\/crawl.es\/ca\/wp-json\/wp\/v2\/comments?post=14082"}],"wp:featuredmedia":[{"embeddable":true,"href":"https:\/\/crawl.es\/ca\/wp-json\/wp\/v2\/media\/4054"}],"wp:attachment":[{"href":"https:\/\/crawl.es\/ca\/wp-json\/wp\/v2\/media?parent=14082"}],"wp:term":[{"taxonomy":"product_cat","embeddable":true,"href":"https:\/\/crawl.es\/ca\/wp-json\/wp\/v2\/product_cat?post=14082"},{"taxonomy":"product_tag","embeddable":true,"href":"https:\/\/crawl.es\/ca\/wp-json\/wp\/v2\/product_tag?post=14082"}],"curies":[{"name":"wp","href":"https:\/\/api.w.org\/{rel}","templated":true}]}}