{"id":14095,"date":"2021-05-13T17:39:32","date_gmt":"2021-05-13T17:39:32","guid":{"rendered":"https:\/\/crawl.es\/producto\/gorro-lycra-llis-goma-ample-crawl\/"},"modified":"2021-05-13T17:39:32","modified_gmt":"2021-05-13T17:39:32","slug":"gorro-lycra-llis-goma-ample-crawl","status":"publish","type":"product","link":"https:\/\/crawl.es\/ca\/producto\/gorro-lycra-llis-goma-ample-crawl\/","title":{"rendered":"Gorro Lycra Llis Goma Ample | CRAWL"},"content":{"rendered":"<p>Aquest gorro Turbo est\u00e0 compost per poli\u00e8ster o lycra (segons descripci\u00f3 de producte). \u00c9s un producte molt el\u00e0stic i amb un tacte molt agradable i suau. \u00c9s una opci\u00f3 perfecta per a qui busqui una bona adher\u00e8ncia per\u00f2 sense una excessiva pressi\u00f3 al cap. Protegeix el cuir cabellut dels agents qu\u00edmics del clor de les piscines. Els estampats s\u00f3n resistents al clor, raigs UV i l&#8217;aigua del mar.<\/p>\n<p>\u00a0<\/p>\n<p>\u00a0<\/p>\n<p>\u00a0<\/p>\n<p>Caracter\u00edstiques destacables:<\/p>\n<p>100% Poli\u00e8ster\/Lycra\/Latex (segons model).<\/p>\n<p>Perfecte per a piscina coberta i descoberta.<\/p>\n<p>El\u00e0stic per a un ajustament segur i adaptable.<\/p>\n<p>Tall ergon\u00f2mic especial per al cap.<\/p>\n<p>M\u00e0xima adher\u00e8ncia.<\/p>\n<p>\u00a0<\/p>\n<p>\u00das recomanat: Perfecte per a la pr\u00e0ctica de la nataci\u00f3. Pensat per a \u00fas diari en entrenaments o altres esports aqu\u00e0tics recreacionals. No \u00e9s recomanable per a \u00fas en competicions o esdeveniments esportius professionals.<\/p>\n","protected":false},"excerpt":{"rendered":"<p>Compra el Gorro Lycra Llis Goma Ampla a CRAWL. Suau i el\u00e0stic, perfecte per a piscina coberta i descoberta.<\/p>\n","protected":false},"featured_media":3703,"comment_status":"open","ping_status":"closed","template":"","meta":[],"product_cat":[136,134],"product_tag":[],"brands":[{"id":22,"name":"Turbo","slug":"turbo"}],"_links":{"self":[{"href":"https:\/\/crawl.es\/ca\/wp-json\/wp\/v2\/product\/14095"}],"collection":[{"href":"https:\/\/crawl.es\/ca\/wp-json\/wp\/v2\/product"}],"about":[{"href":"https:\/\/crawl.es\/ca\/wp-json\/wp\/v2\/types\/product"}],"replies":[{"embeddable":true,"href":"https:\/\/crawl.es\/ca\/wp-json\/wp\/v2\/comments?post=14095"}],"wp:featuredmedia":[{"embeddable":true,"href":"https:\/\/crawl.es\/ca\/wp-json\/wp\/v2\/media\/3703"}],"wp:attachment":[{"href":"https:\/\/crawl.es\/ca\/wp-json\/wp\/v2\/media?parent=14095"}],"wp:term":[{"taxonomy":"product_cat","embeddable":true,"href":"https:\/\/crawl.es\/ca\/wp-json\/wp\/v2\/product_cat?post=14095"},{"taxonomy":"product_tag","embeddable":true,"href":"https:\/\/crawl.es\/ca\/wp-json\/wp\/v2\/product_tag?post=14095"}],"curies":[{"name":"wp","href":"https:\/\/api.w.org\/{rel}","templated":true}]}}