{"id":14107,"date":"2021-04-22T16:19:04","date_gmt":"2021-04-22T16:19:04","guid":{"rendered":"https:\/\/crawl.es\/producto\/ulleres-zoggs-predator-polarized-negre-crawl\/"},"modified":"2021-04-22T16:19:04","modified_gmt":"2021-04-22T16:19:04","slug":"ulleres-zoggs-predator-polarized-negre-crawl","status":"publish","type":"product","link":"https:\/\/crawl.es\/ca\/producto\/ulleres-zoggs-predator-polarized-negre-crawl\/","title":{"rendered":"Ulleres Zoggs Predator Polarized Negre | CRAWL"},"content":{"rendered":"<p>Caracter\u00edstiques destacables:<\/p>\n<p>&#8211; Lents polaritzades per a una millor visi\u00f3 i contorns clars.<\/p>\n<p>&#8211; Sistema d&#8217;ajust per politja que garanteix una distribuci\u00f3 uniforme de la pressi\u00f3 per a m\u00e9s comoditat.<\/p>\n<p>&#8211; Juntes Ultra-Fit patentades que redueixen la pressi\u00f3 a la conca de l&#8217;ull i tenen un pes redu\u00eft.<\/p>\n<p>&#8211; M\u00e0xima protecci\u00f3 UV que bloqueja el 100% dels nocius raigs UVA i UVB.<\/p>\n<p>&#8211; Tecnologia de Lents Corbades (CLT\u2122) que proporciona un camp de visi\u00f3 perif\u00e8rica de 180\u00b0.<\/p>\n<p>&#8211; Revestiment antibaf Fogbuster\u2122 per a una visi\u00f3 clara.<\/p>\n<p>\u00a0<\/p>\n<p>Composici\u00f3 del material:<\/p>\n<p>\u2013 Materials d&#8217;alta qualitat: Garanteixen durabilitat i rendiment.<\/p>\n<p>\u00a0<\/p>\n<p>\u00das recomanat:<\/p>\n<p>Aquestes ulleres s\u00f3n perfectes per a qualsevol nedador que busqui rendiment i confort, tant en entrenaments diaris com en competicions. Asseguren una visi\u00f3 clara i c\u00f2moda, permetent concentrar-se a cada bra\u00e7ada.<\/p>\n<p>\u00a0<\/p>\n<p>No perdis l&#8217;oportunitat de millorar la teva experi\u00e8ncia a l&#8217;aigua amb les Ulleres Zoggs Predator Polarized Negre de CRAWL. Compra ara i gaudeix d\u00b4una nataci\u00f3 superior!<\/p>\n","protected":false},"excerpt":{"rendered":"<p>Compra les Ulleres Zoggs Predator Polarized Negre a CRAWL. Lents polaritzades, m\u00e0xima protecci\u00f3 UV i tecnologia de lents corbades. Ideal per a aig\u00fces obertes.<\/p>\n","protected":false},"featured_media":2860,"comment_status":"open","ping_status":"closed","template":"","meta":[],"product_cat":[134,135],"product_tag":[],"brands":[{"id":24,"name":"Zoggs","slug":"zoggs"}],"_links":{"self":[{"href":"https:\/\/crawl.es\/ca\/wp-json\/wp\/v2\/product\/14107"}],"collection":[{"href":"https:\/\/crawl.es\/ca\/wp-json\/wp\/v2\/product"}],"about":[{"href":"https:\/\/crawl.es\/ca\/wp-json\/wp\/v2\/types\/product"}],"replies":[{"embeddable":true,"href":"https:\/\/crawl.es\/ca\/wp-json\/wp\/v2\/comments?post=14107"}],"wp:featuredmedia":[{"embeddable":true,"href":"https:\/\/crawl.es\/ca\/wp-json\/wp\/v2\/media\/2860"}],"wp:attachment":[{"href":"https:\/\/crawl.es\/ca\/wp-json\/wp\/v2\/media?parent=14107"}],"wp:term":[{"taxonomy":"product_cat","embeddable":true,"href":"https:\/\/crawl.es\/ca\/wp-json\/wp\/v2\/product_cat?post=14107"},{"taxonomy":"product_tag","embeddable":true,"href":"https:\/\/crawl.es\/ca\/wp-json\/wp\/v2\/product_tag?post=14107"}],"curies":[{"name":"wp","href":"https:\/\/api.w.org\/{rel}","templated":true}]}}