{"id":14111,"date":"2021-02-12T10:01:52","date_gmt":"2021-02-12T10:01:52","guid":{"rendered":"https:\/\/crawl.es\/producto\/gorro-silicona-llis-suede-crawl\/"},"modified":"2021-02-12T10:01:52","modified_gmt":"2021-02-12T10:01:52","slug":"gorro-silicona-llis-suede-crawl","status":"publish","type":"product","link":"https:\/\/crawl.es\/ca\/producto\/gorro-silicona-llis-suede-crawl\/","title":{"rendered":"Gorro Silicona Llis Suede | CRAWL"},"content":{"rendered":"<p>Descobreix el Gorro Silicona Llis Suede de Turbo, compost per la millor silicona del mercat. Aquesta gorra \u00e9s un producte el\u00e0stic, amb tacte suau i gran extensibilitat, assegurant una bona subjecci\u00f3 i comoditat. Els seus estampats s\u00f3n resistents al clor, raigs UV i aigua del mar, garantint durabilitat i estil a qualsevol entorn aqu\u00e0tic.<\/p>\n<p>\u00a0<\/p>\n<p>Caracter\u00edstiques destacables:<\/p>\n<p>&#8211; Silicona 100%: Material premium que garanteix durabilitat.<\/p>\n<p>&#8211; Perfecte per a piscina coberta i descoberta: Versatilitat total.<\/p>\n<p>&#8211; El\u00e0stic: Ajust segur i adaptable a qualsevol mida de cap.<\/p>\n<p>&#8211; Forma aerodin\u00e0mica: Millora el teu rendiment a l&#8217;aigua.<\/p>\n<p>&#8211; F\u00e0cil de posar i treure: Per a m\u00e9s comoditat i practicitat.<\/p>\n<p>\u00a0<\/p>\n<p>**\u00das recomanat**:<\/p>\n<p>Aquesta gorra \u00e9s perfecta per a la pr\u00e0ctica di\u00e0ria de la nataci\u00f3, tant en entrenaments com en competicions. La seva alta resist\u00e8ncia i flexibilitat en fan un accessori indispensable per a qualsevol nedador, assegurant confort i efic\u00e0cia a cada bra\u00e7ada.<\/p>\n<p>\u00a0<\/p>\n<p>No deixis passar l&#8217;oportunitat de millorar el teu rendiment amb el Gorro Silicona Llis Suede de CRAWL. Compra ara i gaudeix d\u00b4una nataci\u00f3 superior!<\/p>\n","protected":false},"excerpt":{"rendered":"<p>Compra el Gorro Silicona Llis Suede a CRAWL. Resistent al clor i UV, perfecte per a entrenaments i competicions.<\/p>\n","protected":false},"featured_media":2673,"comment_status":"open","ping_status":"closed","template":"","meta":[],"product_cat":[138,134],"product_tag":[],"brands":[{"id":22,"name":"Turbo","slug":"turbo"}],"_links":{"self":[{"href":"https:\/\/crawl.es\/ca\/wp-json\/wp\/v2\/product\/14111"}],"collection":[{"href":"https:\/\/crawl.es\/ca\/wp-json\/wp\/v2\/product"}],"about":[{"href":"https:\/\/crawl.es\/ca\/wp-json\/wp\/v2\/types\/product"}],"replies":[{"embeddable":true,"href":"https:\/\/crawl.es\/ca\/wp-json\/wp\/v2\/comments?post=14111"}],"wp:featuredmedia":[{"embeddable":true,"href":"https:\/\/crawl.es\/ca\/wp-json\/wp\/v2\/media\/2673"}],"wp:attachment":[{"href":"https:\/\/crawl.es\/ca\/wp-json\/wp\/v2\/media?parent=14111"}],"wp:term":[{"taxonomy":"product_cat","embeddable":true,"href":"https:\/\/crawl.es\/ca\/wp-json\/wp\/v2\/product_cat?post=14111"},{"taxonomy":"product_tag","embeddable":true,"href":"https:\/\/crawl.es\/ca\/wp-json\/wp\/v2\/product_tag?post=14111"}],"curies":[{"name":"wp","href":"https:\/\/api.w.org\/{rel}","templated":true}]}}