{"id":14122,"date":"2025-07-11T16:58:31","date_gmt":"2021-02-11T16:58:31","guid":{"rendered":"https:\/\/crawl.es\/producto\/ulleres-silicona-grenoble-metal-turbo-crawl\/"},"modified":"2021-02-11T16:58:31","modified_gmt":"2021-02-11T16:58:31","slug":"ulleres-silicona-grenoble-metal-turbo-crawl","status":"publish","type":"product","link":"https:\/\/crawl.es\/ca\/producto\/ulleres-silicona-grenoble-metal-turbo-crawl\/","title":{"rendered":"Ulleres Silicona Grenoble Metal Turbo | CRAWL"},"content":{"rendered":"<p>Les ulleres de nataci\u00f3 Silicona Grenoble Metall estan dissenyades per oferir una experi\u00e8ncia de nataci\u00f3 c\u00f2moda i segura. Amb lents de policarbonat, juntes de TPE i tirants de 100% silicona, aquestes ulleres proporcionen un ajustament perfecte i durador.<\/p>\n<p>\u00a0<\/p>\n<p>Caracter\u00edstiques destacables:<\/p>\n<p>Lents de policarbonat: Resist\u00e8ncia i claredat \u00f2ptima.<\/p>\n<p>Juntes de TPE: Ajust segur i c\u00f2mode.<\/p>\n<p>Tirants de 100% silicona: Comoditat i durabilitat.<\/p>\n<p>\u00a0<\/p>\n<p>\u00das recomanat: Aquestes ulleres s\u00f3n ideals per a nedadors de totes les edats i nivells dhabilitat. Perfectes tant per a entrenaments diaris com per a competicions, asseguren una visi\u00f3 clara i c\u00f2moda, permetent concentrar-se a cada bra\u00e7ada. No perdis l&#8217;oportunitat de millorar la teva experi\u00e8ncia a l&#8217;aigua amb les Ulleres Silicona Grenoble Metall de CRAWL. Compra ara i gaudeix d\u00b4una nataci\u00f3 superior!<\/p>\n","protected":false},"excerpt":{"rendered":"<p>Compra les Ulleres Silicona Grenoble Metal Turbo a CRAWL. Lents de policarbonat, ajustament segur i c\u00f2mode.<\/p>\n","protected":false},"featured_media":2586,"comment_status":"open","ping_status":"closed","template":"","meta":[],"product_cat":[134,135],"product_tag":[],"brands":[{"id":22,"name":"Turbo","slug":"turbo"}],"_links":{"self":[{"href":"https:\/\/crawl.es\/ca\/wp-json\/wp\/v2\/product\/14122"}],"collection":[{"href":"https:\/\/crawl.es\/ca\/wp-json\/wp\/v2\/product"}],"about":[{"href":"https:\/\/crawl.es\/ca\/wp-json\/wp\/v2\/types\/product"}],"replies":[{"embeddable":true,"href":"https:\/\/crawl.es\/ca\/wp-json\/wp\/v2\/comments?post=14122"}],"wp:featuredmedia":[{"embeddable":true,"href":"https:\/\/crawl.es\/ca\/wp-json\/wp\/v2\/media\/2586"}],"wp:attachment":[{"href":"https:\/\/crawl.es\/ca\/wp-json\/wp\/v2\/media?parent=14122"}],"wp:term":[{"taxonomy":"product_cat","embeddable":true,"href":"https:\/\/crawl.es\/ca\/wp-json\/wp\/v2\/product_cat?post=14122"},{"taxonomy":"product_tag","embeddable":true,"href":"https:\/\/crawl.es\/ca\/wp-json\/wp\/v2\/product_tag?post=14122"}],"curies":[{"name":"wp","href":"https:\/\/api.w.org\/{rel}","templated":true}]}}