{"id":14125,"date":"2021-02-11T10:46:48","date_gmt":"2021-02-11T10:46:48","guid":{"rendered":"https:\/\/crawl.es\/producto\/pull-boy-aquarapid-crawl\/"},"modified":"2021-02-11T10:46:48","modified_gmt":"2021-02-11T10:46:48","slug":"pull-boy-aquarapid-crawl","status":"publish","type":"product","link":"https:\/\/crawl.es\/ca\/producto\/pull-boy-aquarapid-crawl\/","title":{"rendered":"Pull Boy Aquarapid | CRAWL"},"content":{"rendered":"<p>El Pull Boy Aquarapid est\u00e0 dissenyat amb una escuma especial que proporciona flotabilitat i suport durant els teus entrenaments de nataci\u00f3. Aquest pull buoy \u00e9s perfecte per millorar la t\u00e8cnica de les bra\u00e7ades i enfortir la part superior del cos, permetent centrar-te en l&#8217;entrenament de bra\u00e7os i espatlles sense preocupar-te per l&#8217;alineaci\u00f3 corporal.<\/p>\n<p>\u00a0<\/p>\n<p>Caracter\u00edstiques destacables:<\/p>\n<p>Escuma especial Pullbuoy.<\/p>\n<p>Flotabilitat \u00f2ptima per a entrenaments efica\u00e7os.<\/p>\n<p>Millora la t\u00e8cnica de bra\u00e7ada i enforteix la part superior del cos.<\/p>\n<p>Ideal tant per a nedadors principiants com avan\u00e7ats.<\/p>\n<p>\u00a0<\/p>\n<p>\u00das recomanat:<\/p>\n<p>Recomanat per a entrenaments espec\u00edfics de nataci\u00f3, el Pull Boy Aquarapid \u00e9s ideal per millorar la t\u00e8cnica de les bra\u00e7ades i augmentar la for\u00e7a de la part superior del cos. Perfecte tant per a entrenaments en piscina coberta com descoberta, aquest pull buoy \u00e9s una eina essencial per a qualsevol nedador que busqui perfeccionar la seva t\u00e8cnica i rendiment a l&#8217;aigua.<\/p>\n","protected":false},"excerpt":{"rendered":"<p>Compra el Pull Boy Aquarapid a CRAWL. Fabricat amb escuma especial per millorar la teva t\u00e8cnica de nataci\u00f3.<\/p>\n","protected":false},"featured_media":0,"comment_status":"open","ping_status":"closed","template":"","meta":[],"product_cat":[134,139],"product_tag":[],"brands":[{"id":199,"name":"Aquarapid","slug":"aquarapid"}],"_links":{"self":[{"href":"https:\/\/crawl.es\/ca\/wp-json\/wp\/v2\/product\/14125"}],"collection":[{"href":"https:\/\/crawl.es\/ca\/wp-json\/wp\/v2\/product"}],"about":[{"href":"https:\/\/crawl.es\/ca\/wp-json\/wp\/v2\/types\/product"}],"replies":[{"embeddable":true,"href":"https:\/\/crawl.es\/ca\/wp-json\/wp\/v2\/comments?post=14125"}],"wp:attachment":[{"href":"https:\/\/crawl.es\/ca\/wp-json\/wp\/v2\/media?parent=14125"}],"wp:term":[{"taxonomy":"product_cat","embeddable":true,"href":"https:\/\/crawl.es\/ca\/wp-json\/wp\/v2\/product_cat?post=14125"},{"taxonomy":"product_tag","embeddable":true,"href":"https:\/\/crawl.es\/ca\/wp-json\/wp\/v2\/product_tag?post=14125"}],"curies":[{"name":"wp","href":"https:\/\/api.w.org\/{rel}","templated":true}]}}