{"id":14128,"date":"2021-02-10T11:57:12","date_gmt":"2021-02-10T11:57:12","guid":{"rendered":"https:\/\/crawl.es\/producto\/motxilla-turbo-draco-30-l-crawl\/"},"modified":"2021-02-10T11:57:12","modified_gmt":"2021-02-10T11:57:12","slug":"motxilla-turbo-draco-30-l-crawl","status":"publish","type":"product","link":"https:\/\/crawl.es\/ca\/producto\/motxilla-turbo-draco-30-l-crawl\/","title":{"rendered":"Motxilla Turbo DRACO (30 L) | CRAWL"},"content":{"rendered":"<p>La Mochila Turbo DRACO (30 L) \u00e9s la companya perfecta per als teus entrenaments i activitats di\u00e0ries. Fabricada amb 100% nil\u00f3, aquesta motxilla ofereix una durabilitat excepcional i resist\u00e8ncia al desgast. Amb una capacitat de 30 litres, \u00e9s ideal per portar tot all\u00f2 necessari per a la piscina, el gimn\u00e0s o qualsevol altra activitat esportiva.<\/p>\n<p>\u00a0<\/p>\n<p>Caracter\u00edstiques destacables:<\/p>\n<p>Capacitat de 30 litres.<\/p>\n<p>Fabricada amb 100% nil\u00f3.<\/p>\n<p>Disponible en colors blau, vermell i rosa.<\/p>\n<p>Disseny robust i resistent al desgast.<\/p>\n<p>Ampli compartiment principal i m\u00faltiples butxaques per a una millor organitzaci\u00f3.<\/p>\n<p>\u00a0<\/p>\n<p>\u00das recomanat: Perfecta per a nedadors, esportistes i qualsevol que necessiti una motxilla vers\u00e0til i resistent. La Mochila Turbo DRACO \u00e9s ideal per portar les teves pertinences al gimn\u00e0s, a la piscina o fins i tot per al seu \u00fas diari. El seu disseny ergon\u00f2mic assegura un ajustament c\u00f2mode i segur, permetent transportar les teves coses de manera eficient i c\u00f2moda. No perdis l&#8217;oportunitat d&#8217;adquirir una motxilla d&#8217;alta qualitat que t&#8217;acompanyar\u00e0 a totes les teves activitats!<\/p>\n","protected":false},"excerpt":{"rendered":"<p>Compra la Motxilla Turbo DRACO (30 L) 98022 a CRAWL. 100% nil\u00f3, disponible en colors blau, vermell i rosa. Refer\u00e8ncia: 98022.<\/p>\n","protected":false},"featured_media":15608,"comment_status":"open","ping_status":"closed","template":"","meta":[],"product_cat":[134,140],"product_tag":[],"brands":[{"id":22,"name":"Turbo","slug":"turbo"}],"_links":{"self":[{"href":"https:\/\/crawl.es\/ca\/wp-json\/wp\/v2\/product\/14128"}],"collection":[{"href":"https:\/\/crawl.es\/ca\/wp-json\/wp\/v2\/product"}],"about":[{"href":"https:\/\/crawl.es\/ca\/wp-json\/wp\/v2\/types\/product"}],"replies":[{"embeddable":true,"href":"https:\/\/crawl.es\/ca\/wp-json\/wp\/v2\/comments?post=14128"}],"wp:featuredmedia":[{"embeddable":true,"href":"https:\/\/crawl.es\/ca\/wp-json\/wp\/v2\/media\/15608"}],"wp:attachment":[{"href":"https:\/\/crawl.es\/ca\/wp-json\/wp\/v2\/media?parent=14128"}],"wp:term":[{"taxonomy":"product_cat","embeddable":true,"href":"https:\/\/crawl.es\/ca\/wp-json\/wp\/v2\/product_cat?post=14128"},{"taxonomy":"product_tag","embeddable":true,"href":"https:\/\/crawl.es\/ca\/wp-json\/wp\/v2\/product_tag?post=14128"}],"curies":[{"name":"wp","href":"https:\/\/api.w.org\/{rel}","templated":true}]}}